{"id":781,"date":"2024-12-17T15:19:09","date_gmt":"2024-12-17T14:19:09","guid":{"rendered":"https:\/\/reliquo.com\/?post_type=product&#038;p=781"},"modified":"2025-12-18T15:43:31","modified_gmt":"2025-12-18T14:43:31","slug":"bayamore-rosso-di-rossi-frappato-merlot-syrah-firriato-winery-2022","status":"publish","type":"product","link":"https:\/\/reliquo.com\/de\/bayamore-rosso-di-rossi-frappato-merlot-syrah-firriato-winery-2022\/","title":{"rendered":"Bayamore Rosso di Rossi Frappato Merlot Syrah - Firriato Weingut 2022"},"content":{"rendered":"<p>Aus der eleganten Mischung von leicht \u00fcberreifen Merlot-, Syrah- und Frappato-Trauben, die in den H\u00fcgeln von Baglio Sor\u00eca eine neue Heimat der Exzellenz gefunden haben, entsteht der Bayamore Rosso di Rossi. Dieser Wein zeichnet sich durch die organoleptischen Eigenschaften aus, die den Trauben dank der Sonneneinstrahlung und der Temperaturschwankungen, die auf diesen H\u00fcgeln dazu beitragen, den Trauben jene unverwechselbaren sensorischen Besonderheiten einzupr\u00e4gen, die im Glas zum Ausdruck kommen. Der Bajamore ist ein Geschenk dieser herrlichen, sonnenverw\u00f6hnten Natur. Seine intensive Farbe sticht dem Auge ins Auge, w\u00e4hrend in der Nase die Noten reifer roter Beeren hervorstechen, und am Gaumen schlie\u00dflich zeichnet sich sein langsamer frischer Einschnitt durch eine dichte Konzentration wichtiger und eleganter Tannine aus. Er ist der ideale Rotwein f\u00fcr junge Weinliebhaber, die einen eleganten und doch entschlossenen Ansatz f\u00fcr den Beginn einer sensorischen Erfahrung in der magischen Welt des Bacchus suchen.<\/p>","protected":false},"excerpt":{"rendered":"<p>Dall\u2019unione elegante di uve leggermente surmature di Merlot, Syrah e Frappato, che fra le colline di Baglio Sor\u00eca hanno trovato [&hellip;]<\/p>\n","protected":false},"featured_media":363,"template":"","meta":{"site-sidebar-layout":"","site-content-layout":"","ast-site-content-layout":"","site-content-style":"","site-sidebar-style":"","ast-global-header-display":"","ast-banner-title-visibility":"","ast-main-header-display":"","ast-hfb-above-header-display":"","ast-hfb-below-header-display":"","ast-hfb-mobile-header-display":"","site-post-title":"","ast-breadcrumbs-content":"","ast-featured-img":"","footer-sml-layout":"","ast-disable-related-posts":"","theme-transparent-header-meta":"","adv-header-id-meta":"","stick-header-meta":"","header-above-stick-meta":"","header-main-stick-meta":"","header-below-stick-meta":"","astra-migrate-meta-layouts":"","ast-page-background-enabled":"default","ast-page-background-meta":{"desktop":{"background-color":"var(--ast-global-color-4)","background-image":"","background-repeat":"repeat","background-position":"center center","background-size":"auto","background-attachment":"scroll","background-type":"","background-media":"","overlay-type":"","overlay-color":"","overlay-opacity":"","overlay-gradient":""},"tablet":{"background-color":"","background-image":"","background-repeat":"repeat","background-position":"center center","background-size":"auto","background-attachment":"scroll","background-type":"","background-media":"","overlay-type":"","overlay-color":"","overlay-opacity":"","overlay-gradient":""},"mobile":{"background-color":"","background-image":"","background-repeat":"repeat","background-position":"center center","background-size":"auto","background-attachment":"scroll","background-type":"","background-media":"","overlay-type":"","overlay-color":"","overlay-opacity":"","overlay-gradient":""}},"ast-content-background-meta":{"desktop":{"background-color":"var(--ast-global-color-5)","background-image":"","background-repeat":"repeat","background-position":"center center","background-size":"auto","background-attachment":"scroll","background-type":"","background-media":"","overlay-type":"","overlay-color":"","overlay-opacity":"","overlay-gradient":""},"tablet":{"background-color":"var(--ast-global-color-5)","background-image":"","background-repeat":"repeat","background-position":"center center","background-size":"auto","background-attachment":"scroll","background-type":"","background-media":"","overlay-type":"","overlay-color":"","overlay-opacity":"","overlay-gradient":""},"mobile":{"background-color":"var(--ast-global-color-5)","background-image":"","background-repeat":"repeat","background-position":"center center","background-size":"auto","background-attachment":"scroll","background-type":"","background-media":"","overlay-type":"","overlay-color":"","overlay-opacity":"","overlay-gradient":""}}},"pwb-brand":[706],"product_brand":[],"product_cat":[299],"product_tag":[474,466,484,449,448,452,442],"class_list":{"0":"post-781","1":"product","2":"type-product","3":"status-publish","4":"has-post-thumbnail","6":"pwb-brand-firriato-winery","7":"product_cat-rossi","8":"product_tag-bayamore","9":"product_tag-firriato","10":"product_tag-frappato","11":"product_tag-merlot","12":"product_tag-rosso","13":"product_tag-syrah","14":"product_tag-vino","15":"desktop-align-center","16":"tablet-align-center","17":"mobile-align-center","18":"ast-product-gallery-layout-horizontal-slider","19":"ast-product-gallery-with-no-image","20":"ast-magnify-disabled","21":"ast-product-tabs-layout-horizontal","22":"ast-qv-on-image","24":"first","25":"instock","26":"shipping-taxable","27":"purchasable","28":"product-type-simple"},"yoast_head":"<!-- This site is optimized with the Yoast SEO plugin v27.4 - https:\/\/yoast.com\/product\/yoast-seo-wordpress\/ -->\n<title>Bayamore Rosso di Rossi Frappato Merlot Syrah - Firriato Winery 2022 | Acquista Online su Reliquo<\/title>\n<meta name=\"description\" content=\"Scopri Bayamore Rosso di Rossi Frappato Merlot Syrah - Firriato Winery 2022 su Reliquo: qualit\u00e0 garantita, spedizioni rapide e prezzi competitivi. Ordina ora e approfitta delle nostre offerte esclusive.\" \/>\n<meta name=\"robots\" content=\"index, follow, max-snippet:-1, max-image-preview:large, max-video-preview:-1\" \/>\n<link rel=\"canonical\" href=\"http:\/\/reliquo.com\/de\/bayamore-rosso-di-rossi-frappato-merlot-syrah-firriato-winery-2022\/\" \/>\n<meta property=\"og:locale\" content=\"de_DE\" \/>\n<meta property=\"og:type\" content=\"article\" \/>\n<meta property=\"og:title\" content=\"Bayamore Rosso di Rossi Frappato Merlot Syrah - Firriato Winery 2022 | Acquista Online su Reliquo\" \/>\n<meta property=\"og:description\" content=\"Scopri Bayamore Rosso di Rossi Frappato Merlot Syrah - Firriato Winery 2022 su Reliquo: qualit\u00e0 garantita, spedizioni rapide e prezzi competitivi. Ordina ora e approfitta delle nostre offerte esclusive.\" \/>\n<meta property=\"og:url\" content=\"http:\/\/reliquo.com\/de\/bayamore-rosso-di-rossi-frappato-merlot-syrah-firriato-winery-2022\/\" \/>\n<meta property=\"og:site_name\" content=\"Reliquo\" \/>\n<meta property=\"article:modified_time\" content=\"2025-12-18T14:43:31+00:00\" \/>\n<meta property=\"og:image\" content=\"https:\/\/reliquo.com\/wp-content\/uploads\/2024\/12\/Firriato-Bayamore-Rosso-di-Rossi.png\" \/>\n\t<meta property=\"og:image:width\" content=\"3024\" \/>\n\t<meta property=\"og:image:height\" content=\"3024\" \/>\n\t<meta property=\"og:image:type\" content=\"image\/png\" \/>\n<meta name=\"twitter:card\" content=\"summary_large_image\" \/>\n<meta name=\"twitter:label1\" content=\"Gesch\u00e4tzte Lesezeit\" \/>\n\t<meta name=\"twitter:data1\" content=\"1\u00a0Minute\" \/>\n<script type=\"application\/ld+json\" class=\"yoast-schema-graph\">{\"@context\":\"https:\\\/\\\/schema.org\",\"@graph\":[{\"@type\":\"WebPage\",\"@id\":\"http:\\\/\\\/reliquo.com\\\/it\\\/bayamore-rosso-di-rossi-frappato-merlot-syrah-firriato-winery-2022\\\/\",\"url\":\"http:\\\/\\\/reliquo.com\\\/it\\\/bayamore-rosso-di-rossi-frappato-merlot-syrah-firriato-winery-2022\\\/\",\"name\":\"Bayamore Rosso di Rossi Frappato Merlot Syrah - Firriato Winery 2022 | Acquista Online su Reliquo\",\"isPartOf\":{\"@id\":\"https:\\\/\\\/reliquo.com\\\/es\\\/#website\"},\"primaryImageOfPage\":{\"@id\":\"http:\\\/\\\/reliquo.com\\\/it\\\/bayamore-rosso-di-rossi-frappato-merlot-syrah-firriato-winery-2022\\\/#primaryimage\"},\"image\":{\"@id\":\"http:\\\/\\\/reliquo.com\\\/it\\\/bayamore-rosso-di-rossi-frappato-merlot-syrah-firriato-winery-2022\\\/#primaryimage\"},\"thumbnailUrl\":\"https:\\\/\\\/reliquo.com\\\/wp-content\\\/uploads\\\/2024\\\/12\\\/Firriato-Bayamore-Rosso-di-Rossi.png\",\"datePublished\":\"2024-12-17T14:19:09+00:00\",\"dateModified\":\"2025-12-18T14:43:31+00:00\",\"description\":\"Scopri Bayamore Rosso di Rossi Frappato Merlot Syrah - Firriato Winery 2022 su Reliquo: qualit\u00e0 garantita, spedizioni rapide e prezzi competitivi. Ordina ora e approfitta delle nostre offerte esclusive.\",\"breadcrumb\":{\"@id\":\"http:\\\/\\\/reliquo.com\\\/it\\\/bayamore-rosso-di-rossi-frappato-merlot-syrah-firriato-winery-2022\\\/#breadcrumb\"},\"inLanguage\":\"de\",\"potentialAction\":[{\"@type\":\"ReadAction\",\"target\":[\"http:\\\/\\\/reliquo.com\\\/it\\\/bayamore-rosso-di-rossi-frappato-merlot-syrah-firriato-winery-2022\\\/\"]}]},{\"@type\":\"ImageObject\",\"inLanguage\":\"de\",\"@id\":\"http:\\\/\\\/reliquo.com\\\/it\\\/bayamore-rosso-di-rossi-frappato-merlot-syrah-firriato-winery-2022\\\/#primaryimage\",\"url\":\"https:\\\/\\\/reliquo.com\\\/wp-content\\\/uploads\\\/2024\\\/12\\\/Firriato-Bayamore-Rosso-di-Rossi.png\",\"contentUrl\":\"https:\\\/\\\/reliquo.com\\\/wp-content\\\/uploads\\\/2024\\\/12\\\/Firriato-Bayamore-Rosso-di-Rossi.png\",\"width\":3024,\"height\":3024,\"caption\":\"Bayamore Rosso di Rossi Frappato Merlot Syrah \u2013 Firriato Winery 2022\"},{\"@type\":\"BreadcrumbList\",\"@id\":\"http:\\\/\\\/reliquo.com\\\/it\\\/bayamore-rosso-di-rossi-frappato-merlot-syrah-firriato-winery-2022\\\/#breadcrumb\",\"itemListElement\":[{\"@type\":\"ListItem\",\"position\":1,\"name\":\"Home\",\"item\":\"http:\\\/\\\/reliquo.com\\\/it\\\/\"},{\"@type\":\"ListItem\",\"position\":2,\"name\":\"Shop\",\"item\":\"http:\\\/\\\/reliquo.com\\\/it\\\/shop\\\/\"},{\"@type\":\"ListItem\",\"position\":3,\"name\":\"Bayamore Rosso di Rossi Frappato Merlot Syrah &#8211; Firriato Winery 2022\"}]},{\"@type\":\"WebSite\",\"@id\":\"https:\\\/\\\/reliquo.com\\\/es\\\/#website\",\"url\":\"https:\\\/\\\/reliquo.com\\\/es\\\/\",\"name\":\"Reliquo\",\"description\":\"La tua enoteca online: scopri vini, liquori e distillati d\u2019eccellenza.\",\"publisher\":{\"@id\":\"https:\\\/\\\/reliquo.com\\\/es\\\/#organization\"},\"potentialAction\":[{\"@type\":\"SearchAction\",\"target\":{\"@type\":\"EntryPoint\",\"urlTemplate\":\"https:\\\/\\\/reliquo.com\\\/es\\\/?s={search_term_string}\"},\"query-input\":{\"@type\":\"PropertyValueSpecification\",\"valueRequired\":true,\"valueName\":\"search_term_string\"}}],\"inLanguage\":\"de\"},{\"@type\":\"Organization\",\"@id\":\"https:\\\/\\\/reliquo.com\\\/es\\\/#organization\",\"name\":\"Reliquo\",\"url\":\"https:\\\/\\\/reliquo.com\\\/es\\\/\",\"logo\":{\"@type\":\"ImageObject\",\"inLanguage\":\"de\",\"@id\":\"https:\\\/\\\/reliquo.com\\\/es\\\/#\\\/schema\\\/logo\\\/image\\\/\",\"url\":\"https:\\\/\\\/reliquo.com\\\/wp-content\\\/uploads\\\/2024\\\/12\\\/cropped-favicon-1.png\",\"contentUrl\":\"https:\\\/\\\/reliquo.com\\\/wp-content\\\/uploads\\\/2024\\\/12\\\/cropped-favicon-1.png\",\"width\":512,\"height\":512,\"caption\":\"Reliquo\"},\"image\":{\"@id\":\"https:\\\/\\\/reliquo.com\\\/es\\\/#\\\/schema\\\/logo\\\/image\\\/\"}}]}<\/script>\n<!-- \/ Yoast SEO plugin. -->","yoast_head_json":{"title":"Bayamore Rosso di Rossi Frappato Merlot Syrah - Firriato Weingut 2022 | Online kaufen bei Reliquo","description":"Entdecken Sie Bayamore Rosso di Rossi Frappato Merlot Syrah - Firriato Winery 2022 bei Reliquo: garantierte Qualit\u00e4t, schnelle Lieferung und g\u00fcnstige Preise. Bestellen Sie jetzt und profitieren Sie von unseren exklusiven Angeboten.","robots":{"index":"index","follow":"follow","max-snippet":"max-snippet:-1","max-image-preview":"max-image-preview:large","max-video-preview":"max-video-preview:-1"},"canonical":"http:\/\/reliquo.com\/de\/bayamore-rosso-di-rossi-frappato-merlot-syrah-firriato-winery-2022\/","og_locale":"de_DE","og_type":"article","og_title":"Bayamore Rosso di Rossi Frappato Merlot Syrah - Firriato Winery 2022 | Acquista Online su Reliquo","og_description":"Scopri Bayamore Rosso di Rossi Frappato Merlot Syrah - Firriato Winery 2022 su Reliquo: qualit\u00e0 garantita, spedizioni rapide e prezzi competitivi. Ordina ora e approfitta delle nostre offerte esclusive.","og_url":"http:\/\/reliquo.com\/de\/bayamore-rosso-di-rossi-frappato-merlot-syrah-firriato-winery-2022\/","og_site_name":"Reliquo","article_modified_time":"2025-12-18T14:43:31+00:00","og_image":[{"width":3024,"height":3024,"url":"https:\/\/reliquo.com\/wp-content\/uploads\/2024\/12\/Firriato-Bayamore-Rosso-di-Rossi.png","type":"image\/png"}],"twitter_card":"summary_large_image","twitter_misc":{"Gesch\u00e4tzte Lesezeit":"1\u00a0Minute"},"schema":{"@context":"https:\/\/schema.org","@graph":[{"@type":"WebPage","@id":"http:\/\/reliquo.com\/it\/bayamore-rosso-di-rossi-frappato-merlot-syrah-firriato-winery-2022\/","url":"http:\/\/reliquo.com\/it\/bayamore-rosso-di-rossi-frappato-merlot-syrah-firriato-winery-2022\/","name":"Bayamore Rosso di Rossi Frappato Merlot Syrah - Firriato Weingut 2022 | Online kaufen bei Reliquo","isPartOf":{"@id":"https:\/\/reliquo.com\/es\/#website"},"primaryImageOfPage":{"@id":"http:\/\/reliquo.com\/it\/bayamore-rosso-di-rossi-frappato-merlot-syrah-firriato-winery-2022\/#primaryimage"},"image":{"@id":"http:\/\/reliquo.com\/it\/bayamore-rosso-di-rossi-frappato-merlot-syrah-firriato-winery-2022\/#primaryimage"},"thumbnailUrl":"https:\/\/reliquo.com\/wp-content\/uploads\/2024\/12\/Firriato-Bayamore-Rosso-di-Rossi.png","datePublished":"2024-12-17T14:19:09+00:00","dateModified":"2025-12-18T14:43:31+00:00","description":"Entdecken Sie Bayamore Rosso di Rossi Frappato Merlot Syrah - Firriato Winery 2022 bei Reliquo: garantierte Qualit\u00e4t, schnelle Lieferung und g\u00fcnstige Preise. Bestellen Sie jetzt und profitieren Sie von unseren exklusiven Angeboten.","breadcrumb":{"@id":"http:\/\/reliquo.com\/it\/bayamore-rosso-di-rossi-frappato-merlot-syrah-firriato-winery-2022\/#breadcrumb"},"inLanguage":"de","potentialAction":[{"@type":"ReadAction","target":["http:\/\/reliquo.com\/it\/bayamore-rosso-di-rossi-frappato-merlot-syrah-firriato-winery-2022\/"]}]},{"@type":"ImageObject","inLanguage":"de","@id":"http:\/\/reliquo.com\/it\/bayamore-rosso-di-rossi-frappato-merlot-syrah-firriato-winery-2022\/#primaryimage","url":"https:\/\/reliquo.com\/wp-content\/uploads\/2024\/12\/Firriato-Bayamore-Rosso-di-Rossi.png","contentUrl":"https:\/\/reliquo.com\/wp-content\/uploads\/2024\/12\/Firriato-Bayamore-Rosso-di-Rossi.png","width":3024,"height":3024,"caption":"Bayamore Rosso di Rossi Frappato Merlot Syrah \u2013 Firriato Winery 2022"},{"@type":"BreadcrumbList","@id":"http:\/\/reliquo.com\/it\/bayamore-rosso-di-rossi-frappato-merlot-syrah-firriato-winery-2022\/#breadcrumb","itemListElement":[{"@type":"ListItem","position":1,"name":"Home","item":"http:\/\/reliquo.com\/it\/"},{"@type":"ListItem","position":2,"name":"Shop","item":"http:\/\/reliquo.com\/it\/shop\/"},{"@type":"ListItem","position":3,"name":"Bayamore Rosso di Rossi Frappato Merlot Syrah &#8211; Firriato Winery 2022"}]},{"@type":"WebSite","@id":"https:\/\/reliquo.com\/es\/#website","url":"https:\/\/reliquo.com\/es\/","name":"Reliquie","description":"Ihre Online-Weinhandlung: Entdecken Sie ausgezeichnete Weine, Spirituosen und Lik\u00f6re.","publisher":{"@id":"https:\/\/reliquo.com\/es\/#organization"},"potentialAction":[{"@type":"SearchAction","target":{"@type":"EntryPoint","urlTemplate":"https:\/\/reliquo.com\/es\/?s={search_term_string}"},"query-input":{"@type":"PropertyValueSpecification","valueRequired":true,"valueName":"search_term_string"}}],"inLanguage":"de"},{"@type":"Organization","@id":"https:\/\/reliquo.com\/es\/#organization","name":"Reliquie","url":"https:\/\/reliquo.com\/es\/","logo":{"@type":"ImageObject","inLanguage":"de","@id":"https:\/\/reliquo.com\/es\/#\/schema\/logo\/image\/","url":"https:\/\/reliquo.com\/wp-content\/uploads\/2024\/12\/cropped-favicon-1.png","contentUrl":"https:\/\/reliquo.com\/wp-content\/uploads\/2024\/12\/cropped-favicon-1.png","width":512,"height":512,"caption":"Reliquo"},"image":{"@id":"https:\/\/reliquo.com\/es\/#\/schema\/logo\/image\/"}}]}},"jetpack_sharing_enabled":true,"brands":[{"id":706,"name":"Weingut Firriato","slug":"weinkellerei-firriato"}],"_links":{"self":[{"href":"https:\/\/reliquo.com\/de\/wp-json\/wp\/v2\/product\/781","targetHints":{"allow":["GET"]}}],"collection":[{"href":"https:\/\/reliquo.com\/de\/wp-json\/wp\/v2\/product"}],"about":[{"href":"https:\/\/reliquo.com\/de\/wp-json\/wp\/v2\/types\/product"}],"wp:featuredmedia":[{"embeddable":true,"href":"https:\/\/reliquo.com\/de\/wp-json\/wp\/v2\/media\/363"}],"wp:attachment":[{"href":"https:\/\/reliquo.com\/de\/wp-json\/wp\/v2\/media?parent=781"}],"wp:term":[{"taxonomy":"pwb-brand","embeddable":true,"href":"https:\/\/reliquo.com\/de\/wp-json\/wp\/v2\/pwb-brand?post=781"},{"taxonomy":"product_brand","embeddable":true,"href":"https:\/\/reliquo.com\/de\/wp-json\/wp\/v2\/product_brand?post=781"},{"taxonomy":"product_cat","embeddable":true,"href":"https:\/\/reliquo.com\/de\/wp-json\/wp\/v2\/product_cat?post=781"},{"taxonomy":"product_tag","embeddable":true,"href":"https:\/\/reliquo.com\/de\/wp-json\/wp\/v2\/product_tag?post=781"}],"curies":[{"name":"wp","href":"https:\/\/api.w.org\/{rel}","templated":true}]}}