{"id":769,"date":"2024-12-17T15:19:08","date_gmt":"2024-12-17T14:19:08","guid":{"rendered":"https:\/\/reliquo.com\/?post_type=product&#038;p=769"},"modified":"2026-04-20T17:55:44","modified_gmt":"2026-04-20T15:55:44","slug":"quattro-borghi-grillo-2024-cantina-cellaro","status":"publish","type":"product","link":"https:\/\/reliquo.com\/de\/quattro-borghi-grillo-2024-cantina-cellaro\/","title":{"rendered":"Quattro Borghi Grillo - Weinkellerei Cellaro"},"content":{"rendered":"<p>Die Weinberge der Kellerei Cellaro liegen auf H\u00e4ngen in einer H\u00f6he von 300 bis 600 Metern \u00fcber dem Meeresspiegel im Gebiet von Sambuca di Sicilia, in der Provinz Agrigento. Die Nerello Mascalese-Trauben, die f\u00fcr die Herstellung des Quattro Borghi di Cellaro verwendet werden, werden durch die besonderen Eigenschaften des Terroirs bereichert, das besonders geeignet ist, die nat\u00fcrlichen Eigenschaften der Sorte hervorzuheben. Die Winzer der Kellerei wenden Anbau- und Produktionsmethoden an, die die Natur und die Umgebung respektieren.<\/p>","protected":false},"excerpt":{"rendered":"<p>I vigneti di propriet\u00e0 della cantina Cellaro si adagiano su pendii collocati a un\u2019altitudine che varia dai 300 ai 600 [&hellip;]<\/p>\n","protected":false},"featured_media":291,"template":"","meta":{"site-sidebar-layout":"default","site-content-layout":"","ast-site-content-layout":"default","site-content-style":"default","site-sidebar-style":"default","ast-global-header-display":"","ast-banner-title-visibility":"","ast-main-header-display":"","ast-hfb-above-header-display":"","ast-hfb-below-header-display":"","ast-hfb-mobile-header-display":"","site-post-title":"","ast-breadcrumbs-content":"","ast-featured-img":"","footer-sml-layout":"","ast-disable-related-posts":"","theme-transparent-header-meta":"default","adv-header-id-meta":"","stick-header-meta":"default","header-above-stick-meta":"","header-main-stick-meta":"","header-below-stick-meta":"","astra-migrate-meta-layouts":"set","ast-page-background-enabled":"default","ast-page-background-meta":{"desktop":{"background-color":"var(--ast-global-color-4)","background-image":"","background-repeat":"repeat","background-position":"center center","background-size":"auto","background-attachment":"scroll","background-type":"","background-media":"","overlay-type":"","overlay-color":"","overlay-opacity":"","overlay-gradient":""},"tablet":{"background-color":"","background-image":"","background-repeat":"repeat","background-position":"center center","background-size":"auto","background-attachment":"scroll","background-type":"","background-media":"","overlay-type":"","overlay-color":"","overlay-opacity":"","overlay-gradient":""},"mobile":{"background-color":"","background-image":"","background-repeat":"repeat","background-position":"center center","background-size":"auto","background-attachment":"scroll","background-type":"","background-media":"","overlay-type":"","overlay-color":"","overlay-opacity":"","overlay-gradient":""}},"ast-content-background-meta":{"desktop":{"background-color":"var(--ast-global-color-5)","background-image":"","background-repeat":"repeat","background-position":"center center","background-size":"auto","background-attachment":"scroll","background-type":"","background-media":"","overlay-type":"","overlay-color":"","overlay-opacity":"","overlay-gradient":""},"tablet":{"background-color":"var(--ast-global-color-5)","background-image":"","background-repeat":"repeat","background-position":"center center","background-size":"auto","background-attachment":"scroll","background-type":"","background-media":"","overlay-type":"","overlay-color":"","overlay-opacity":"","overlay-gradient":""},"mobile":{"background-color":"var(--ast-global-color-5)","background-image":"","background-repeat":"repeat","background-position":"center center","background-size":"auto","background-attachment":"scroll","background-type":"","background-media":"","overlay-type":"","overlay-color":"","overlay-opacity":"","overlay-gradient":""}}},"pwb-brand":[685],"product_brand":[],"product_cat":[298],"product_tag":[443,423,462,497,442],"class_list":{"0":"post-769","1":"product","2":"type-product","3":"status-publish","4":"has-post-thumbnail","6":"pwb-brand-cantina-cellaro","7":"product_cat-bianchi","8":"product_tag-bianco","9":"product_tag-cellaro","10":"product_tag-grillo","11":"product_tag-quattro-borghi","12":"product_tag-vino","13":"desktop-align-center","14":"tablet-align-center","15":"mobile-align-center","16":"ast-product-gallery-layout-horizontal-slider","17":"ast-product-gallery-with-no-image","18":"ast-magnify-disabled","19":"ast-product-tabs-layout-horizontal","20":"ast-qv-on-image","22":"first","23":"instock","24":"sale","25":"shipping-taxable","26":"purchasable","27":"product-type-simple"},"yoast_head":"<!-- This site is optimized with the Yoast SEO plugin v27.2 - https:\/\/yoast.com\/product\/yoast-seo-wordpress\/ -->\n<title>Quattro Borghi Grillo - Cantina Cellaro | Acquista Online su Reliquo<\/title>\n<meta name=\"description\" content=\"Scopri Quattro Borghi Grillo - Cantina Cellaro su Reliquo: qualit\u00e0 garantita, spedizioni rapide e prezzi competitivi. Ordina ora e approfitta delle nostre offerte esclusive.\" \/>\n<meta name=\"robots\" content=\"index, follow, max-snippet:-1, max-image-preview:large, max-video-preview:-1\" \/>\n<link rel=\"canonical\" href=\"http:\/\/reliquo.com\/de\/quattro-borghi-grillo-2024-cantina-cellaro\/\" \/>\n<meta property=\"og:locale\" content=\"de_DE\" \/>\n<meta property=\"og:type\" content=\"article\" \/>\n<meta property=\"og:title\" content=\"Quattro Borghi Grillo - Cantina Cellaro | Acquista Online su Reliquo\" \/>\n<meta property=\"og:description\" content=\"Scopri Quattro Borghi Grillo - Cantina Cellaro su Reliquo: qualit\u00e0 garantita, spedizioni rapide e prezzi competitivi. Ordina ora e approfitta delle nostre offerte esclusive.\" \/>\n<meta property=\"og:url\" content=\"http:\/\/reliquo.com\/de\/quattro-borghi-grillo-2024-cantina-cellaro\/\" \/>\n<meta property=\"og:site_name\" content=\"Reliquo\" \/>\n<meta property=\"article:modified_time\" content=\"2026-04-20T15:55:44+00:00\" \/>\n<meta property=\"og:image\" content=\"https:\/\/reliquo.com\/wp-content\/uploads\/2024\/12\/Cellaro-Quattro-Borghi-Grillo.png\" \/>\n\t<meta property=\"og:image:width\" content=\"2500\" \/>\n\t<meta property=\"og:image:height\" content=\"2500\" \/>\n\t<meta property=\"og:image:type\" content=\"image\/png\" \/>\n<meta name=\"twitter:card\" content=\"summary_large_image\" \/>\n<meta name=\"twitter:label1\" content=\"Gesch\u00e4tzte Lesezeit\" \/>\n\t<meta name=\"twitter:data1\" content=\"1\u00a0Minute\" \/>\n<script type=\"application\/ld+json\" class=\"yoast-schema-graph\">{\"@context\":\"https:\/\/schema.org\",\"@graph\":[{\"@type\":\"WebPage\",\"@id\":\"http:\/\/reliquo.com\/it\/quattro-borghi-grillo-2024-cantina-cellaro\/\",\"url\":\"http:\/\/reliquo.com\/it\/quattro-borghi-grillo-2024-cantina-cellaro\/\",\"name\":\"Quattro Borghi Grillo - Cantina Cellaro | Acquista Online su Reliquo\",\"isPartOf\":{\"@id\":\"https:\/\/reliquo.com\/es\/#website\"},\"primaryImageOfPage\":{\"@id\":\"http:\/\/reliquo.com\/it\/quattro-borghi-grillo-2024-cantina-cellaro\/#primaryimage\"},\"image\":{\"@id\":\"http:\/\/reliquo.com\/it\/quattro-borghi-grillo-2024-cantina-cellaro\/#primaryimage\"},\"thumbnailUrl\":\"https:\/\/reliquo.com\/wp-content\/uploads\/2024\/12\/Cellaro-Quattro-Borghi-Grillo.png\",\"datePublished\":\"2024-12-17T14:19:08+00:00\",\"dateModified\":\"2026-04-20T15:55:44+00:00\",\"description\":\"Scopri Quattro Borghi Grillo - Cantina Cellaro su Reliquo: qualit\u00e0 garantita, spedizioni rapide e prezzi competitivi. Ordina ora e approfitta delle nostre offerte esclusive.\",\"breadcrumb\":{\"@id\":\"http:\/\/reliquo.com\/it\/quattro-borghi-grillo-2024-cantina-cellaro\/#breadcrumb\"},\"inLanguage\":\"de\",\"potentialAction\":[{\"@type\":\"ReadAction\",\"target\":[\"http:\/\/reliquo.com\/it\/quattro-borghi-grillo-2024-cantina-cellaro\/\"]}]},{\"@type\":\"ImageObject\",\"inLanguage\":\"de\",\"@id\":\"http:\/\/reliquo.com\/it\/quattro-borghi-grillo-2024-cantina-cellaro\/#primaryimage\",\"url\":\"https:\/\/reliquo.com\/wp-content\/uploads\/2024\/12\/Cellaro-Quattro-Borghi-Grillo.png\",\"contentUrl\":\"https:\/\/reliquo.com\/wp-content\/uploads\/2024\/12\/Cellaro-Quattro-Borghi-Grillo.png\",\"width\":2500,\"height\":2500,\"caption\":\"Quattro Borghi Grillo \u2013 Cantina Cellaro\"},{\"@type\":\"BreadcrumbList\",\"@id\":\"http:\/\/reliquo.com\/it\/quattro-borghi-grillo-2024-cantina-cellaro\/#breadcrumb\",\"itemListElement\":[{\"@type\":\"ListItem\",\"position\":1,\"name\":\"Home\",\"item\":\"http:\/\/reliquo.com\/it\/\"},{\"@type\":\"ListItem\",\"position\":2,\"name\":\"Shop\",\"item\":\"http:\/\/reliquo.com\/it\/shop\/\"},{\"@type\":\"ListItem\",\"position\":3,\"name\":\"Quattro Borghi Grillo &#8211; Cantina Cellaro\"}]},{\"@type\":\"WebSite\",\"@id\":\"https:\/\/reliquo.com\/es\/#website\",\"url\":\"https:\/\/reliquo.com\/es\/\",\"name\":\"Reliquo\",\"description\":\"La tua enoteca online: scopri vini, liquori e distillati d\u2019eccellenza.\",\"publisher\":{\"@id\":\"https:\/\/reliquo.com\/es\/#organization\"},\"potentialAction\":[{\"@type\":\"SearchAction\",\"target\":{\"@type\":\"EntryPoint\",\"urlTemplate\":\"https:\/\/reliquo.com\/es\/?s={search_term_string}\"},\"query-input\":{\"@type\":\"PropertyValueSpecification\",\"valueRequired\":true,\"valueName\":\"search_term_string\"}}],\"inLanguage\":\"de\"},{\"@type\":\"Organization\",\"@id\":\"https:\/\/reliquo.com\/es\/#organization\",\"name\":\"Reliquo\",\"url\":\"https:\/\/reliquo.com\/es\/\",\"logo\":{\"@type\":\"ImageObject\",\"inLanguage\":\"de\",\"@id\":\"https:\/\/reliquo.com\/es\/#\/schema\/logo\/image\/\",\"url\":\"https:\/\/reliquo.com\/wp-content\/uploads\/2024\/12\/cropped-favicon-1.png\",\"contentUrl\":\"https:\/\/reliquo.com\/wp-content\/uploads\/2024\/12\/cropped-favicon-1.png\",\"width\":512,\"height\":512,\"caption\":\"Reliquo\"},\"image\":{\"@id\":\"https:\/\/reliquo.com\/es\/#\/schema\/logo\/image\/\"}}]}<\/script>\n<!-- \/ Yoast SEO plugin. -->","yoast_head_json":{"title":"Quattro Borghi Grillo - Cantina Cellaro | Online kaufen bei Reliquo","description":"Entdecken Sie Quattro Borghi Grillo - Cantina Cellaro bei Reliquo: garantierte Qualit\u00e4t, schneller Versand und g\u00fcnstige Preise. Bestellen Sie jetzt und profitieren Sie von unseren exklusiven Angeboten.","robots":{"index":"index","follow":"follow","max-snippet":"max-snippet:-1","max-image-preview":"max-image-preview:large","max-video-preview":"max-video-preview:-1"},"canonical":"http:\/\/reliquo.com\/de\/quattro-borghi-grillo-2024-cantina-cellaro\/","og_locale":"de_DE","og_type":"article","og_title":"Quattro Borghi Grillo - Cantina Cellaro | Acquista Online su Reliquo","og_description":"Scopri Quattro Borghi Grillo - Cantina Cellaro su Reliquo: qualit\u00e0 garantita, spedizioni rapide e prezzi competitivi. Ordina ora e approfitta delle nostre offerte esclusive.","og_url":"http:\/\/reliquo.com\/de\/quattro-borghi-grillo-2024-cantina-cellaro\/","og_site_name":"Reliquo","article_modified_time":"2026-04-20T15:55:44+00:00","og_image":[{"width":2500,"height":2500,"url":"https:\/\/reliquo.com\/wp-content\/uploads\/2024\/12\/Cellaro-Quattro-Borghi-Grillo.png","type":"image\/png"}],"twitter_card":"summary_large_image","twitter_misc":{"Gesch\u00e4tzte Lesezeit":"1\u00a0Minute"},"schema":{"@context":"https:\/\/schema.org","@graph":[{"@type":"WebPage","@id":"http:\/\/reliquo.com\/it\/quattro-borghi-grillo-2024-cantina-cellaro\/","url":"http:\/\/reliquo.com\/it\/quattro-borghi-grillo-2024-cantina-cellaro\/","name":"Quattro Borghi Grillo - Cantina Cellaro | Online kaufen bei Reliquo","isPartOf":{"@id":"https:\/\/reliquo.com\/es\/#website"},"primaryImageOfPage":{"@id":"http:\/\/reliquo.com\/it\/quattro-borghi-grillo-2024-cantina-cellaro\/#primaryimage"},"image":{"@id":"http:\/\/reliquo.com\/it\/quattro-borghi-grillo-2024-cantina-cellaro\/#primaryimage"},"thumbnailUrl":"https:\/\/reliquo.com\/wp-content\/uploads\/2024\/12\/Cellaro-Quattro-Borghi-Grillo.png","datePublished":"2024-12-17T14:19:08+00:00","dateModified":"2026-04-20T15:55:44+00:00","description":"Entdecken Sie Quattro Borghi Grillo - Cantina Cellaro bei Reliquo: garantierte Qualit\u00e4t, schneller Versand und g\u00fcnstige Preise. Bestellen Sie jetzt und profitieren Sie von unseren exklusiven Angeboten.","breadcrumb":{"@id":"http:\/\/reliquo.com\/it\/quattro-borghi-grillo-2024-cantina-cellaro\/#breadcrumb"},"inLanguage":"de","potentialAction":[{"@type":"ReadAction","target":["http:\/\/reliquo.com\/it\/quattro-borghi-grillo-2024-cantina-cellaro\/"]}]},{"@type":"ImageObject","inLanguage":"de","@id":"http:\/\/reliquo.com\/it\/quattro-borghi-grillo-2024-cantina-cellaro\/#primaryimage","url":"https:\/\/reliquo.com\/wp-content\/uploads\/2024\/12\/Cellaro-Quattro-Borghi-Grillo.png","contentUrl":"https:\/\/reliquo.com\/wp-content\/uploads\/2024\/12\/Cellaro-Quattro-Borghi-Grillo.png","width":2500,"height":2500,"caption":"Quattro Borghi Grillo \u2013 Cantina Cellaro"},{"@type":"BreadcrumbList","@id":"http:\/\/reliquo.com\/it\/quattro-borghi-grillo-2024-cantina-cellaro\/#breadcrumb","itemListElement":[{"@type":"ListItem","position":1,"name":"Home","item":"http:\/\/reliquo.com\/it\/"},{"@type":"ListItem","position":2,"name":"Shop","item":"http:\/\/reliquo.com\/it\/shop\/"},{"@type":"ListItem","position":3,"name":"Quattro Borghi Grillo &#8211; Cantina Cellaro"}]},{"@type":"WebSite","@id":"https:\/\/reliquo.com\/es\/#website","url":"https:\/\/reliquo.com\/es\/","name":"Reliquie","description":"Ihre Online-Weinhandlung: Entdecken Sie ausgezeichnete Weine, Spirituosen und Lik\u00f6re.","publisher":{"@id":"https:\/\/reliquo.com\/es\/#organization"},"potentialAction":[{"@type":"SearchAction","target":{"@type":"EntryPoint","urlTemplate":"https:\/\/reliquo.com\/es\/?s={search_term_string}"},"query-input":{"@type":"PropertyValueSpecification","valueRequired":true,"valueName":"search_term_string"}}],"inLanguage":"de"},{"@type":"Organization","@id":"https:\/\/reliquo.com\/es\/#organization","name":"Reliquie","url":"https:\/\/reliquo.com\/es\/","logo":{"@type":"ImageObject","inLanguage":"de","@id":"https:\/\/reliquo.com\/es\/#\/schema\/logo\/image\/","url":"https:\/\/reliquo.com\/wp-content\/uploads\/2024\/12\/cropped-favicon-1.png","contentUrl":"https:\/\/reliquo.com\/wp-content\/uploads\/2024\/12\/cropped-favicon-1.png","width":512,"height":512,"caption":"Reliquo"},"image":{"@id":"https:\/\/reliquo.com\/es\/#\/schema\/logo\/image\/"}}]}},"jetpack_sharing_enabled":true,"brands":[{"id":685,"name":"Weinkeller Cellaro","slug":"weinkellerei"}],"_links":{"self":[{"href":"https:\/\/reliquo.com\/de\/wp-json\/wp\/v2\/product\/769","targetHints":{"allow":["GET"]}}],"collection":[{"href":"https:\/\/reliquo.com\/de\/wp-json\/wp\/v2\/product"}],"about":[{"href":"https:\/\/reliquo.com\/de\/wp-json\/wp\/v2\/types\/product"}],"wp:featuredmedia":[{"embeddable":true,"href":"https:\/\/reliquo.com\/de\/wp-json\/wp\/v2\/media\/291"}],"wp:attachment":[{"href":"https:\/\/reliquo.com\/de\/wp-json\/wp\/v2\/media?parent=769"}],"wp:term":[{"taxonomy":"pwb-brand","embeddable":true,"href":"https:\/\/reliquo.com\/de\/wp-json\/wp\/v2\/pwb-brand?post=769"},{"taxonomy":"product_brand","embeddable":true,"href":"https:\/\/reliquo.com\/de\/wp-json\/wp\/v2\/product_brand?post=769"},{"taxonomy":"product_cat","embeddable":true,"href":"https:\/\/reliquo.com\/de\/wp-json\/wp\/v2\/product_cat?post=769"},{"taxonomy":"product_tag","embeddable":true,"href":"https:\/\/reliquo.com\/de\/wp-json\/wp\/v2\/product_tag?post=769"}],"curies":[{"name":"wp","href":"https:\/\/api.w.org\/{rel}","templated":true}]}}