{"id":757,"date":"2024-12-17T15:19:05","date_gmt":"2024-12-17T14:19:05","guid":{"rendered":"https:\/\/reliquo.com\/?post_type=product&#038;p=757"},"modified":"2025-12-18T15:43:30","modified_gmt":"2025-12-18T14:43:30","slug":"perricone-guarnaccio-nachlass-regaleali-2020-dalmerita-tasche","status":"publish","type":"product","link":"https:\/\/reliquo.com\/de\/perricone-guarnaccio-tenuta-regaleali-2020-tasca-dalmerita\/","title":{"rendered":"Perricone \"Guarnaccio\" Tenuta Regaleali - Tasca d'Almerita"},"content":{"rendered":"<p>Der 1735 erstmals beschriebene Perricone - von den Winzern von Regaleali als \"Guarnaccio\" bezeichnet - wird seit 1959 auf dem Weingut angebaut. Aus dem historischen Weinberg San Lucio wurden durch eine Selektion neue Rebst\u00f6cke gez\u00fcchtet, aus denen dieser Wein stammt, der reich an Polyphenolen und w\u00fcrzigen Aromen ist, die Erinnerungen an eine alte \u00f6nologische Tradition wachrufen.<\/p>","protected":false},"excerpt":{"rendered":"<p>Descritto per la prima volta nel 1735, il Perricone \u2013 detto \u201cGuarnaccio\u201d dai vignerons di Regaleali \u2013 viene allevato in [&hellip;]<\/p>\n","protected":false},"featured_media":395,"template":"","meta":{"site-sidebar-layout":"","site-content-layout":"","ast-site-content-layout":"","site-content-style":"","site-sidebar-style":"","ast-global-header-display":"","ast-banner-title-visibility":"","ast-main-header-display":"","ast-hfb-above-header-display":"","ast-hfb-below-header-display":"","ast-hfb-mobile-header-display":"","site-post-title":"","ast-breadcrumbs-content":"","ast-featured-img":"","footer-sml-layout":"","ast-disable-related-posts":"","theme-transparent-header-meta":"","adv-header-id-meta":"","stick-header-meta":"","header-above-stick-meta":"","header-main-stick-meta":"","header-below-stick-meta":"","astra-migrate-meta-layouts":"","ast-page-background-enabled":"default","ast-page-background-meta":{"desktop":{"background-color":"var(--ast-global-color-4)","background-image":"","background-repeat":"repeat","background-position":"center center","background-size":"auto","background-attachment":"scroll","background-type":"","background-media":"","overlay-type":"","overlay-color":"","overlay-opacity":"","overlay-gradient":""},"tablet":{"background-color":"","background-image":"","background-repeat":"repeat","background-position":"center center","background-size":"auto","background-attachment":"scroll","background-type":"","background-media":"","overlay-type":"","overlay-color":"","overlay-opacity":"","overlay-gradient":""},"mobile":{"background-color":"","background-image":"","background-repeat":"repeat","background-position":"center center","background-size":"auto","background-attachment":"scroll","background-type":"","background-media":"","overlay-type":"","overlay-color":"","overlay-opacity":"","overlay-gradient":""}},"ast-content-background-meta":{"desktop":{"background-color":"var(--ast-global-color-5)","background-image":"","background-repeat":"repeat","background-position":"center center","background-size":"auto","background-attachment":"scroll","background-type":"","background-media":"","overlay-type":"","overlay-color":"","overlay-opacity":"","overlay-gradient":""},"tablet":{"background-color":"var(--ast-global-color-5)","background-image":"","background-repeat":"repeat","background-position":"center center","background-size":"auto","background-attachment":"scroll","background-type":"","background-media":"","overlay-type":"","overlay-color":"","overlay-opacity":"","overlay-gradient":""},"mobile":{"background-color":"var(--ast-global-color-5)","background-image":"","background-repeat":"repeat","background-position":"center center","background-size":"auto","background-attachment":"scroll","background-type":"","background-media":"","overlay-type":"","overlay-color":"","overlay-opacity":"","overlay-gradient":""}}},"pwb-brand":[734],"product_brand":[],"product_cat":[299],"product_tag":[494,451,491,448,492,442],"class_list":{"0":"post-757","1":"product","2":"type-product","3":"status-publish","4":"has-post-thumbnail","6":"pwb-brand-tasca-dalmerita","7":"product_cat-rossi","8":"product_tag-guarnaccio","9":"product_tag-perricone","10":"product_tag-regaleali","11":"product_tag-rosso","12":"product_tag-tasca-dalmerita","13":"product_tag-vino","14":"desktop-align-center","15":"tablet-align-center","16":"mobile-align-center","17":"ast-product-gallery-layout-horizontal-slider","18":"ast-product-gallery-with-no-image","19":"ast-magnify-disabled","20":"ast-product-tabs-layout-horizontal","21":"ast-qv-on-image","23":"first","24":"instock","25":"shipping-taxable","26":"purchasable","27":"product-type-simple"},"yoast_head":"<!-- This site is optimized with the Yoast SEO plugin v27.2 - https:\/\/yoast.com\/product\/yoast-seo-wordpress\/ -->\n<title>Perricone &#039;Guarnaccio&#039; Tenuta Regaleali - Tasca d&#039;Almerita | Acquista Online su Reliquo<\/title>\n<meta name=\"description\" content=\"Scopri Perricone &#039;Guarnaccio&#039; Tenuta Regaleali - Tasca d&#039;Almerita su Reliquo: qualit\u00e0 garantita, spedizioni rapide e prezzi competitivi. Ordina ora e approfitta delle nostre offerte esclusive.\" \/>\n<meta name=\"robots\" content=\"index, follow, max-snippet:-1, max-image-preview:large, max-video-preview:-1\" \/>\n<link rel=\"canonical\" href=\"http:\/\/reliquo.com\/de\/perricone-guarnaccio-nachlass-regaleali-2020-dalmerita-tasche\/\" \/>\n<meta property=\"og:locale\" content=\"de_DE\" \/>\n<meta property=\"og:type\" content=\"article\" \/>\n<meta property=\"og:title\" content=\"Perricone &#039;Guarnaccio&#039; Tenuta Regaleali - Tasca d&#039;Almerita | Acquista Online su Reliquo\" \/>\n<meta property=\"og:description\" content=\"Scopri Perricone &#039;Guarnaccio&#039; Tenuta Regaleali - Tasca d&#039;Almerita su Reliquo: qualit\u00e0 garantita, spedizioni rapide e prezzi competitivi. Ordina ora e approfitta delle nostre offerte esclusive.\" \/>\n<meta property=\"og:url\" content=\"http:\/\/reliquo.com\/de\/perricone-guarnaccio-nachlass-regaleali-2020-dalmerita-tasche\/\" \/>\n<meta property=\"og:site_name\" content=\"Reliquo\" \/>\n<meta property=\"article:modified_time\" content=\"2025-12-18T14:43:30+00:00\" \/>\n<meta property=\"og:image\" content=\"https:\/\/reliquo.com\/wp-content\/uploads\/2024\/12\/Perricone-Guarnaccio.png\" \/>\n\t<meta property=\"og:image:width\" content=\"2500\" \/>\n\t<meta property=\"og:image:height\" content=\"2500\" \/>\n\t<meta property=\"og:image:type\" content=\"image\/png\" \/>\n<meta name=\"twitter:card\" content=\"summary_large_image\" \/>\n<script type=\"application\/ld+json\" class=\"yoast-schema-graph\">{\"@context\":\"https:\/\/schema.org\",\"@graph\":[{\"@type\":\"WebPage\",\"@id\":\"http:\/\/reliquo.com\/it\/perricone-guarnaccio-tenuta-regaleali-2020-tasca-dalmerita\/\",\"url\":\"http:\/\/reliquo.com\/it\/perricone-guarnaccio-tenuta-regaleali-2020-tasca-dalmerita\/\",\"name\":\"Perricone 'Guarnaccio' Tenuta Regaleali - Tasca d'Almerita | Acquista Online su Reliquo\",\"isPartOf\":{\"@id\":\"https:\/\/reliquo.com\/es\/#website\"},\"primaryImageOfPage\":{\"@id\":\"http:\/\/reliquo.com\/it\/perricone-guarnaccio-tenuta-regaleali-2020-tasca-dalmerita\/#primaryimage\"},\"image\":{\"@id\":\"http:\/\/reliquo.com\/it\/perricone-guarnaccio-tenuta-regaleali-2020-tasca-dalmerita\/#primaryimage\"},\"thumbnailUrl\":\"https:\/\/reliquo.com\/wp-content\/uploads\/2024\/12\/Perricone-Guarnaccio.png\",\"datePublished\":\"2024-12-17T14:19:05+00:00\",\"dateModified\":\"2025-12-18T14:43:30+00:00\",\"description\":\"Scopri Perricone 'Guarnaccio' Tenuta Regaleali - Tasca d'Almerita su Reliquo: qualit\u00e0 garantita, spedizioni rapide e prezzi competitivi. Ordina ora e approfitta delle nostre offerte esclusive.\",\"breadcrumb\":{\"@id\":\"http:\/\/reliquo.com\/it\/perricone-guarnaccio-tenuta-regaleali-2020-tasca-dalmerita\/#breadcrumb\"},\"inLanguage\":\"de\",\"potentialAction\":[{\"@type\":\"ReadAction\",\"target\":[\"http:\/\/reliquo.com\/it\/perricone-guarnaccio-tenuta-regaleali-2020-tasca-dalmerita\/\"]}]},{\"@type\":\"ImageObject\",\"inLanguage\":\"de\",\"@id\":\"http:\/\/reliquo.com\/it\/perricone-guarnaccio-tenuta-regaleali-2020-tasca-dalmerita\/#primaryimage\",\"url\":\"https:\/\/reliquo.com\/wp-content\/uploads\/2024\/12\/Perricone-Guarnaccio.png\",\"contentUrl\":\"https:\/\/reliquo.com\/wp-content\/uploads\/2024\/12\/Perricone-Guarnaccio.png\",\"width\":2500,\"height\":2500,\"caption\":\"Perricone \u2018Guarnaccio\u2019 Tenuta Regaleali \u2013 Tasca d\u2019Almerita\"},{\"@type\":\"BreadcrumbList\",\"@id\":\"http:\/\/reliquo.com\/it\/perricone-guarnaccio-tenuta-regaleali-2020-tasca-dalmerita\/#breadcrumb\",\"itemListElement\":[{\"@type\":\"ListItem\",\"position\":1,\"name\":\"Home\",\"item\":\"http:\/\/reliquo.com\/it\/\"},{\"@type\":\"ListItem\",\"position\":2,\"name\":\"Shop\",\"item\":\"http:\/\/reliquo.com\/it\/shop\/\"},{\"@type\":\"ListItem\",\"position\":3,\"name\":\"Perricone &#8216;Guarnaccio&#8217; Tenuta Regaleali &#8211; Tasca d&#8217;Almerita\"}]},{\"@type\":\"WebSite\",\"@id\":\"https:\/\/reliquo.com\/es\/#website\",\"url\":\"https:\/\/reliquo.com\/es\/\",\"name\":\"Reliquo\",\"description\":\"La tua enoteca online: scopri vini, liquori e distillati d\u2019eccellenza.\",\"publisher\":{\"@id\":\"https:\/\/reliquo.com\/es\/#organization\"},\"potentialAction\":[{\"@type\":\"SearchAction\",\"target\":{\"@type\":\"EntryPoint\",\"urlTemplate\":\"https:\/\/reliquo.com\/es\/?s={search_term_string}\"},\"query-input\":{\"@type\":\"PropertyValueSpecification\",\"valueRequired\":true,\"valueName\":\"search_term_string\"}}],\"inLanguage\":\"de\"},{\"@type\":\"Organization\",\"@id\":\"https:\/\/reliquo.com\/es\/#organization\",\"name\":\"Reliquo\",\"url\":\"https:\/\/reliquo.com\/es\/\",\"logo\":{\"@type\":\"ImageObject\",\"inLanguage\":\"de\",\"@id\":\"https:\/\/reliquo.com\/es\/#\/schema\/logo\/image\/\",\"url\":\"https:\/\/reliquo.com\/wp-content\/uploads\/2024\/12\/cropped-favicon-1.png\",\"contentUrl\":\"https:\/\/reliquo.com\/wp-content\/uploads\/2024\/12\/cropped-favicon-1.png\",\"width\":512,\"height\":512,\"caption\":\"Reliquo\"},\"image\":{\"@id\":\"https:\/\/reliquo.com\/es\/#\/schema\/logo\/image\/\"}}]}<\/script>\n<!-- \/ Yoast SEO plugin. -->","yoast_head_json":{"title":"Perricone 'Guarnaccio' Tenuta Regaleali - Tasca d'Almerita | Online kaufen bei Reliquo","description":"Entdecken Sie Perricone 'Guarnaccio' Tenuta Regaleali - Tasca d'Almerita bei Reliquo: garantierte Qualit\u00e4t, schneller Versand und g\u00fcnstige Preise. Bestellen Sie jetzt und profitieren Sie von unseren exklusiven Angeboten.","robots":{"index":"index","follow":"follow","max-snippet":"max-snippet:-1","max-image-preview":"max-image-preview:large","max-video-preview":"max-video-preview:-1"},"canonical":"http:\/\/reliquo.com\/de\/perricone-guarnaccio-nachlass-regaleali-2020-dalmerita-tasche\/","og_locale":"de_DE","og_type":"article","og_title":"Perricone 'Guarnaccio' Tenuta Regaleali - Tasca d'Almerita | Acquista Online su Reliquo","og_description":"Scopri Perricone 'Guarnaccio' Tenuta Regaleali - Tasca d'Almerita su Reliquo: qualit\u00e0 garantita, spedizioni rapide e prezzi competitivi. Ordina ora e approfitta delle nostre offerte esclusive.","og_url":"http:\/\/reliquo.com\/de\/perricone-guarnaccio-nachlass-regaleali-2020-dalmerita-tasche\/","og_site_name":"Reliquo","article_modified_time":"2025-12-18T14:43:30+00:00","og_image":[{"width":2500,"height":2500,"url":"https:\/\/reliquo.com\/wp-content\/uploads\/2024\/12\/Perricone-Guarnaccio.png","type":"image\/png"}],"twitter_card":"summary_large_image","schema":{"@context":"https:\/\/schema.org","@graph":[{"@type":"WebPage","@id":"http:\/\/reliquo.com\/it\/perricone-guarnaccio-tenuta-regaleali-2020-tasca-dalmerita\/","url":"http:\/\/reliquo.com\/it\/perricone-guarnaccio-tenuta-regaleali-2020-tasca-dalmerita\/","name":"Perricone 'Guarnaccio' Tenuta Regaleali - Tasca d'Almerita | Online kaufen bei Reliquo","isPartOf":{"@id":"https:\/\/reliquo.com\/es\/#website"},"primaryImageOfPage":{"@id":"http:\/\/reliquo.com\/it\/perricone-guarnaccio-tenuta-regaleali-2020-tasca-dalmerita\/#primaryimage"},"image":{"@id":"http:\/\/reliquo.com\/it\/perricone-guarnaccio-tenuta-regaleali-2020-tasca-dalmerita\/#primaryimage"},"thumbnailUrl":"https:\/\/reliquo.com\/wp-content\/uploads\/2024\/12\/Perricone-Guarnaccio.png","datePublished":"2024-12-17T14:19:05+00:00","dateModified":"2025-12-18T14:43:30+00:00","description":"Entdecken Sie Perricone 'Guarnaccio' Tenuta Regaleali - Tasca d'Almerita bei Reliquo: garantierte Qualit\u00e4t, schneller Versand und g\u00fcnstige Preise. Bestellen Sie jetzt und profitieren Sie von unseren exklusiven Angeboten.","breadcrumb":{"@id":"http:\/\/reliquo.com\/it\/perricone-guarnaccio-tenuta-regaleali-2020-tasca-dalmerita\/#breadcrumb"},"inLanguage":"de","potentialAction":[{"@type":"ReadAction","target":["http:\/\/reliquo.com\/it\/perricone-guarnaccio-tenuta-regaleali-2020-tasca-dalmerita\/"]}]},{"@type":"ImageObject","inLanguage":"de","@id":"http:\/\/reliquo.com\/it\/perricone-guarnaccio-tenuta-regaleali-2020-tasca-dalmerita\/#primaryimage","url":"https:\/\/reliquo.com\/wp-content\/uploads\/2024\/12\/Perricone-Guarnaccio.png","contentUrl":"https:\/\/reliquo.com\/wp-content\/uploads\/2024\/12\/Perricone-Guarnaccio.png","width":2500,"height":2500,"caption":"Perricone \u2018Guarnaccio\u2019 Tenuta Regaleali \u2013 Tasca d\u2019Almerita"},{"@type":"BreadcrumbList","@id":"http:\/\/reliquo.com\/it\/perricone-guarnaccio-tenuta-regaleali-2020-tasca-dalmerita\/#breadcrumb","itemListElement":[{"@type":"ListItem","position":1,"name":"Home","item":"http:\/\/reliquo.com\/it\/"},{"@type":"ListItem","position":2,"name":"Shop","item":"http:\/\/reliquo.com\/it\/shop\/"},{"@type":"ListItem","position":3,"name":"Perricone &#8216;Guarnaccio&#8217; Tenuta Regaleali &#8211; Tasca d&#8217;Almerita"}]},{"@type":"WebSite","@id":"https:\/\/reliquo.com\/es\/#website","url":"https:\/\/reliquo.com\/es\/","name":"Reliquie","description":"Ihre Online-Weinhandlung: Entdecken Sie ausgezeichnete Weine, Spirituosen und Lik\u00f6re.","publisher":{"@id":"https:\/\/reliquo.com\/es\/#organization"},"potentialAction":[{"@type":"SearchAction","target":{"@type":"EntryPoint","urlTemplate":"https:\/\/reliquo.com\/es\/?s={search_term_string}"},"query-input":{"@type":"PropertyValueSpecification","valueRequired":true,"valueName":"search_term_string"}}],"inLanguage":"de"},{"@type":"Organization","@id":"https:\/\/reliquo.com\/es\/#organization","name":"Reliquie","url":"https:\/\/reliquo.com\/es\/","logo":{"@type":"ImageObject","inLanguage":"de","@id":"https:\/\/reliquo.com\/es\/#\/schema\/logo\/image\/","url":"https:\/\/reliquo.com\/wp-content\/uploads\/2024\/12\/cropped-favicon-1.png","contentUrl":"https:\/\/reliquo.com\/wp-content\/uploads\/2024\/12\/cropped-favicon-1.png","width":512,"height":512,"caption":"Reliquo"},"image":{"@id":"https:\/\/reliquo.com\/es\/#\/schema\/logo\/image\/"}}]}},"jetpack_sharing_enabled":true,"brands":[{"id":734,"name":"Tasca d'Almerita","slug":"dalmerita-tasche"}],"_links":{"self":[{"href":"https:\/\/reliquo.com\/de\/wp-json\/wp\/v2\/product\/757","targetHints":{"allow":["GET"]}}],"collection":[{"href":"https:\/\/reliquo.com\/de\/wp-json\/wp\/v2\/product"}],"about":[{"href":"https:\/\/reliquo.com\/de\/wp-json\/wp\/v2\/types\/product"}],"wp:featuredmedia":[{"embeddable":true,"href":"https:\/\/reliquo.com\/de\/wp-json\/wp\/v2\/media\/395"}],"wp:attachment":[{"href":"https:\/\/reliquo.com\/de\/wp-json\/wp\/v2\/media?parent=757"}],"wp:term":[{"taxonomy":"pwb-brand","embeddable":true,"href":"https:\/\/reliquo.com\/de\/wp-json\/wp\/v2\/pwb-brand?post=757"},{"taxonomy":"product_brand","embeddable":true,"href":"https:\/\/reliquo.com\/de\/wp-json\/wp\/v2\/product_brand?post=757"},{"taxonomy":"product_cat","embeddable":true,"href":"https:\/\/reliquo.com\/de\/wp-json\/wp\/v2\/product_cat?post=757"},{"taxonomy":"product_tag","embeddable":true,"href":"https:\/\/reliquo.com\/de\/wp-json\/wp\/v2\/product_tag?post=757"}],"curies":[{"name":"wp","href":"https:\/\/api.w.org\/{rel}","templated":true}]}}