{"id":735,"date":"2024-12-17T15:19:04","date_gmt":"2024-12-17T14:19:04","guid":{"rendered":"https:\/\/reliquo.com\/?post_type=product&#038;p=735"},"modified":"2025-12-18T15:43:29","modified_gmt":"2025-12-18T14:43:29","slug":"bayamore-bianco-di-bianchi-chardonnay-inzolia-viognier-firriato-winery-2022","status":"publish","type":"product","link":"https:\/\/reliquo.com\/de\/bayamore-bianco-di-bianchi-chardonnay-inzolia-viognier-firriato-winery-2022\/","title":{"rendered":"Bayamore Bianco di Bianchi Chardonnay Inzolia Viognier - Weingut Firriato"},"content":{"rendered":"<p>Chardonnay, Inzolia und Viognier, eine faszinierende Mischung wei\u00dfer Rebsorten, die in ihrer Kombination einen komplexen und einh\u00fcllenden Ausdruck schaffen, der eine rein sizilianische Frucht hervorhebt, die reich an Aromen und D\u00fcften ist. Es sind die aromatischen Rebsorten Westsiziliens, die ihre D\u00fcfte auf den Tisch bringen und sich zu einem Geflecht von Aromen fesselnder Freude verbinden. Die frischen Fr\u00fcchte und die balsamischen Noten des Inzolia werden durch die getrockneten Blumen des Grillo erg\u00e4nzt, vor dem Hintergrund der Noten von Jasmin, Aprikose, Pfirsich und Gei\u00dfblatt, die der Viognier mitbringt. Im Glas \u00fcberrascht diese Assemblage durch ihre zarte Sorbidit\u00e4t und interessante Mineralit\u00e4t, ein bemerkenswertes Gleichgewicht, das bereits im Weinberg durch eine auf die Bed\u00fcrfnisse jeder einzelnen Pflanze ausgerichtete agronomische Bewirtschaftung und die bel\u00fcftete Lage der sanften H\u00e4nge des Weinguts Borgo Guarini im Herzen der Landschaft von Trapani erreicht wurde. Ein Wei\u00dfwein von unbestreitbarer Annehmlichkeit, der die Gaumen der leidenschaftlichsten Weinliebhaber verzaubern wird.<\/p>","protected":false},"excerpt":{"rendered":"<p>Chardonnay, Inzolia e Viognier, un blend intrigante di uve bianche che in combinazione, danno vita a un\u2019 espressione complessa e [&hellip;]<\/p>\n","protected":false},"featured_media":301,"template":"","meta":{"site-sidebar-layout":"","site-content-layout":"","ast-site-content-layout":"","site-content-style":"","site-sidebar-style":"","ast-global-header-display":"","ast-banner-title-visibility":"","ast-main-header-display":"","ast-hfb-above-header-display":"","ast-hfb-below-header-display":"","ast-hfb-mobile-header-display":"","site-post-title":"","ast-breadcrumbs-content":"","ast-featured-img":"","footer-sml-layout":"","ast-disable-related-posts":"","theme-transparent-header-meta":"","adv-header-id-meta":"","stick-header-meta":"","header-above-stick-meta":"","header-main-stick-meta":"","header-below-stick-meta":"","astra-migrate-meta-layouts":"","ast-page-background-enabled":"default","ast-page-background-meta":{"desktop":{"background-color":"var(--ast-global-color-4)","background-image":"","background-repeat":"repeat","background-position":"center center","background-size":"auto","background-attachment":"scroll","background-type":"","background-media":"","overlay-type":"","overlay-color":"","overlay-opacity":"","overlay-gradient":""},"tablet":{"background-color":"","background-image":"","background-repeat":"repeat","background-position":"center center","background-size":"auto","background-attachment":"scroll","background-type":"","background-media":"","overlay-type":"","overlay-color":"","overlay-opacity":"","overlay-gradient":""},"mobile":{"background-color":"","background-image":"","background-repeat":"repeat","background-position":"center center","background-size":"auto","background-attachment":"scroll","background-type":"","background-media":"","overlay-type":"","overlay-color":"","overlay-opacity":"","overlay-gradient":""}},"ast-content-background-meta":{"desktop":{"background-color":"var(--ast-global-color-5)","background-image":"","background-repeat":"repeat","background-position":"center center","background-size":"auto","background-attachment":"scroll","background-type":"","background-media":"","overlay-type":"","overlay-color":"","overlay-opacity":"","overlay-gradient":""},"tablet":{"background-color":"var(--ast-global-color-5)","background-image":"","background-repeat":"repeat","background-position":"center center","background-size":"auto","background-attachment":"scroll","background-type":"","background-media":"","overlay-type":"","overlay-color":"","overlay-opacity":"","overlay-gradient":""},"mobile":{"background-color":"var(--ast-global-color-5)","background-image":"","background-repeat":"repeat","background-position":"center center","background-size":"auto","background-attachment":"scroll","background-type":"","background-media":"","overlay-type":"","overlay-color":"","overlay-opacity":"","overlay-gradient":""}}},"pwb-brand":[706],"product_brand":[],"product_cat":[298],"product_tag":[474,443,473,466,472,442],"class_list":{"0":"post-735","1":"product","2":"type-product","3":"status-publish","4":"has-post-thumbnail","6":"pwb-brand-firriato-winery","7":"product_cat-bianchi","8":"product_tag-bayamore","9":"product_tag-bianco","10":"product_tag-bianco-di-bianchi","11":"product_tag-firriato","12":"product_tag-inzolia-viognier","13":"product_tag-vino","14":"desktop-align-center","15":"tablet-align-center","16":"mobile-align-center","17":"ast-product-gallery-layout-horizontal-slider","18":"ast-product-gallery-with-no-image","19":"ast-magnify-disabled","20":"ast-product-tabs-layout-horizontal","21":"ast-qv-on-image","23":"first","24":"instock","25":"shipping-taxable","26":"purchasable","27":"product-type-simple"},"yoast_head":"<!-- This site is optimized with the Yoast SEO plugin v27.2 - https:\/\/yoast.com\/product\/yoast-seo-wordpress\/ -->\n<title>Bayamore Bianco di Bianchi Chardonnay Inzolia Viognier - Firriato Winery | Acquista Online su Reliquo<\/title>\n<meta name=\"description\" content=\"Scopri Bayamore Bianco di Bianchi Chardonnay Inzolia Viognier - Firriato Winery su Reliquo: qualit\u00e0 garantita, spedizioni rapide e prezzi competitivi. Ordina ora e approfitta delle nostre offerte esclusive.\" \/>\n<meta name=\"robots\" content=\"index, follow, max-snippet:-1, max-image-preview:large, max-video-preview:-1\" \/>\n<link rel=\"canonical\" href=\"http:\/\/reliquo.com\/de\/bayamore-bianco-di-bianchi-chardonnay-inzolia-viognier-firriato-winery-2022\/\" \/>\n<meta property=\"og:locale\" content=\"de_DE\" \/>\n<meta property=\"og:type\" content=\"article\" \/>\n<meta property=\"og:title\" content=\"Bayamore Bianco di Bianchi Chardonnay Inzolia Viognier - Firriato Winery | Acquista Online su Reliquo\" \/>\n<meta property=\"og:description\" content=\"Scopri Bayamore Bianco di Bianchi Chardonnay Inzolia Viognier - Firriato Winery su Reliquo: qualit\u00e0 garantita, spedizioni rapide e prezzi competitivi. Ordina ora e approfitta delle nostre offerte esclusive.\" \/>\n<meta property=\"og:url\" content=\"http:\/\/reliquo.com\/de\/bayamore-bianco-di-bianchi-chardonnay-inzolia-viognier-firriato-winery-2022\/\" \/>\n<meta property=\"og:site_name\" content=\"Reliquo\" \/>\n<meta property=\"article:modified_time\" content=\"2025-12-18T14:43:29+00:00\" \/>\n<meta property=\"og:image\" content=\"https:\/\/reliquo.com\/wp-content\/uploads\/2024\/12\/Firriato-Bayamore-Bianco-di-Bianchi.png\" \/>\n\t<meta property=\"og:image:width\" content=\"3024\" \/>\n\t<meta property=\"og:image:height\" content=\"3024\" \/>\n\t<meta property=\"og:image:type\" content=\"image\/png\" \/>\n<meta name=\"twitter:card\" content=\"summary_large_image\" \/>\n<meta name=\"twitter:label1\" content=\"Gesch\u00e4tzte Lesezeit\" \/>\n\t<meta name=\"twitter:data1\" content=\"1\u00a0Minute\" \/>\n<script type=\"application\/ld+json\" class=\"yoast-schema-graph\">{\"@context\":\"https:\/\/schema.org\",\"@graph\":[{\"@type\":\"WebPage\",\"@id\":\"http:\/\/reliquo.com\/it\/bayamore-bianco-di-bianchi-chardonnay-inzolia-viognier-firriato-winery-2022\/\",\"url\":\"http:\/\/reliquo.com\/it\/bayamore-bianco-di-bianchi-chardonnay-inzolia-viognier-firriato-winery-2022\/\",\"name\":\"Bayamore Bianco di Bianchi Chardonnay Inzolia Viognier - Firriato Winery | Acquista Online su Reliquo\",\"isPartOf\":{\"@id\":\"https:\/\/reliquo.com\/es\/#website\"},\"primaryImageOfPage\":{\"@id\":\"http:\/\/reliquo.com\/it\/bayamore-bianco-di-bianchi-chardonnay-inzolia-viognier-firriato-winery-2022\/#primaryimage\"},\"image\":{\"@id\":\"http:\/\/reliquo.com\/it\/bayamore-bianco-di-bianchi-chardonnay-inzolia-viognier-firriato-winery-2022\/#primaryimage\"},\"thumbnailUrl\":\"https:\/\/reliquo.com\/wp-content\/uploads\/2024\/12\/Firriato-Bayamore-Bianco-di-Bianchi.png\",\"datePublished\":\"2024-12-17T14:19:04+00:00\",\"dateModified\":\"2025-12-18T14:43:29+00:00\",\"description\":\"Scopri Bayamore Bianco di Bianchi Chardonnay Inzolia Viognier - Firriato Winery su Reliquo: qualit\u00e0 garantita, spedizioni rapide e prezzi competitivi. Ordina ora e approfitta delle nostre offerte esclusive.\",\"breadcrumb\":{\"@id\":\"http:\/\/reliquo.com\/it\/bayamore-bianco-di-bianchi-chardonnay-inzolia-viognier-firriato-winery-2022\/#breadcrumb\"},\"inLanguage\":\"de\",\"potentialAction\":[{\"@type\":\"ReadAction\",\"target\":[\"http:\/\/reliquo.com\/it\/bayamore-bianco-di-bianchi-chardonnay-inzolia-viognier-firriato-winery-2022\/\"]}]},{\"@type\":\"ImageObject\",\"inLanguage\":\"de\",\"@id\":\"http:\/\/reliquo.com\/it\/bayamore-bianco-di-bianchi-chardonnay-inzolia-viognier-firriato-winery-2022\/#primaryimage\",\"url\":\"https:\/\/reliquo.com\/wp-content\/uploads\/2024\/12\/Firriato-Bayamore-Bianco-di-Bianchi.png\",\"contentUrl\":\"https:\/\/reliquo.com\/wp-content\/uploads\/2024\/12\/Firriato-Bayamore-Bianco-di-Bianchi.png\",\"width\":3024,\"height\":3024,\"caption\":\"Bayamore Bianco di Bianchi Chardonnay Inzolia Viognier \u2013 Firriato Winery\"},{\"@type\":\"BreadcrumbList\",\"@id\":\"http:\/\/reliquo.com\/it\/bayamore-bianco-di-bianchi-chardonnay-inzolia-viognier-firriato-winery-2022\/#breadcrumb\",\"itemListElement\":[{\"@type\":\"ListItem\",\"position\":1,\"name\":\"Home\",\"item\":\"http:\/\/reliquo.com\/it\/\"},{\"@type\":\"ListItem\",\"position\":2,\"name\":\"Shop\",\"item\":\"http:\/\/reliquo.com\/it\/shop\/\"},{\"@type\":\"ListItem\",\"position\":3,\"name\":\"Bayamore Bianco di Bianchi Chardonnay Inzolia Viognier &#8211; Firriato Winery\"}]},{\"@type\":\"WebSite\",\"@id\":\"https:\/\/reliquo.com\/es\/#website\",\"url\":\"https:\/\/reliquo.com\/es\/\",\"name\":\"Reliquo\",\"description\":\"La tua enoteca online: scopri vini, liquori e distillati d\u2019eccellenza.\",\"publisher\":{\"@id\":\"https:\/\/reliquo.com\/es\/#organization\"},\"potentialAction\":[{\"@type\":\"SearchAction\",\"target\":{\"@type\":\"EntryPoint\",\"urlTemplate\":\"https:\/\/reliquo.com\/es\/?s={search_term_string}\"},\"query-input\":{\"@type\":\"PropertyValueSpecification\",\"valueRequired\":true,\"valueName\":\"search_term_string\"}}],\"inLanguage\":\"de\"},{\"@type\":\"Organization\",\"@id\":\"https:\/\/reliquo.com\/es\/#organization\",\"name\":\"Reliquo\",\"url\":\"https:\/\/reliquo.com\/es\/\",\"logo\":{\"@type\":\"ImageObject\",\"inLanguage\":\"de\",\"@id\":\"https:\/\/reliquo.com\/es\/#\/schema\/logo\/image\/\",\"url\":\"https:\/\/reliquo.com\/wp-content\/uploads\/2024\/12\/cropped-favicon-1.png\",\"contentUrl\":\"https:\/\/reliquo.com\/wp-content\/uploads\/2024\/12\/cropped-favicon-1.png\",\"width\":512,\"height\":512,\"caption\":\"Reliquo\"},\"image\":{\"@id\":\"https:\/\/reliquo.com\/es\/#\/schema\/logo\/image\/\"}}]}<\/script>\n<!-- \/ Yoast SEO plugin. -->","yoast_head_json":{"title":"Bayamore Bianco di Bianchi Chardonnay Inzolia Viognier - Firriato Winery | Online kaufen bei Reliquo","description":"Entdecken Sie Bayamore Bianco di Bianchi Chardonnay Inzolia Viognier - Firriato Winery bei Reliquo: garantierte Qualit\u00e4t, schnelle Lieferung und g\u00fcnstige Preise. Bestellen Sie jetzt und profitieren Sie von unseren exklusiven Angeboten.","robots":{"index":"index","follow":"follow","max-snippet":"max-snippet:-1","max-image-preview":"max-image-preview:large","max-video-preview":"max-video-preview:-1"},"canonical":"http:\/\/reliquo.com\/de\/bayamore-bianco-di-bianchi-chardonnay-inzolia-viognier-firriato-winery-2022\/","og_locale":"de_DE","og_type":"article","og_title":"Bayamore Bianco di Bianchi Chardonnay Inzolia Viognier - Firriato Winery | Acquista Online su Reliquo","og_description":"Scopri Bayamore Bianco di Bianchi Chardonnay Inzolia Viognier - Firriato Winery su Reliquo: qualit\u00e0 garantita, spedizioni rapide e prezzi competitivi. Ordina ora e approfitta delle nostre offerte esclusive.","og_url":"http:\/\/reliquo.com\/de\/bayamore-bianco-di-bianchi-chardonnay-inzolia-viognier-firriato-winery-2022\/","og_site_name":"Reliquo","article_modified_time":"2025-12-18T14:43:29+00:00","og_image":[{"width":3024,"height":3024,"url":"https:\/\/reliquo.com\/wp-content\/uploads\/2024\/12\/Firriato-Bayamore-Bianco-di-Bianchi.png","type":"image\/png"}],"twitter_card":"summary_large_image","twitter_misc":{"Gesch\u00e4tzte Lesezeit":"1\u00a0Minute"},"schema":{"@context":"https:\/\/schema.org","@graph":[{"@type":"WebPage","@id":"http:\/\/reliquo.com\/it\/bayamore-bianco-di-bianchi-chardonnay-inzolia-viognier-firriato-winery-2022\/","url":"http:\/\/reliquo.com\/it\/bayamore-bianco-di-bianchi-chardonnay-inzolia-viognier-firriato-winery-2022\/","name":"Bayamore Bianco di Bianchi Chardonnay Inzolia Viognier - Firriato Winery | Online kaufen bei Reliquo","isPartOf":{"@id":"https:\/\/reliquo.com\/es\/#website"},"primaryImageOfPage":{"@id":"http:\/\/reliquo.com\/it\/bayamore-bianco-di-bianchi-chardonnay-inzolia-viognier-firriato-winery-2022\/#primaryimage"},"image":{"@id":"http:\/\/reliquo.com\/it\/bayamore-bianco-di-bianchi-chardonnay-inzolia-viognier-firriato-winery-2022\/#primaryimage"},"thumbnailUrl":"https:\/\/reliquo.com\/wp-content\/uploads\/2024\/12\/Firriato-Bayamore-Bianco-di-Bianchi.png","datePublished":"2024-12-17T14:19:04+00:00","dateModified":"2025-12-18T14:43:29+00:00","description":"Entdecken Sie Bayamore Bianco di Bianchi Chardonnay Inzolia Viognier - Firriato Winery bei Reliquo: garantierte Qualit\u00e4t, schnelle Lieferung und g\u00fcnstige Preise. Bestellen Sie jetzt und profitieren Sie von unseren exklusiven Angeboten.","breadcrumb":{"@id":"http:\/\/reliquo.com\/it\/bayamore-bianco-di-bianchi-chardonnay-inzolia-viognier-firriato-winery-2022\/#breadcrumb"},"inLanguage":"de","potentialAction":[{"@type":"ReadAction","target":["http:\/\/reliquo.com\/it\/bayamore-bianco-di-bianchi-chardonnay-inzolia-viognier-firriato-winery-2022\/"]}]},{"@type":"ImageObject","inLanguage":"de","@id":"http:\/\/reliquo.com\/it\/bayamore-bianco-di-bianchi-chardonnay-inzolia-viognier-firriato-winery-2022\/#primaryimage","url":"https:\/\/reliquo.com\/wp-content\/uploads\/2024\/12\/Firriato-Bayamore-Bianco-di-Bianchi.png","contentUrl":"https:\/\/reliquo.com\/wp-content\/uploads\/2024\/12\/Firriato-Bayamore-Bianco-di-Bianchi.png","width":3024,"height":3024,"caption":"Bayamore Bianco di Bianchi Chardonnay Inzolia Viognier \u2013 Firriato Winery"},{"@type":"BreadcrumbList","@id":"http:\/\/reliquo.com\/it\/bayamore-bianco-di-bianchi-chardonnay-inzolia-viognier-firriato-winery-2022\/#breadcrumb","itemListElement":[{"@type":"ListItem","position":1,"name":"Home","item":"http:\/\/reliquo.com\/it\/"},{"@type":"ListItem","position":2,"name":"Shop","item":"http:\/\/reliquo.com\/it\/shop\/"},{"@type":"ListItem","position":3,"name":"Bayamore Bianco di Bianchi Chardonnay Inzolia Viognier &#8211; Firriato Winery"}]},{"@type":"WebSite","@id":"https:\/\/reliquo.com\/es\/#website","url":"https:\/\/reliquo.com\/es\/","name":"Reliquie","description":"Ihre Online-Weinhandlung: Entdecken Sie ausgezeichnete Weine, Spirituosen und Lik\u00f6re.","publisher":{"@id":"https:\/\/reliquo.com\/es\/#organization"},"potentialAction":[{"@type":"SearchAction","target":{"@type":"EntryPoint","urlTemplate":"https:\/\/reliquo.com\/es\/?s={search_term_string}"},"query-input":{"@type":"PropertyValueSpecification","valueRequired":true,"valueName":"search_term_string"}}],"inLanguage":"de"},{"@type":"Organization","@id":"https:\/\/reliquo.com\/es\/#organization","name":"Reliquie","url":"https:\/\/reliquo.com\/es\/","logo":{"@type":"ImageObject","inLanguage":"de","@id":"https:\/\/reliquo.com\/es\/#\/schema\/logo\/image\/","url":"https:\/\/reliquo.com\/wp-content\/uploads\/2024\/12\/cropped-favicon-1.png","contentUrl":"https:\/\/reliquo.com\/wp-content\/uploads\/2024\/12\/cropped-favicon-1.png","width":512,"height":512,"caption":"Reliquo"},"image":{"@id":"https:\/\/reliquo.com\/es\/#\/schema\/logo\/image\/"}}]}},"jetpack_sharing_enabled":true,"brands":[{"id":706,"name":"Weingut Firriato","slug":"weinkellerei-firriato"}],"_links":{"self":[{"href":"https:\/\/reliquo.com\/de\/wp-json\/wp\/v2\/product\/735","targetHints":{"allow":["GET"]}}],"collection":[{"href":"https:\/\/reliquo.com\/de\/wp-json\/wp\/v2\/product"}],"about":[{"href":"https:\/\/reliquo.com\/de\/wp-json\/wp\/v2\/types\/product"}],"wp:featuredmedia":[{"embeddable":true,"href":"https:\/\/reliquo.com\/de\/wp-json\/wp\/v2\/media\/301"}],"wp:attachment":[{"href":"https:\/\/reliquo.com\/de\/wp-json\/wp\/v2\/media?parent=735"}],"wp:term":[{"taxonomy":"pwb-brand","embeddable":true,"href":"https:\/\/reliquo.com\/de\/wp-json\/wp\/v2\/pwb-brand?post=735"},{"taxonomy":"product_brand","embeddable":true,"href":"https:\/\/reliquo.com\/de\/wp-json\/wp\/v2\/product_brand?post=735"},{"taxonomy":"product_cat","embeddable":true,"href":"https:\/\/reliquo.com\/de\/wp-json\/wp\/v2\/product_cat?post=735"},{"taxonomy":"product_tag","embeddable":true,"href":"https:\/\/reliquo.com\/de\/wp-json\/wp\/v2\/product_tag?post=735"}],"curies":[{"name":"wp","href":"https:\/\/api.w.org\/{rel}","templated":true}]}}