{"id":720,"date":"2024-12-17T15:19:01","date_gmt":"2024-12-17T14:19:01","guid":{"rendered":"https:\/\/reliquo.com\/?post_type=product&#038;p=720"},"modified":"2026-02-19T12:24:08","modified_gmt":"2026-02-19T11:24:08","slug":"syrah-2022-cantina-fina","status":"publish","type":"product","link":"https:\/\/reliquo.com\/de\/syrah-2022-cantina-fina\/","title":{"rendered":"Syrah - Weinkellerei Fin\u00e0"},"content":{"rendered":"<p>Der Syrah der Cantine Fina ist ein Rotwein aus der edlen franz\u00f6sischen Rebsorte, die aus dem Rhonetal stammt und nun in Sizilien eine zweite Heimat gefunden hat. Dank des sonnigen und bel\u00fcfteten Klimas im Marsala-Gebiet bringt diese Rebsorte eine hervorragende Qualit\u00e4t zum Ausdruck, mit einem warmen und mediterranen Profil, umh\u00fcllend und reichhaltig, ein typischer Ausdruck der Eigenschaften des Terroirs. Die Reifung in Holz erm\u00f6glicht eine vollst\u00e4ndige aromatische Entwicklung, die die sprudelnden Tannine mildert und ein intensives, reiches und faszinierendes Geschmacksspektrum mit einer f\u00fcr das Herkunftsgebiet typischen w\u00fcrzigen und maritimen Note bietet. Der Syrah von Cantine Fina wird heute in Sizilien als einheimische Rebsorte betrachtet, so vertraut ist seine historische Pr\u00e4senz auf der Insel. Zusammen mit dem Gebiet von Cortona ist es Sizilien, das die interessantesten italienischen Versionen dieses faszinierenden Weins hervorbringt, der in den besten Versionen ein Spektrum von Aromen bietet, das von blumig \u00fcber fruchtig bis hin zu w\u00fcrzig reicht und eine vielschichtige und verf\u00fchrerische Komplexit\u00e4t aufweist. Die Cantina fina bewirtschaftet ihre Weinberge n\u00f6rdlich von Marsala, im ersten G\u00fcrtel des Hinterlandes, der sich landeinw\u00e4rts von der K\u00fcste der Salinen und dem Naturschutzgebiet der Stagnone-Inseln erhebt. Das Landgut umfasst ca. 50 Hektar, deren Herzst\u00fcck ein antiker Baglio ist. Das Klima und die geeigneten B\u00f6den machen diese Ecke des westlichen Siziliens zu einem idealen Ort f\u00fcr den Weinanbau. Die Weinberge befinden sich in einer nat\u00fcrlichen Umgebung, die reich an Biodiversit\u00e4t ist, und werden biologisch bewirtschaftet, wobei nur Schwefel und Kupfer verwendet werden. Der Syrah-Wein der sizilianischen Weinkellerei Fina ist eine interessante Interpretation dieser alten franz\u00f6sischen Rebsorte, die in ihrer Heimat C\u00f4te-R\u00f4tie und Hermitage Rotweine von au\u00dfergew\u00f6hnlicher Finesse und Eleganz hervorbringt. Die G\u00e4rung findet in temperaturkontrollierten Stahltanks statt. Vor der Flaschenabf\u00fcllung reift der Wein 12 Monate lang in Eichenf\u00e4ssern. Im Glas hat er eine dunkle, rubinrote Farbe mit granatroten Reflexen. Das Bouquet erinnert an Nuancen von Veilchen, Aromen von Brombeeren, Johannisbeeren und dunklen Beerenfr\u00fcchten, Ankl\u00e4nge von Unterholz, ein Hauch von bitterem Kakao und Gew\u00fcrzen. Am Gaumen ist er strukturiert, mit einer dichten Tanninstruktur und reicher, reifer Frucht. Der Abgang ist lang und harmonisch und endet mit w\u00fcrzigen Noten und schwarzem Pfeffer.<\/p>","protected":false},"excerpt":{"rendered":"<p>Lo Syrah di Cantine Fina \u00e8 un vino rosso prodotto con il nobile vitigno francese originario della Valle del Rodano, [&hellip;]<\/p>\n","protected":false},"featured_media":361,"template":"","meta":{"site-sidebar-layout":"","site-content-layout":"","ast-site-content-layout":"","site-content-style":"","site-sidebar-style":"","ast-global-header-display":"","ast-banner-title-visibility":"","ast-main-header-display":"","ast-hfb-above-header-display":"","ast-hfb-below-header-display":"","ast-hfb-mobile-header-display":"","site-post-title":"","ast-breadcrumbs-content":"","ast-featured-img":"","footer-sml-layout":"","ast-disable-related-posts":"","theme-transparent-header-meta":"","adv-header-id-meta":"","stick-header-meta":"","header-above-stick-meta":"","header-main-stick-meta":"","header-below-stick-meta":"","astra-migrate-meta-layouts":"","ast-page-background-enabled":"default","ast-page-background-meta":{"desktop":{"background-color":"var(--ast-global-color-4)","background-image":"","background-repeat":"repeat","background-position":"center center","background-size":"auto","background-attachment":"scroll","background-type":"","background-media":"","overlay-type":"","overlay-color":"","overlay-opacity":"","overlay-gradient":""},"tablet":{"background-color":"","background-image":"","background-repeat":"repeat","background-position":"center center","background-size":"auto","background-attachment":"scroll","background-type":"","background-media":"","overlay-type":"","overlay-color":"","overlay-opacity":"","overlay-gradient":""},"mobile":{"background-color":"","background-image":"","background-repeat":"repeat","background-position":"center center","background-size":"auto","background-attachment":"scroll","background-type":"","background-media":"","overlay-type":"","overlay-color":"","overlay-opacity":"","overlay-gradient":""}},"ast-content-background-meta":{"desktop":{"background-color":"var(--ast-global-color-5)","background-image":"","background-repeat":"repeat","background-position":"center center","background-size":"auto","background-attachment":"scroll","background-type":"","background-media":"","overlay-type":"","overlay-color":"","overlay-opacity":"","overlay-gradient":""},"tablet":{"background-color":"var(--ast-global-color-5)","background-image":"","background-repeat":"repeat","background-position":"center center","background-size":"auto","background-attachment":"scroll","background-type":"","background-media":"","overlay-type":"","overlay-color":"","overlay-opacity":"","overlay-gradient":""},"mobile":{"background-color":"var(--ast-global-color-5)","background-image":"","background-repeat":"repeat","background-position":"center center","background-size":"auto","background-attachment":"scroll","background-type":"","background-media":"","overlay-type":"","overlay-color":"","overlay-opacity":"","overlay-gradient":""}}},"pwb-brand":[689],"product_brand":[],"product_cat":[299],"product_tag":[447,448,452,442],"class_list":{"0":"post-720","1":"product","2":"type-product","3":"status-publish","4":"has-post-thumbnail","6":"pwb-brand-cantine-fina","7":"product_cat-rossi","8":"product_tag-fina","9":"product_tag-rosso","10":"product_tag-syrah","11":"product_tag-vino","12":"desktop-align-center","13":"tablet-align-center","14":"mobile-align-center","15":"ast-product-gallery-layout-horizontal-slider","16":"ast-product-gallery-with-no-image","17":"ast-magnify-disabled","18":"ast-product-tabs-layout-horizontal","19":"ast-qv-on-image","21":"first","22":"outofstock","23":"shipping-taxable","24":"purchasable","25":"product-type-simple"},"yoast_head":"<!-- This site is optimized with the Yoast SEO plugin v27.2 - https:\/\/yoast.com\/product\/yoast-seo-wordpress\/ -->\n<title>Syrah - Cantina Fin\u00e0 | Acquista Online su Reliquo<\/title>\n<meta name=\"description\" content=\"Scopri Syrah - Cantina Fin\u00e0 su Reliquo: qualit\u00e0 garantita, spedizioni rapide e prezzi competitivi. Ordina ora e approfitta delle nostre offerte esclusive.\" \/>\n<meta name=\"robots\" content=\"index, follow, max-snippet:-1, max-image-preview:large, max-video-preview:-1\" \/>\n<link rel=\"canonical\" href=\"http:\/\/reliquo.com\/de\/syrah-2022-cantina-fina\/\" \/>\n<meta property=\"og:locale\" content=\"de_DE\" \/>\n<meta property=\"og:type\" content=\"article\" \/>\n<meta property=\"og:title\" content=\"Syrah - Cantina Fin\u00e0 | Acquista Online su Reliquo\" \/>\n<meta property=\"og:description\" content=\"Scopri Syrah - Cantina Fin\u00e0 su Reliquo: qualit\u00e0 garantita, spedizioni rapide e prezzi competitivi. Ordina ora e approfitta delle nostre offerte esclusive.\" \/>\n<meta property=\"og:url\" content=\"http:\/\/reliquo.com\/de\/syrah-2022-cantina-fina\/\" \/>\n<meta property=\"og:site_name\" content=\"Reliquo\" \/>\n<meta property=\"article:modified_time\" content=\"2026-02-19T11:24:08+00:00\" \/>\n<meta property=\"og:image\" content=\"https:\/\/reliquo.com\/wp-content\/uploads\/2024\/12\/Fina-Syrah.png\" \/>\n\t<meta property=\"og:image:width\" content=\"2893\" \/>\n\t<meta property=\"og:image:height\" content=\"2893\" \/>\n\t<meta property=\"og:image:type\" content=\"image\/png\" \/>\n<meta name=\"twitter:card\" content=\"summary_large_image\" \/>\n<meta name=\"twitter:label1\" content=\"Gesch\u00e4tzte Lesezeit\" \/>\n\t<meta name=\"twitter:data1\" content=\"2\u00a0Minuten\" \/>\n<script type=\"application\/ld+json\" class=\"yoast-schema-graph\">{\"@context\":\"https:\/\/schema.org\",\"@graph\":[{\"@type\":\"WebPage\",\"@id\":\"http:\/\/reliquo.com\/it\/syrah-2022-cantina-fina\/\",\"url\":\"http:\/\/reliquo.com\/it\/syrah-2022-cantina-fina\/\",\"name\":\"Syrah - Cantina Fin\u00e0 | Acquista Online su Reliquo\",\"isPartOf\":{\"@id\":\"https:\/\/reliquo.com\/es\/#website\"},\"primaryImageOfPage\":{\"@id\":\"http:\/\/reliquo.com\/it\/syrah-2022-cantina-fina\/#primaryimage\"},\"image\":{\"@id\":\"http:\/\/reliquo.com\/it\/syrah-2022-cantina-fina\/#primaryimage\"},\"thumbnailUrl\":\"https:\/\/reliquo.com\/wp-content\/uploads\/2024\/12\/Fina-Syrah.png\",\"datePublished\":\"2024-12-17T14:19:01+00:00\",\"dateModified\":\"2026-02-19T11:24:08+00:00\",\"description\":\"Scopri Syrah - Cantina Fin\u00e0 su Reliquo: qualit\u00e0 garantita, spedizioni rapide e prezzi competitivi. Ordina ora e approfitta delle nostre offerte esclusive.\",\"breadcrumb\":{\"@id\":\"http:\/\/reliquo.com\/it\/syrah-2022-cantina-fina\/#breadcrumb\"},\"inLanguage\":\"de\",\"potentialAction\":[{\"@type\":\"ReadAction\",\"target\":[\"http:\/\/reliquo.com\/it\/syrah-2022-cantina-fina\/\"]}]},{\"@type\":\"ImageObject\",\"inLanguage\":\"de\",\"@id\":\"http:\/\/reliquo.com\/it\/syrah-2022-cantina-fina\/#primaryimage\",\"url\":\"https:\/\/reliquo.com\/wp-content\/uploads\/2024\/12\/Fina-Syrah.png\",\"contentUrl\":\"https:\/\/reliquo.com\/wp-content\/uploads\/2024\/12\/Fina-Syrah.png\",\"width\":2893,\"height\":2893,\"caption\":\"Syrah \u2013 Cantina Fin\u00e0\"},{\"@type\":\"BreadcrumbList\",\"@id\":\"http:\/\/reliquo.com\/it\/syrah-2022-cantina-fina\/#breadcrumb\",\"itemListElement\":[{\"@type\":\"ListItem\",\"position\":1,\"name\":\"Home\",\"item\":\"http:\/\/reliquo.com\/it\/\"},{\"@type\":\"ListItem\",\"position\":2,\"name\":\"Shop\",\"item\":\"http:\/\/reliquo.com\/it\/shop\/\"},{\"@type\":\"ListItem\",\"position\":3,\"name\":\"Syrah &#8211; Cantina Fin\u00e0\"}]},{\"@type\":\"WebSite\",\"@id\":\"https:\/\/reliquo.com\/es\/#website\",\"url\":\"https:\/\/reliquo.com\/es\/\",\"name\":\"Reliquo\",\"description\":\"La tua enoteca online: scopri vini, liquori e distillati d\u2019eccellenza.\",\"publisher\":{\"@id\":\"https:\/\/reliquo.com\/es\/#organization\"},\"potentialAction\":[{\"@type\":\"SearchAction\",\"target\":{\"@type\":\"EntryPoint\",\"urlTemplate\":\"https:\/\/reliquo.com\/es\/?s={search_term_string}\"},\"query-input\":{\"@type\":\"PropertyValueSpecification\",\"valueRequired\":true,\"valueName\":\"search_term_string\"}}],\"inLanguage\":\"de\"},{\"@type\":\"Organization\",\"@id\":\"https:\/\/reliquo.com\/es\/#organization\",\"name\":\"Reliquo\",\"url\":\"https:\/\/reliquo.com\/es\/\",\"logo\":{\"@type\":\"ImageObject\",\"inLanguage\":\"de\",\"@id\":\"https:\/\/reliquo.com\/es\/#\/schema\/logo\/image\/\",\"url\":\"https:\/\/reliquo.com\/wp-content\/uploads\/2024\/12\/cropped-favicon-1.png\",\"contentUrl\":\"https:\/\/reliquo.com\/wp-content\/uploads\/2024\/12\/cropped-favicon-1.png\",\"width\":512,\"height\":512,\"caption\":\"Reliquo\"},\"image\":{\"@id\":\"https:\/\/reliquo.com\/es\/#\/schema\/logo\/image\/\"}}]}<\/script>\n<!-- \/ Yoast SEO plugin. -->","yoast_head_json":{"title":"Syrah - Cantina Fin\u00e0 | Online kaufen bei Reliquo","description":"Entdecken Sie Syrah - Cantina Fin\u00e0 bei Reliquo: garantierte Qualit\u00e4t, schnelle Lieferung und g\u00fcnstige Preise. Bestellen Sie jetzt und profitieren Sie von unseren exklusiven Angeboten.","robots":{"index":"index","follow":"follow","max-snippet":"max-snippet:-1","max-image-preview":"max-image-preview:large","max-video-preview":"max-video-preview:-1"},"canonical":"http:\/\/reliquo.com\/de\/syrah-2022-cantina-fina\/","og_locale":"de_DE","og_type":"article","og_title":"Syrah - Cantina Fin\u00e0 | Acquista Online su Reliquo","og_description":"Scopri Syrah - Cantina Fin\u00e0 su Reliquo: qualit\u00e0 garantita, spedizioni rapide e prezzi competitivi. Ordina ora e approfitta delle nostre offerte esclusive.","og_url":"http:\/\/reliquo.com\/de\/syrah-2022-cantina-fina\/","og_site_name":"Reliquo","article_modified_time":"2026-02-19T11:24:08+00:00","og_image":[{"width":2893,"height":2893,"url":"https:\/\/reliquo.com\/wp-content\/uploads\/2024\/12\/Fina-Syrah.png","type":"image\/png"}],"twitter_card":"summary_large_image","twitter_misc":{"Gesch\u00e4tzte Lesezeit":"2\u00a0Minuten"},"schema":{"@context":"https:\/\/schema.org","@graph":[{"@type":"WebPage","@id":"http:\/\/reliquo.com\/it\/syrah-2022-cantina-fina\/","url":"http:\/\/reliquo.com\/it\/syrah-2022-cantina-fina\/","name":"Syrah - Cantina Fin\u00e0 | Online kaufen bei Reliquo","isPartOf":{"@id":"https:\/\/reliquo.com\/es\/#website"},"primaryImageOfPage":{"@id":"http:\/\/reliquo.com\/it\/syrah-2022-cantina-fina\/#primaryimage"},"image":{"@id":"http:\/\/reliquo.com\/it\/syrah-2022-cantina-fina\/#primaryimage"},"thumbnailUrl":"https:\/\/reliquo.com\/wp-content\/uploads\/2024\/12\/Fina-Syrah.png","datePublished":"2024-12-17T14:19:01+00:00","dateModified":"2026-02-19T11:24:08+00:00","description":"Entdecken Sie Syrah - Cantina Fin\u00e0 bei Reliquo: garantierte Qualit\u00e4t, schnelle Lieferung und g\u00fcnstige Preise. Bestellen Sie jetzt und profitieren Sie von unseren exklusiven Angeboten.","breadcrumb":{"@id":"http:\/\/reliquo.com\/it\/syrah-2022-cantina-fina\/#breadcrumb"},"inLanguage":"de","potentialAction":[{"@type":"ReadAction","target":["http:\/\/reliquo.com\/it\/syrah-2022-cantina-fina\/"]}]},{"@type":"ImageObject","inLanguage":"de","@id":"http:\/\/reliquo.com\/it\/syrah-2022-cantina-fina\/#primaryimage","url":"https:\/\/reliquo.com\/wp-content\/uploads\/2024\/12\/Fina-Syrah.png","contentUrl":"https:\/\/reliquo.com\/wp-content\/uploads\/2024\/12\/Fina-Syrah.png","width":2893,"height":2893,"caption":"Syrah \u2013 Cantina Fin\u00e0"},{"@type":"BreadcrumbList","@id":"http:\/\/reliquo.com\/it\/syrah-2022-cantina-fina\/#breadcrumb","itemListElement":[{"@type":"ListItem","position":1,"name":"Home","item":"http:\/\/reliquo.com\/it\/"},{"@type":"ListItem","position":2,"name":"Shop","item":"http:\/\/reliquo.com\/it\/shop\/"},{"@type":"ListItem","position":3,"name":"Syrah &#8211; Cantina Fin\u00e0"}]},{"@type":"WebSite","@id":"https:\/\/reliquo.com\/es\/#website","url":"https:\/\/reliquo.com\/es\/","name":"Reliquie","description":"Ihre Online-Weinhandlung: Entdecken Sie ausgezeichnete Weine, Spirituosen und Lik\u00f6re.","publisher":{"@id":"https:\/\/reliquo.com\/es\/#organization"},"potentialAction":[{"@type":"SearchAction","target":{"@type":"EntryPoint","urlTemplate":"https:\/\/reliquo.com\/es\/?s={search_term_string}"},"query-input":{"@type":"PropertyValueSpecification","valueRequired":true,"valueName":"search_term_string"}}],"inLanguage":"de"},{"@type":"Organization","@id":"https:\/\/reliquo.com\/es\/#organization","name":"Reliquie","url":"https:\/\/reliquo.com\/es\/","logo":{"@type":"ImageObject","inLanguage":"de","@id":"https:\/\/reliquo.com\/es\/#\/schema\/logo\/image\/","url":"https:\/\/reliquo.com\/wp-content\/uploads\/2024\/12\/cropped-favicon-1.png","contentUrl":"https:\/\/reliquo.com\/wp-content\/uploads\/2024\/12\/cropped-favicon-1.png","width":512,"height":512,"caption":"Reliquo"},"image":{"@id":"https:\/\/reliquo.com\/es\/#\/schema\/logo\/image\/"}}]}},"jetpack_sharing_enabled":true,"brands":[{"id":689,"name":"Fina-Keller","slug":"fina-weinkellereien"}],"_links":{"self":[{"href":"https:\/\/reliquo.com\/de\/wp-json\/wp\/v2\/product\/720","targetHints":{"allow":["GET"]}}],"collection":[{"href":"https:\/\/reliquo.com\/de\/wp-json\/wp\/v2\/product"}],"about":[{"href":"https:\/\/reliquo.com\/de\/wp-json\/wp\/v2\/types\/product"}],"wp:featuredmedia":[{"embeddable":true,"href":"https:\/\/reliquo.com\/de\/wp-json\/wp\/v2\/media\/361"}],"wp:attachment":[{"href":"https:\/\/reliquo.com\/de\/wp-json\/wp\/v2\/media?parent=720"}],"wp:term":[{"taxonomy":"pwb-brand","embeddable":true,"href":"https:\/\/reliquo.com\/de\/wp-json\/wp\/v2\/pwb-brand?post=720"},{"taxonomy":"product_brand","embeddable":true,"href":"https:\/\/reliquo.com\/de\/wp-json\/wp\/v2\/product_brand?post=720"},{"taxonomy":"product_cat","embeddable":true,"href":"https:\/\/reliquo.com\/de\/wp-json\/wp\/v2\/product_cat?post=720"},{"taxonomy":"product_tag","embeddable":true,"href":"https:\/\/reliquo.com\/de\/wp-json\/wp\/v2\/product_tag?post=720"}],"curies":[{"name":"wp","href":"https:\/\/api.w.org\/{rel}","templated":true}]}}