{"id":716,"date":"2024-12-17T15:19:01","date_gmt":"2024-12-17T14:19:01","guid":{"rendered":"https:\/\/reliquo.com\/?post_type=product&#038;p=716"},"modified":"2026-02-25T10:09:08","modified_gmt":"2026-02-25T09:09:08","slug":"kike-traminer-sauvignon-2023-kantine-fina","status":"publish","type":"product","link":"https:\/\/reliquo.com\/de\/kike-traminer-sauvignon-2023-cantine-fina\/","title":{"rendered":"Kik\u00e9 Traminer Sauvignon - Cantine Fin\u00e0"},"content":{"rendered":"<p>Der Wei\u00dfwein Kik\u00e8 ist eine der ber\u00fchmtesten und repr\u00e4sentativsten Marken der Cantine Fina, die aus der gro\u00dfartigen Idee entstanden ist, das Potenzial des westsizilianischen Gebiets durch die Verwendung internationaler Rebsorten voll zur Geltung zu bringen. Es handelt sich um eine aromatische und mediterrane Interpretation des Gew\u00fcrztraminers, angereichert mit einem kleinen Anteil Sauvignon, der zum Aush\u00e4ngeschild des Marsala-Gebiets und des Naturschutzgebiets der Stagnone-Inseln geworden ist, wo sich die Kellerei befindet.Der Kik\u00e8 von Cantine Fina ist der Sohn eines au\u00dferordentlich geeigneten und einzigartigen Gebiets, das durch salzhaltige Meeresbrisen und intensive Sonneneinstrahlung gekennzeichnet ist. Hier scheinen sich die Traminer Aromatico-Reben am besten akklimatisiert zu haben und bringen Fr\u00fcchte hervor, die von den typischen Prim\u00e4raromen der Rebsorte gepr\u00e4gt sind, mit maritimen und mediterranen Nuancen. Das Herstellungsverfahren, das mit modernen und umweltvertr\u00e4glichen Technologien durchgef\u00fchrt wird, mit Weinbereitung und Reifung in Edelstahl, zielt darauf ab, den reichsten, \u00fcppigsten und vollst\u00e4ndigsten Ausdruck des typischen aromatischen Bouquets zu erreichen, das den Gew\u00fcrztraminer in der ganzen Welt ber\u00fchmt gemacht hat.Faszinierend, extrovertiert und tropisch, verzaubert der Wein Kik\u00e8 Fina die Sinne von der ersten Ann\u00e4herung an und verwickelt den Verkoster in ein reiches, angenehmes und unmittelbares Geschmackserlebnis. Die leuchtende, zu Gold tendierende Farbe, mit der er sich im Kelch pr\u00e4sentiert, erinnert an ein warmes, sonnenverw\u00f6hntes Szenario, in dem die Trauben voll ausreifen konnten und sich voll und ohne Zur\u00fcckhaltung ausdr\u00fccken. Das Bouquet ist reichhaltig, \u00fcppig und \u00fcppig, dominiert von fruchtigen und tropischen Nuancen und Ankl\u00e4ngen an s\u00fc\u00dfe, reife Zitrusfr\u00fcchte, Orangenbl\u00fcten und aromatische Kr\u00e4uter. Der Einfluss des Marsala-Terroirs wird durch einen angenehmen, subtilen salzigen und fast salzigen Kontrapunkt deutlich. Der Geschmack steht im Einklang mit dem Geruchsprofil und offenbart Weichheit, Tiefe, Reichtum, W\u00fcrze und intensive Fruchtaromen. Auf diese Weise hat das hieratische Gesicht des Traminer Aromatico die Assoziationen Siziliens aufgenommen und einen sommerlichen, mediterranen Ausdruck gezeigt, der die Farben des Meeres, der Sonne und der Salzpfannen tr\u00e4gt.<\/p>","protected":false},"excerpt":{"rendered":"<p>Il vino bianco Kik\u00e8 \u00e8 una delle pi\u00f9 celebri e rappresentative etichette delle Cantine Fina, nato dalla grande idea di [&hellip;]<\/p>\n","protected":false},"featured_media":298,"template":"","meta":{"site-sidebar-layout":"","site-content-layout":"","ast-site-content-layout":"","site-content-style":"","site-sidebar-style":"","ast-global-header-display":"","ast-banner-title-visibility":"","ast-main-header-display":"","ast-hfb-above-header-display":"","ast-hfb-below-header-display":"","ast-hfb-mobile-header-display":"","site-post-title":"","ast-breadcrumbs-content":"","ast-featured-img":"","footer-sml-layout":"","ast-disable-related-posts":"","theme-transparent-header-meta":"","adv-header-id-meta":"","stick-header-meta":"","header-above-stick-meta":"","header-main-stick-meta":"","header-below-stick-meta":"","astra-migrate-meta-layouts":"","ast-page-background-enabled":"default","ast-page-background-meta":{"desktop":{"background-color":"var(--ast-global-color-4)","background-image":"","background-repeat":"repeat","background-position":"center center","background-size":"auto","background-attachment":"scroll","background-type":"","background-media":"","overlay-type":"","overlay-color":"","overlay-opacity":"","overlay-gradient":""},"tablet":{"background-color":"","background-image":"","background-repeat":"repeat","background-position":"center center","background-size":"auto","background-attachment":"scroll","background-type":"","background-media":"","overlay-type":"","overlay-color":"","overlay-opacity":"","overlay-gradient":""},"mobile":{"background-color":"","background-image":"","background-repeat":"repeat","background-position":"center center","background-size":"auto","background-attachment":"scroll","background-type":"","background-media":"","overlay-type":"","overlay-color":"","overlay-opacity":"","overlay-gradient":""}},"ast-content-background-meta":{"desktop":{"background-color":"var(--ast-global-color-5)","background-image":"","background-repeat":"repeat","background-position":"center center","background-size":"auto","background-attachment":"scroll","background-type":"","background-media":"","overlay-type":"","overlay-color":"","overlay-opacity":"","overlay-gradient":""},"tablet":{"background-color":"var(--ast-global-color-5)","background-image":"","background-repeat":"repeat","background-position":"center center","background-size":"auto","background-attachment":"scroll","background-type":"","background-media":"","overlay-type":"","overlay-color":"","overlay-opacity":"","overlay-gradient":""},"mobile":{"background-color":"var(--ast-global-color-5)","background-image":"","background-repeat":"repeat","background-position":"center center","background-size":"auto","background-attachment":"scroll","background-type":"","background-media":"","overlay-type":"","overlay-color":"","overlay-opacity":"","overlay-gradient":""}}},"pwb-brand":[689],"product_brand":[],"product_cat":[298,288],"product_tag":[443,447,446,445,444,442],"class_list":{"0":"post-716","1":"product","2":"type-product","3":"status-publish","4":"has-post-thumbnail","6":"pwb-brand-cantine-fina","7":"product_cat-bianchi","8":"product_cat-vini","9":"product_tag-bianco","10":"product_tag-fina","11":"product_tag-kike","12":"product_tag-sauvignon","13":"product_tag-traiminer","14":"product_tag-vino","15":"desktop-align-center","16":"tablet-align-center","17":"mobile-align-center","18":"ast-product-gallery-layout-horizontal-slider","19":"ast-product-gallery-with-no-image","20":"ast-magnify-disabled","21":"ast-product-tabs-layout-horizontal","22":"ast-qv-on-image","24":"first","25":"instock","26":"shipping-taxable","27":"purchasable","28":"product-type-simple"},"yoast_head":"<!-- This site is optimized with the Yoast SEO plugin v27.2 - https:\/\/yoast.com\/product\/yoast-seo-wordpress\/ -->\n<title>Kik\u00e9 Traminer Sauvignon - Cantine Fin\u00e0 | Acquista Online su Reliquo<\/title>\n<meta name=\"description\" content=\"Scopri Kik\u00e9 Traminer Sauvignon - Cantine Fin\u00e0 su Reliquo: qualit\u00e0 garantita, spedizioni rapide e prezzi competitivi. Ordina ora e approfitta delle nostre offerte esclusive.\" \/>\n<meta name=\"robots\" content=\"index, follow, max-snippet:-1, max-image-preview:large, max-video-preview:-1\" \/>\n<link rel=\"canonical\" href=\"http:\/\/reliquo.com\/de\/kike-traminer-sauvignon-2023-kantine-fina\/\" \/>\n<meta property=\"og:locale\" content=\"de_DE\" \/>\n<meta property=\"og:type\" content=\"article\" \/>\n<meta property=\"og:title\" content=\"Kik\u00e9 Traminer Sauvignon - Cantine Fin\u00e0 | Acquista Online su Reliquo\" \/>\n<meta property=\"og:description\" content=\"Scopri Kik\u00e9 Traminer Sauvignon - Cantine Fin\u00e0 su Reliquo: qualit\u00e0 garantita, spedizioni rapide e prezzi competitivi. Ordina ora e approfitta delle nostre offerte esclusive.\" \/>\n<meta property=\"og:url\" content=\"http:\/\/reliquo.com\/de\/kike-traminer-sauvignon-2023-kantine-fina\/\" \/>\n<meta property=\"og:site_name\" content=\"Reliquo\" \/>\n<meta property=\"article:modified_time\" content=\"2026-02-25T09:09:08+00:00\" \/>\n<meta property=\"og:image\" content=\"https:\/\/reliquo.com\/wp-content\/uploads\/2024\/12\/Fina-Kike.png\" \/>\n\t<meta property=\"og:image:width\" content=\"2960\" \/>\n\t<meta property=\"og:image:height\" content=\"2960\" \/>\n\t<meta property=\"og:image:type\" content=\"image\/png\" \/>\n<meta name=\"twitter:card\" content=\"summary_large_image\" \/>\n<meta name=\"twitter:label1\" content=\"Gesch\u00e4tzte Lesezeit\" \/>\n\t<meta name=\"twitter:data1\" content=\"2\u00a0Minuten\" \/>\n<script type=\"application\/ld+json\" class=\"yoast-schema-graph\">{\"@context\":\"https:\/\/schema.org\",\"@graph\":[{\"@type\":\"WebPage\",\"@id\":\"http:\/\/reliquo.com\/it\/kike-traminer-sauvignon-2023-cantine-fina\/\",\"url\":\"http:\/\/reliquo.com\/it\/kike-traminer-sauvignon-2023-cantine-fina\/\",\"name\":\"Kik\u00e9 Traminer Sauvignon - Cantine Fin\u00e0 | Acquista Online su Reliquo\",\"isPartOf\":{\"@id\":\"https:\/\/reliquo.com\/es\/#website\"},\"primaryImageOfPage\":{\"@id\":\"http:\/\/reliquo.com\/it\/kike-traminer-sauvignon-2023-cantine-fina\/#primaryimage\"},\"image\":{\"@id\":\"http:\/\/reliquo.com\/it\/kike-traminer-sauvignon-2023-cantine-fina\/#primaryimage\"},\"thumbnailUrl\":\"https:\/\/reliquo.com\/wp-content\/uploads\/2024\/12\/Fina-Kike.png\",\"datePublished\":\"2024-12-17T14:19:01+00:00\",\"dateModified\":\"2026-02-25T09:09:08+00:00\",\"description\":\"Scopri Kik\u00e9 Traminer Sauvignon - Cantine Fin\u00e0 su Reliquo: qualit\u00e0 garantita, spedizioni rapide e prezzi competitivi. Ordina ora e approfitta delle nostre offerte esclusive.\",\"breadcrumb\":{\"@id\":\"http:\/\/reliquo.com\/it\/kike-traminer-sauvignon-2023-cantine-fina\/#breadcrumb\"},\"inLanguage\":\"de\",\"potentialAction\":[{\"@type\":\"ReadAction\",\"target\":[\"http:\/\/reliquo.com\/it\/kike-traminer-sauvignon-2023-cantine-fina\/\"]}]},{\"@type\":\"ImageObject\",\"inLanguage\":\"de\",\"@id\":\"http:\/\/reliquo.com\/it\/kike-traminer-sauvignon-2023-cantine-fina\/#primaryimage\",\"url\":\"https:\/\/reliquo.com\/wp-content\/uploads\/2024\/12\/Fina-Kike.png\",\"contentUrl\":\"https:\/\/reliquo.com\/wp-content\/uploads\/2024\/12\/Fina-Kike.png\",\"width\":2960,\"height\":2960,\"caption\":\"Kik\u00e9 Traminer Sauvignon \u2013 Cantine Fin\u00e0\"},{\"@type\":\"BreadcrumbList\",\"@id\":\"http:\/\/reliquo.com\/it\/kike-traminer-sauvignon-2023-cantine-fina\/#breadcrumb\",\"itemListElement\":[{\"@type\":\"ListItem\",\"position\":1,\"name\":\"Home\",\"item\":\"http:\/\/reliquo.com\/it\/\"},{\"@type\":\"ListItem\",\"position\":2,\"name\":\"Shop\",\"item\":\"http:\/\/reliquo.com\/it\/shop\/\"},{\"@type\":\"ListItem\",\"position\":3,\"name\":\"Kik\u00e9 Traminer Sauvignon &#8211; Cantine Fin\u00e0\"}]},{\"@type\":\"WebSite\",\"@id\":\"https:\/\/reliquo.com\/es\/#website\",\"url\":\"https:\/\/reliquo.com\/es\/\",\"name\":\"Reliquo\",\"description\":\"La tua enoteca online: scopri vini, liquori e distillati d\u2019eccellenza.\",\"publisher\":{\"@id\":\"https:\/\/reliquo.com\/es\/#organization\"},\"potentialAction\":[{\"@type\":\"SearchAction\",\"target\":{\"@type\":\"EntryPoint\",\"urlTemplate\":\"https:\/\/reliquo.com\/es\/?s={search_term_string}\"},\"query-input\":{\"@type\":\"PropertyValueSpecification\",\"valueRequired\":true,\"valueName\":\"search_term_string\"}}],\"inLanguage\":\"de\"},{\"@type\":\"Organization\",\"@id\":\"https:\/\/reliquo.com\/es\/#organization\",\"name\":\"Reliquo\",\"url\":\"https:\/\/reliquo.com\/es\/\",\"logo\":{\"@type\":\"ImageObject\",\"inLanguage\":\"de\",\"@id\":\"https:\/\/reliquo.com\/es\/#\/schema\/logo\/image\/\",\"url\":\"https:\/\/reliquo.com\/wp-content\/uploads\/2024\/12\/cropped-favicon-1.png\",\"contentUrl\":\"https:\/\/reliquo.com\/wp-content\/uploads\/2024\/12\/cropped-favicon-1.png\",\"width\":512,\"height\":512,\"caption\":\"Reliquo\"},\"image\":{\"@id\":\"https:\/\/reliquo.com\/es\/#\/schema\/logo\/image\/\"}}]}<\/script>\n<!-- \/ Yoast SEO plugin. -->","yoast_head_json":{"title":"Kik\u00e9 Traminer Sauvignon - Cantine Fin\u00e0 | Online kaufen bei Reliquo","description":"Entdecken Sie Kik\u00e9 Traminer Sauvignon - Cantine Fin\u00e0 bei Reliquo: garantierte Qualit\u00e4t, schnelle Lieferung und g\u00fcnstige Preise. Bestellen Sie jetzt und profitieren Sie von unseren exklusiven Angeboten.","robots":{"index":"index","follow":"follow","max-snippet":"max-snippet:-1","max-image-preview":"max-image-preview:large","max-video-preview":"max-video-preview:-1"},"canonical":"http:\/\/reliquo.com\/de\/kike-traminer-sauvignon-2023-kantine-fina\/","og_locale":"de_DE","og_type":"article","og_title":"Kik\u00e9 Traminer Sauvignon - Cantine Fin\u00e0 | Acquista Online su Reliquo","og_description":"Scopri Kik\u00e9 Traminer Sauvignon - Cantine Fin\u00e0 su Reliquo: qualit\u00e0 garantita, spedizioni rapide e prezzi competitivi. Ordina ora e approfitta delle nostre offerte esclusive.","og_url":"http:\/\/reliquo.com\/de\/kike-traminer-sauvignon-2023-kantine-fina\/","og_site_name":"Reliquo","article_modified_time":"2026-02-25T09:09:08+00:00","og_image":[{"width":2960,"height":2960,"url":"https:\/\/reliquo.com\/wp-content\/uploads\/2024\/12\/Fina-Kike.png","type":"image\/png"}],"twitter_card":"summary_large_image","twitter_misc":{"Gesch\u00e4tzte Lesezeit":"2\u00a0Minuten"},"schema":{"@context":"https:\/\/schema.org","@graph":[{"@type":"WebPage","@id":"http:\/\/reliquo.com\/it\/kike-traminer-sauvignon-2023-cantine-fina\/","url":"http:\/\/reliquo.com\/it\/kike-traminer-sauvignon-2023-cantine-fina\/","name":"Kik\u00e9 Traminer Sauvignon - Cantine Fin\u00e0 | Online kaufen bei Reliquo","isPartOf":{"@id":"https:\/\/reliquo.com\/es\/#website"},"primaryImageOfPage":{"@id":"http:\/\/reliquo.com\/it\/kike-traminer-sauvignon-2023-cantine-fina\/#primaryimage"},"image":{"@id":"http:\/\/reliquo.com\/it\/kike-traminer-sauvignon-2023-cantine-fina\/#primaryimage"},"thumbnailUrl":"https:\/\/reliquo.com\/wp-content\/uploads\/2024\/12\/Fina-Kike.png","datePublished":"2024-12-17T14:19:01+00:00","dateModified":"2026-02-25T09:09:08+00:00","description":"Entdecken Sie Kik\u00e9 Traminer Sauvignon - Cantine Fin\u00e0 bei Reliquo: garantierte Qualit\u00e4t, schnelle Lieferung und g\u00fcnstige Preise. Bestellen Sie jetzt und profitieren Sie von unseren exklusiven Angeboten.","breadcrumb":{"@id":"http:\/\/reliquo.com\/it\/kike-traminer-sauvignon-2023-cantine-fina\/#breadcrumb"},"inLanguage":"de","potentialAction":[{"@type":"ReadAction","target":["http:\/\/reliquo.com\/it\/kike-traminer-sauvignon-2023-cantine-fina\/"]}]},{"@type":"ImageObject","inLanguage":"de","@id":"http:\/\/reliquo.com\/it\/kike-traminer-sauvignon-2023-cantine-fina\/#primaryimage","url":"https:\/\/reliquo.com\/wp-content\/uploads\/2024\/12\/Fina-Kike.png","contentUrl":"https:\/\/reliquo.com\/wp-content\/uploads\/2024\/12\/Fina-Kike.png","width":2960,"height":2960,"caption":"Kik\u00e9 Traminer Sauvignon \u2013 Cantine Fin\u00e0"},{"@type":"BreadcrumbList","@id":"http:\/\/reliquo.com\/it\/kike-traminer-sauvignon-2023-cantine-fina\/#breadcrumb","itemListElement":[{"@type":"ListItem","position":1,"name":"Home","item":"http:\/\/reliquo.com\/it\/"},{"@type":"ListItem","position":2,"name":"Shop","item":"http:\/\/reliquo.com\/it\/shop\/"},{"@type":"ListItem","position":3,"name":"Kik\u00e9 Traminer Sauvignon &#8211; Cantine Fin\u00e0"}]},{"@type":"WebSite","@id":"https:\/\/reliquo.com\/es\/#website","url":"https:\/\/reliquo.com\/es\/","name":"Reliquie","description":"Ihre Online-Weinhandlung: Entdecken Sie ausgezeichnete Weine, Spirituosen und Lik\u00f6re.","publisher":{"@id":"https:\/\/reliquo.com\/es\/#organization"},"potentialAction":[{"@type":"SearchAction","target":{"@type":"EntryPoint","urlTemplate":"https:\/\/reliquo.com\/es\/?s={search_term_string}"},"query-input":{"@type":"PropertyValueSpecification","valueRequired":true,"valueName":"search_term_string"}}],"inLanguage":"de"},{"@type":"Organization","@id":"https:\/\/reliquo.com\/es\/#organization","name":"Reliquie","url":"https:\/\/reliquo.com\/es\/","logo":{"@type":"ImageObject","inLanguage":"de","@id":"https:\/\/reliquo.com\/es\/#\/schema\/logo\/image\/","url":"https:\/\/reliquo.com\/wp-content\/uploads\/2024\/12\/cropped-favicon-1.png","contentUrl":"https:\/\/reliquo.com\/wp-content\/uploads\/2024\/12\/cropped-favicon-1.png","width":512,"height":512,"caption":"Reliquo"},"image":{"@id":"https:\/\/reliquo.com\/es\/#\/schema\/logo\/image\/"}}]}},"jetpack_sharing_enabled":true,"brands":[{"id":689,"name":"Fina-Keller","slug":"fina-weinkellereien"}],"_links":{"self":[{"href":"https:\/\/reliquo.com\/de\/wp-json\/wp\/v2\/product\/716","targetHints":{"allow":["GET"]}}],"collection":[{"href":"https:\/\/reliquo.com\/de\/wp-json\/wp\/v2\/product"}],"about":[{"href":"https:\/\/reliquo.com\/de\/wp-json\/wp\/v2\/types\/product"}],"wp:featuredmedia":[{"embeddable":true,"href":"https:\/\/reliquo.com\/de\/wp-json\/wp\/v2\/media\/298"}],"wp:attachment":[{"href":"https:\/\/reliquo.com\/de\/wp-json\/wp\/v2\/media?parent=716"}],"wp:term":[{"taxonomy":"pwb-brand","embeddable":true,"href":"https:\/\/reliquo.com\/de\/wp-json\/wp\/v2\/pwb-brand?post=716"},{"taxonomy":"product_brand","embeddable":true,"href":"https:\/\/reliquo.com\/de\/wp-json\/wp\/v2\/product_brand?post=716"},{"taxonomy":"product_cat","embeddable":true,"href":"https:\/\/reliquo.com\/de\/wp-json\/wp\/v2\/product_cat?post=716"},{"taxonomy":"product_tag","embeddable":true,"href":"https:\/\/reliquo.com\/de\/wp-json\/wp\/v2\/product_tag?post=716"}],"curies":[{"name":"wp","href":"https:\/\/api.w.org\/{rel}","templated":true}]}}