{"id":670,"date":"2024-12-17T15:18:54","date_gmt":"2024-12-17T14:18:54","guid":{"rendered":"https:\/\/reliquo.com\/?post_type=product&#038;p=670"},"modified":"2025-12-18T15:43:25","modified_gmt":"2025-12-18T14:43:25","slug":"don-papa-masskara-rum-im-karton-70-cl","status":"publish","type":"product","link":"https:\/\/reliquo.com\/de\/rum-don-papa-masskara-astucciato-70-cl\/","title":{"rendered":"Rum Don Papa Masskara Astucciato - 70cl"},"content":{"rendered":"<p>ie Don Papa Masskara ist inspiriert von dem farbenfrohen MassKara-Festival, einem philippinischen Fest, das jedes Jahr am vierten Sonntag im Oktober in Bacolod stattfindet. Der Name des Festes setzt sich aus zwei W\u00f6rtern zusammen: \"Mass\", was \"viele\" bedeutet, und \"Kara\", was \"Gesichter\" bedeutet. Don Papa Rum verbindet die f\u00fcr die philippinische Bev\u00f6lkerung typische positive Einstellung mit dem revolution\u00e4ren Geist des ber\u00fchmten Helden Papa Isio, der sein Leben dem Kampf f\u00fcr die Unabh\u00e4ngigkeit seines Landes gewidmet hat.Don Papa Masskara hat die f\u00fcr den asiatischen Kontinent typischen Aromen und Geschmacksrichtungen, die durch die Zugabe von lokalen Zutaten in den Basisalkohol entstehen. Dazu geh\u00f6ren: die Calamondin, auch Calamansi genannt, eine kleine Zitrone, die dem Destillat eine kr\u00e4ftige und s\u00e4uerliche Note verleiht, lokaler Honig, der f\u00fcr S\u00fc\u00dfe sorgt, und der Siling-Labuyo-Chili, der eine w\u00fcrzige Note verleiht.<\/p>","protected":false},"excerpt":{"rendered":"<p>l Don Papa Masskara \u00e8 ispirato al coloratissimo MassKara Festival, festa filippina che ha luogo ogni anno la quarta domenica [&hellip;]<\/p>\n","protected":false},"featured_media":179,"template":"","meta":{"site-sidebar-layout":"","site-content-layout":"","ast-site-content-layout":"","site-content-style":"","site-sidebar-style":"","ast-global-header-display":"","ast-banner-title-visibility":"","ast-main-header-display":"","ast-hfb-above-header-display":"","ast-hfb-below-header-display":"","ast-hfb-mobile-header-display":"","site-post-title":"","ast-breadcrumbs-content":"","ast-featured-img":"","footer-sml-layout":"","ast-disable-related-posts":"","theme-transparent-header-meta":"","adv-header-id-meta":"","stick-header-meta":"","header-above-stick-meta":"","header-main-stick-meta":"","header-below-stick-meta":"","astra-migrate-meta-layouts":"","ast-page-background-enabled":"default","ast-page-background-meta":{"desktop":{"background-color":"var(--ast-global-color-4)","background-image":"","background-repeat":"repeat","background-position":"center center","background-size":"auto","background-attachment":"scroll","background-type":"","background-media":"","overlay-type":"","overlay-color":"","overlay-opacity":"","overlay-gradient":""},"tablet":{"background-color":"","background-image":"","background-repeat":"repeat","background-position":"center center","background-size":"auto","background-attachment":"scroll","background-type":"","background-media":"","overlay-type":"","overlay-color":"","overlay-opacity":"","overlay-gradient":""},"mobile":{"background-color":"","background-image":"","background-repeat":"repeat","background-position":"center center","background-size":"auto","background-attachment":"scroll","background-type":"","background-media":"","overlay-type":"","overlay-color":"","overlay-opacity":"","overlay-gradient":""}},"ast-content-background-meta":{"desktop":{"background-color":"var(--ast-global-color-5)","background-image":"","background-repeat":"repeat","background-position":"center center","background-size":"auto","background-attachment":"scroll","background-type":"","background-media":"","overlay-type":"","overlay-color":"","overlay-opacity":"","overlay-gradient":""},"tablet":{"background-color":"var(--ast-global-color-5)","background-image":"","background-repeat":"repeat","background-position":"center center","background-size":"auto","background-attachment":"scroll","background-type":"","background-media":"","overlay-type":"","overlay-color":"","overlay-opacity":"","overlay-gradient":""},"mobile":{"background-color":"var(--ast-global-color-5)","background-image":"","background-repeat":"repeat","background-position":"center center","background-size":"auto","background-attachment":"scroll","background-type":"","background-media":"","overlay-type":"","overlay-color":"","overlay-opacity":"","overlay-gradient":""}}},"pwb-brand":[735],"product_brand":[],"product_cat":[296],"product_tag":[364,374,363],"class_list":{"0":"post-670","1":"product","2":"type-product","3":"status-publish","4":"has-post-thumbnail","6":"pwb-brand-the-bleeding-heart-rum-company","7":"product_cat-rum","8":"product_tag-don-papa","9":"product_tag-masskara","10":"product_tag-rum","11":"desktop-align-center","12":"tablet-align-center","13":"mobile-align-center","14":"ast-product-gallery-layout-horizontal-slider","15":"ast-product-gallery-with-no-image","16":"ast-magnify-disabled","17":"ast-product-tabs-layout-horizontal","18":"ast-qv-on-image","20":"first","21":"instock","22":"shipping-taxable","23":"purchasable","24":"product-type-simple"},"yoast_head":"<!-- This site is optimized with the Yoast SEO plugin v27.4 - https:\/\/yoast.com\/product\/yoast-seo-wordpress\/ -->\n<title>Rum Don Papa Masskara Astucciato - 70cl | Acquista Online su Reliquo<\/title>\n<meta name=\"description\" content=\"Scopri Rum Don Papa Masskara Astucciato - 70cl su Reliquo: qualit\u00e0 garantita, spedizioni rapide e prezzi competitivi. Ordina ora e approfitta delle nostre offerte esclusive.\" \/>\n<meta name=\"robots\" content=\"index, follow, max-snippet:-1, max-image-preview:large, max-video-preview:-1\" \/>\n<link rel=\"canonical\" href=\"http:\/\/reliquo.com\/de\/don-papa-masskara-rum-im-karton-70-cl\/\" \/>\n<meta property=\"og:locale\" content=\"de_DE\" \/>\n<meta property=\"og:type\" content=\"article\" \/>\n<meta property=\"og:title\" content=\"Rum Don Papa Masskara Astucciato - 70cl | Acquista Online su Reliquo\" \/>\n<meta property=\"og:description\" content=\"Scopri Rum Don Papa Masskara Astucciato - 70cl su Reliquo: qualit\u00e0 garantita, spedizioni rapide e prezzi competitivi. Ordina ora e approfitta delle nostre offerte esclusive.\" \/>\n<meta property=\"og:url\" content=\"http:\/\/reliquo.com\/de\/don-papa-masskara-rum-im-karton-70-cl\/\" \/>\n<meta property=\"og:site_name\" content=\"Reliquo\" \/>\n<meta property=\"article:modified_time\" content=\"2025-12-18T14:43:25+00:00\" \/>\n<meta property=\"og:image\" content=\"https:\/\/reliquo.com\/wp-content\/uploads\/2024\/12\/Rum-Don-Papa-Masskara.png\" \/>\n\t<meta property=\"og:image:width\" content=\"2500\" \/>\n\t<meta property=\"og:image:height\" content=\"2500\" \/>\n\t<meta property=\"og:image:type\" content=\"image\/png\" \/>\n<meta name=\"twitter:card\" content=\"summary_large_image\" \/>\n<meta name=\"twitter:label1\" content=\"Gesch\u00e4tzte Lesezeit\" \/>\n\t<meta name=\"twitter:data1\" content=\"1\u00a0Minute\" \/>\n<script type=\"application\/ld+json\" class=\"yoast-schema-graph\">{\"@context\":\"https:\\\/\\\/schema.org\",\"@graph\":[{\"@type\":\"WebPage\",\"@id\":\"http:\\\/\\\/reliquo.com\\\/it\\\/rum-don-papa-masskara-astucciato-70-cl\\\/\",\"url\":\"http:\\\/\\\/reliquo.com\\\/it\\\/rum-don-papa-masskara-astucciato-70-cl\\\/\",\"name\":\"Rum Don Papa Masskara Astucciato - 70cl | Acquista Online su Reliquo\",\"isPartOf\":{\"@id\":\"https:\\\/\\\/reliquo.com\\\/es\\\/#website\"},\"primaryImageOfPage\":{\"@id\":\"http:\\\/\\\/reliquo.com\\\/it\\\/rum-don-papa-masskara-astucciato-70-cl\\\/#primaryimage\"},\"image\":{\"@id\":\"http:\\\/\\\/reliquo.com\\\/it\\\/rum-don-papa-masskara-astucciato-70-cl\\\/#primaryimage\"},\"thumbnailUrl\":\"https:\\\/\\\/reliquo.com\\\/wp-content\\\/uploads\\\/2024\\\/12\\\/Rum-Don-Papa-Masskara.png\",\"datePublished\":\"2024-12-17T14:18:54+00:00\",\"dateModified\":\"2025-12-18T14:43:25+00:00\",\"description\":\"Scopri Rum Don Papa Masskara Astucciato - 70cl su Reliquo: qualit\u00e0 garantita, spedizioni rapide e prezzi competitivi. Ordina ora e approfitta delle nostre offerte esclusive.\",\"breadcrumb\":{\"@id\":\"http:\\\/\\\/reliquo.com\\\/it\\\/rum-don-papa-masskara-astucciato-70-cl\\\/#breadcrumb\"},\"inLanguage\":\"de\",\"potentialAction\":[{\"@type\":\"ReadAction\",\"target\":[\"http:\\\/\\\/reliquo.com\\\/it\\\/rum-don-papa-masskara-astucciato-70-cl\\\/\"]}]},{\"@type\":\"ImageObject\",\"inLanguage\":\"de\",\"@id\":\"http:\\\/\\\/reliquo.com\\\/it\\\/rum-don-papa-masskara-astucciato-70-cl\\\/#primaryimage\",\"url\":\"https:\\\/\\\/reliquo.com\\\/wp-content\\\/uploads\\\/2024\\\/12\\\/Rum-Don-Papa-Masskara.png\",\"contentUrl\":\"https:\\\/\\\/reliquo.com\\\/wp-content\\\/uploads\\\/2024\\\/12\\\/Rum-Don-Papa-Masskara.png\",\"width\":2500,\"height\":2500,\"caption\":\"Rum Don Papa Masskara Astucciato \u2013 70cl\"},{\"@type\":\"BreadcrumbList\",\"@id\":\"http:\\\/\\\/reliquo.com\\\/it\\\/rum-don-papa-masskara-astucciato-70-cl\\\/#breadcrumb\",\"itemListElement\":[{\"@type\":\"ListItem\",\"position\":1,\"name\":\"Home\",\"item\":\"http:\\\/\\\/reliquo.com\\\/it\\\/\"},{\"@type\":\"ListItem\",\"position\":2,\"name\":\"Shop\",\"item\":\"http:\\\/\\\/reliquo.com\\\/it\\\/shop\\\/\"},{\"@type\":\"ListItem\",\"position\":3,\"name\":\"Rum Don Papa Masskara Astucciato &#8211; 70cl\"}]},{\"@type\":\"WebSite\",\"@id\":\"https:\\\/\\\/reliquo.com\\\/es\\\/#website\",\"url\":\"https:\\\/\\\/reliquo.com\\\/es\\\/\",\"name\":\"Reliquo\",\"description\":\"La tua enoteca online: scopri vini, liquori e distillati d\u2019eccellenza.\",\"publisher\":{\"@id\":\"https:\\\/\\\/reliquo.com\\\/es\\\/#organization\"},\"potentialAction\":[{\"@type\":\"SearchAction\",\"target\":{\"@type\":\"EntryPoint\",\"urlTemplate\":\"https:\\\/\\\/reliquo.com\\\/es\\\/?s={search_term_string}\"},\"query-input\":{\"@type\":\"PropertyValueSpecification\",\"valueRequired\":true,\"valueName\":\"search_term_string\"}}],\"inLanguage\":\"de\"},{\"@type\":\"Organization\",\"@id\":\"https:\\\/\\\/reliquo.com\\\/es\\\/#organization\",\"name\":\"Reliquo\",\"url\":\"https:\\\/\\\/reliquo.com\\\/es\\\/\",\"logo\":{\"@type\":\"ImageObject\",\"inLanguage\":\"de\",\"@id\":\"https:\\\/\\\/reliquo.com\\\/es\\\/#\\\/schema\\\/logo\\\/image\\\/\",\"url\":\"https:\\\/\\\/reliquo.com\\\/wp-content\\\/uploads\\\/2024\\\/12\\\/cropped-favicon-1.png\",\"contentUrl\":\"https:\\\/\\\/reliquo.com\\\/wp-content\\\/uploads\\\/2024\\\/12\\\/cropped-favicon-1.png\",\"width\":512,\"height\":512,\"caption\":\"Reliquo\"},\"image\":{\"@id\":\"https:\\\/\\\/reliquo.com\\\/es\\\/#\\\/schema\\\/logo\\\/image\\\/\"}}]}<\/script>\n<!-- \/ Yoast SEO plugin. -->","yoast_head_json":{"title":"Rum Don Papa Masskara Astucciato - 70cl | Online kaufen bei Reliquo","description":"Entdecken Sie Rum Don Papa Masskara Astucciato - 70cl bei Reliquo: garantierte Qualit\u00e4t, schnelle Lieferung und g\u00fcnstige Preise. Bestellen Sie jetzt und profitieren Sie von unseren exklusiven Angeboten.","robots":{"index":"index","follow":"follow","max-snippet":"max-snippet:-1","max-image-preview":"max-image-preview:large","max-video-preview":"max-video-preview:-1"},"canonical":"http:\/\/reliquo.com\/de\/don-papa-masskara-rum-im-karton-70-cl\/","og_locale":"de_DE","og_type":"article","og_title":"Rum Don Papa Masskara Astucciato - 70cl | Acquista Online su Reliquo","og_description":"Scopri Rum Don Papa Masskara Astucciato - 70cl su Reliquo: qualit\u00e0 garantita, spedizioni rapide e prezzi competitivi. Ordina ora e approfitta delle nostre offerte esclusive.","og_url":"http:\/\/reliquo.com\/de\/don-papa-masskara-rum-im-karton-70-cl\/","og_site_name":"Reliquo","article_modified_time":"2025-12-18T14:43:25+00:00","og_image":[{"width":2500,"height":2500,"url":"https:\/\/reliquo.com\/wp-content\/uploads\/2024\/12\/Rum-Don-Papa-Masskara.png","type":"image\/png"}],"twitter_card":"summary_large_image","twitter_misc":{"Gesch\u00e4tzte Lesezeit":"1\u00a0Minute"},"schema":{"@context":"https:\/\/schema.org","@graph":[{"@type":"WebPage","@id":"http:\/\/reliquo.com\/it\/rum-don-papa-masskara-astucciato-70-cl\/","url":"http:\/\/reliquo.com\/it\/rum-don-papa-masskara-astucciato-70-cl\/","name":"Rum Don Papa Masskara Astucciato - 70cl | Online kaufen bei Reliquo","isPartOf":{"@id":"https:\/\/reliquo.com\/es\/#website"},"primaryImageOfPage":{"@id":"http:\/\/reliquo.com\/it\/rum-don-papa-masskara-astucciato-70-cl\/#primaryimage"},"image":{"@id":"http:\/\/reliquo.com\/it\/rum-don-papa-masskara-astucciato-70-cl\/#primaryimage"},"thumbnailUrl":"https:\/\/reliquo.com\/wp-content\/uploads\/2024\/12\/Rum-Don-Papa-Masskara.png","datePublished":"2024-12-17T14:18:54+00:00","dateModified":"2025-12-18T14:43:25+00:00","description":"Entdecken Sie Rum Don Papa Masskara Astucciato - 70cl bei Reliquo: garantierte Qualit\u00e4t, schnelle Lieferung und g\u00fcnstige Preise. Bestellen Sie jetzt und profitieren Sie von unseren exklusiven Angeboten.","breadcrumb":{"@id":"http:\/\/reliquo.com\/it\/rum-don-papa-masskara-astucciato-70-cl\/#breadcrumb"},"inLanguage":"de","potentialAction":[{"@type":"ReadAction","target":["http:\/\/reliquo.com\/it\/rum-don-papa-masskara-astucciato-70-cl\/"]}]},{"@type":"ImageObject","inLanguage":"de","@id":"http:\/\/reliquo.com\/it\/rum-don-papa-masskara-astucciato-70-cl\/#primaryimage","url":"https:\/\/reliquo.com\/wp-content\/uploads\/2024\/12\/Rum-Don-Papa-Masskara.png","contentUrl":"https:\/\/reliquo.com\/wp-content\/uploads\/2024\/12\/Rum-Don-Papa-Masskara.png","width":2500,"height":2500,"caption":"Rum Don Papa Masskara Astucciato \u2013 70cl"},{"@type":"BreadcrumbList","@id":"http:\/\/reliquo.com\/it\/rum-don-papa-masskara-astucciato-70-cl\/#breadcrumb","itemListElement":[{"@type":"ListItem","position":1,"name":"Home","item":"http:\/\/reliquo.com\/it\/"},{"@type":"ListItem","position":2,"name":"Shop","item":"http:\/\/reliquo.com\/it\/shop\/"},{"@type":"ListItem","position":3,"name":"Rum Don Papa Masskara Astucciato &#8211; 70cl"}]},{"@type":"WebSite","@id":"https:\/\/reliquo.com\/es\/#website","url":"https:\/\/reliquo.com\/es\/","name":"Reliquie","description":"Ihre Online-Weinhandlung: Entdecken Sie ausgezeichnete Weine, Spirituosen und Lik\u00f6re.","publisher":{"@id":"https:\/\/reliquo.com\/es\/#organization"},"potentialAction":[{"@type":"SearchAction","target":{"@type":"EntryPoint","urlTemplate":"https:\/\/reliquo.com\/es\/?s={search_term_string}"},"query-input":{"@type":"PropertyValueSpecification","valueRequired":true,"valueName":"search_term_string"}}],"inLanguage":"de"},{"@type":"Organization","@id":"https:\/\/reliquo.com\/es\/#organization","name":"Reliquie","url":"https:\/\/reliquo.com\/es\/","logo":{"@type":"ImageObject","inLanguage":"de","@id":"https:\/\/reliquo.com\/es\/#\/schema\/logo\/image\/","url":"https:\/\/reliquo.com\/wp-content\/uploads\/2024\/12\/cropped-favicon-1.png","contentUrl":"https:\/\/reliquo.com\/wp-content\/uploads\/2024\/12\/cropped-favicon-1.png","width":512,"height":512,"caption":"Reliquo"},"image":{"@id":"https:\/\/reliquo.com\/es\/#\/schema\/logo\/image\/"}}]}},"jetpack_sharing_enabled":true,"brands":[{"id":735,"name":"Die Bleeding Heart Rum Company","slug":"die-bleeding-heart-rum-company"}],"_links":{"self":[{"href":"https:\/\/reliquo.com\/de\/wp-json\/wp\/v2\/product\/670","targetHints":{"allow":["GET"]}}],"collection":[{"href":"https:\/\/reliquo.com\/de\/wp-json\/wp\/v2\/product"}],"about":[{"href":"https:\/\/reliquo.com\/de\/wp-json\/wp\/v2\/types\/product"}],"wp:featuredmedia":[{"embeddable":true,"href":"https:\/\/reliquo.com\/de\/wp-json\/wp\/v2\/media\/179"}],"wp:attachment":[{"href":"https:\/\/reliquo.com\/de\/wp-json\/wp\/v2\/media?parent=670"}],"wp:term":[{"taxonomy":"pwb-brand","embeddable":true,"href":"https:\/\/reliquo.com\/de\/wp-json\/wp\/v2\/pwb-brand?post=670"},{"taxonomy":"product_brand","embeddable":true,"href":"https:\/\/reliquo.com\/de\/wp-json\/wp\/v2\/product_brand?post=670"},{"taxonomy":"product_cat","embeddable":true,"href":"https:\/\/reliquo.com\/de\/wp-json\/wp\/v2\/product_cat?post=670"},{"taxonomy":"product_tag","embeddable":true,"href":"https:\/\/reliquo.com\/de\/wp-json\/wp\/v2\/product_tag?post=670"}],"curies":[{"name":"wp","href":"https:\/\/api.w.org\/{rel}","templated":true}]}}