{"id":656,"date":"2024-12-17T15:18:53","date_gmt":"2024-12-17T14:18:53","guid":{"rendered":"https:\/\/reliquo.com\/?post_type=product&#038;p=656"},"modified":"2025-12-18T15:43:24","modified_gmt":"2025-12-18T14:43:24","slug":"grappa-bonollo-der-hundertjahrigen-reserve-70cl","status":"publish","type":"product","link":"https:\/\/reliquo.com\/de\/grappa-bonollo-of-centennial-reserve-70cl\/","title":{"rendered":"Grappa Bonollo OF Centennial Reserve - 70cl"},"content":{"rendered":"<p>Die abgerundete Form der Flaschenschultern unterstreicht die \u00fcberraschende Sanftheit dieses Grappas. Die urspr\u00fcngliche schwarze Glasflasche ist in der Tat ein Bindeglied, das uns in die Tradition des Grappa zur\u00fcckf\u00fchrt: nur die au\u00dfergew\u00f6hnlichen Reserven wurden in dunklen, fast schwarzen Flaschen aufbewahrt.Die Flasche ist in einen sehr eleganten Anzug aus hochwertigem Leder gekleidet, um das Gef\u00fchl des Genusses und der Eleganz zu vermitteln, das dieser Grappa bei der Verkostung hervorruft.Die Stickerei des kupferfarbenen Of-Logos ist nicht nur ein weiterer eleganter Akzent, sondern eine bewusste Anspielung auf das Kupfer der Dampfdestillierapparate, mit denen die Familie Bonollo zu Beginn des letzten Jahrhunderts als eine der ersten in der Welt des Grappa experimentierte. grappa.Imperial Taste Of Amarone Barrique wurde als ein Meisterwerk aromatischer Intensit\u00e4t konzipiert, das in der Lage ist, die Tradition, die Leidenschaft und die Innovationsf\u00e4higkeit der Familie Bonollo zum hundertsten Jahrestag der Gr\u00fcndung des Familienunternehmens auf h\u00f6chstem Niveau zu zelebrieren. So entstand ein neues, sehr involvierendes sensorisches Erlebnis, das f\u00fcr die anspruchsvollsten Genie\u00dfer bestimmt ist, die besonders daran interessiert sind, intensive und involvierende Empfindungen zu entdecken. Die Destillation erfolgt in diskontinuierlichen Brennblasen nach dem einzigartigen Bonollo-Produktionssystem mit dem Ziel, einen Grappa zu erhalten, der so besonders ist, dass er sowohl durch seine Kraft und aromatische Intensit\u00e4t als auch durch seine Sanftheit \u00fcberrascht.Die Reifung erfolgt in speziellen Barriques aus franz\u00f6sischer Eiche, in denen dieser Grappa langsam zu einer sehr gesch\u00e4tzten Reserve reift.<\/p>","protected":false},"excerpt":{"rendered":"<p>La forma arrotondata delle spalle della bottiglia insiste sulla morbidezza sorprendente di questa grappa. L\u2019originale bottiglia in vetro nero \u00e8 [&hellip;]<\/p>\n","protected":false},"featured_media":116,"template":"","meta":{"site-sidebar-layout":"","site-content-layout":"","ast-site-content-layout":"","site-content-style":"","site-sidebar-style":"","ast-global-header-display":"","ast-banner-title-visibility":"","ast-main-header-display":"","ast-hfb-above-header-display":"","ast-hfb-below-header-display":"","ast-hfb-mobile-header-display":"","site-post-title":"","ast-breadcrumbs-content":"","ast-featured-img":"","footer-sml-layout":"","ast-disable-related-posts":"","theme-transparent-header-meta":"","adv-header-id-meta":"","stick-header-meta":"","header-above-stick-meta":"","header-main-stick-meta":"","header-below-stick-meta":"","astra-migrate-meta-layouts":"","ast-page-background-enabled":"default","ast-page-background-meta":{"desktop":{"background-color":"var(--ast-global-color-4)","background-image":"","background-repeat":"repeat","background-position":"center center","background-size":"auto","background-attachment":"scroll","background-type":"","background-media":"","overlay-type":"","overlay-color":"","overlay-opacity":"","overlay-gradient":""},"tablet":{"background-color":"","background-image":"","background-repeat":"repeat","background-position":"center center","background-size":"auto","background-attachment":"scroll","background-type":"","background-media":"","overlay-type":"","overlay-color":"","overlay-opacity":"","overlay-gradient":""},"mobile":{"background-color":"","background-image":"","background-repeat":"repeat","background-position":"center center","background-size":"auto","background-attachment":"scroll","background-type":"","background-media":"","overlay-type":"","overlay-color":"","overlay-opacity":"","overlay-gradient":""}},"ast-content-background-meta":{"desktop":{"background-color":"var(--ast-global-color-5)","background-image":"","background-repeat":"repeat","background-position":"center center","background-size":"auto","background-attachment":"scroll","background-type":"","background-media":"","overlay-type":"","overlay-color":"","overlay-opacity":"","overlay-gradient":""},"tablet":{"background-color":"var(--ast-global-color-5)","background-image":"","background-repeat":"repeat","background-position":"center center","background-size":"auto","background-attachment":"scroll","background-type":"","background-media":"","overlay-type":"","overlay-color":"","overlay-opacity":"","overlay-gradient":""},"mobile":{"background-color":"var(--ast-global-color-5)","background-image":"","background-repeat":"repeat","background-position":"center center","background-size":"auto","background-attachment":"scroll","background-type":"","background-media":"","overlay-type":"","overlay-color":"","overlay-opacity":"","overlay-gradient":""}}},"pwb-brand":[684],"product_brand":[],"product_cat":[295],"product_tag":[313,356,339,314,357],"class_list":{"0":"post-656","1":"product","2":"type-product","3":"status-publish","4":"has-post-thumbnail","6":"pwb-brand-bonollo","7":"product_cat-grappe","8":"product_tag-bonollo","9":"product_tag-centennial","10":"product_tag-grappa","11":"product_tag-of","12":"product_tag-reserve","13":"desktop-align-center","14":"tablet-align-center","15":"mobile-align-center","16":"ast-product-gallery-layout-horizontal-slider","17":"ast-product-gallery-with-no-image","18":"ast-magnify-disabled","19":"ast-product-tabs-layout-horizontal","20":"ast-qv-on-image","22":"first","23":"outofstock","24":"sale","25":"shipping-taxable","26":"purchasable","27":"product-type-simple"},"yoast_head":"<!-- This site is optimized with the Yoast SEO plugin v27.4 - https:\/\/yoast.com\/product\/yoast-seo-wordpress\/ -->\n<title>Grappa Bonollo OF Centennial Reserve - 70cl | Acquista Online su Reliquo<\/title>\n<meta name=\"description\" content=\"Scopri Grappa Bonollo OF Centennial Reserve - 70cl su Reliquo: qualit\u00e0 garantita, spedizioni rapide e prezzi competitivi. Ordina ora e approfitta delle nostre offerte esclusive.\" \/>\n<meta name=\"robots\" content=\"index, follow, max-snippet:-1, max-image-preview:large, max-video-preview:-1\" \/>\n<link rel=\"canonical\" href=\"http:\/\/reliquo.com\/de\/grappa-bonollo-der-hundertjahrigen-reserve-70cl\/\" \/>\n<meta property=\"og:locale\" content=\"de_DE\" \/>\n<meta property=\"og:type\" content=\"article\" \/>\n<meta property=\"og:title\" content=\"Grappa Bonollo OF Centennial Reserve - 70cl | Acquista Online su Reliquo\" \/>\n<meta property=\"og:description\" content=\"Scopri Grappa Bonollo OF Centennial Reserve - 70cl su Reliquo: qualit\u00e0 garantita, spedizioni rapide e prezzi competitivi. Ordina ora e approfitta delle nostre offerte esclusive.\" \/>\n<meta property=\"og:url\" content=\"http:\/\/reliquo.com\/de\/grappa-bonollo-der-hundertjahrigen-reserve-70cl\/\" \/>\n<meta property=\"og:site_name\" content=\"Reliquo\" \/>\n<meta property=\"article:modified_time\" content=\"2025-12-18T14:43:24+00:00\" \/>\n<meta property=\"og:image\" content=\"https:\/\/reliquo.com\/wp-content\/uploads\/2024\/12\/Grappa-OF-Centennial-Reserve-Bonollo.png\" \/>\n\t<meta property=\"og:image:width\" content=\"2500\" \/>\n\t<meta property=\"og:image:height\" content=\"2500\" \/>\n\t<meta property=\"og:image:type\" content=\"image\/png\" \/>\n<meta name=\"twitter:card\" content=\"summary_large_image\" \/>\n<meta name=\"twitter:label1\" content=\"Gesch\u00e4tzte Lesezeit\" \/>\n\t<meta name=\"twitter:data1\" content=\"1\u00a0Minute\" \/>\n<script type=\"application\/ld+json\" class=\"yoast-schema-graph\">{\"@context\":\"https:\\\/\\\/schema.org\",\"@graph\":[{\"@type\":\"WebPage\",\"@id\":\"http:\\\/\\\/reliquo.com\\\/it\\\/grappa-bonollo-of-centennial-reserve-70cl\\\/\",\"url\":\"http:\\\/\\\/reliquo.com\\\/it\\\/grappa-bonollo-of-centennial-reserve-70cl\\\/\",\"name\":\"Grappa Bonollo OF Centennial Reserve - 70cl | Acquista Online su Reliquo\",\"isPartOf\":{\"@id\":\"https:\\\/\\\/reliquo.com\\\/es\\\/#website\"},\"primaryImageOfPage\":{\"@id\":\"http:\\\/\\\/reliquo.com\\\/it\\\/grappa-bonollo-of-centennial-reserve-70cl\\\/#primaryimage\"},\"image\":{\"@id\":\"http:\\\/\\\/reliquo.com\\\/it\\\/grappa-bonollo-of-centennial-reserve-70cl\\\/#primaryimage\"},\"thumbnailUrl\":\"https:\\\/\\\/reliquo.com\\\/wp-content\\\/uploads\\\/2024\\\/12\\\/Grappa-OF-Centennial-Reserve-Bonollo.png\",\"datePublished\":\"2024-12-17T14:18:53+00:00\",\"dateModified\":\"2025-12-18T14:43:24+00:00\",\"description\":\"Scopri Grappa Bonollo OF Centennial Reserve - 70cl su Reliquo: qualit\u00e0 garantita, spedizioni rapide e prezzi competitivi. Ordina ora e approfitta delle nostre offerte esclusive.\",\"breadcrumb\":{\"@id\":\"http:\\\/\\\/reliquo.com\\\/it\\\/grappa-bonollo-of-centennial-reserve-70cl\\\/#breadcrumb\"},\"inLanguage\":\"de\",\"potentialAction\":[{\"@type\":\"ReadAction\",\"target\":[\"http:\\\/\\\/reliquo.com\\\/it\\\/grappa-bonollo-of-centennial-reserve-70cl\\\/\"]}]},{\"@type\":\"ImageObject\",\"inLanguage\":\"de\",\"@id\":\"http:\\\/\\\/reliquo.com\\\/it\\\/grappa-bonollo-of-centennial-reserve-70cl\\\/#primaryimage\",\"url\":\"https:\\\/\\\/reliquo.com\\\/wp-content\\\/uploads\\\/2024\\\/12\\\/Grappa-OF-Centennial-Reserve-Bonollo.png\",\"contentUrl\":\"https:\\\/\\\/reliquo.com\\\/wp-content\\\/uploads\\\/2024\\\/12\\\/Grappa-OF-Centennial-Reserve-Bonollo.png\",\"width\":2500,\"height\":2500,\"caption\":\"Grappa Bonollo OF Centennial Reserve \u2013 70cl\"},{\"@type\":\"BreadcrumbList\",\"@id\":\"http:\\\/\\\/reliquo.com\\\/it\\\/grappa-bonollo-of-centennial-reserve-70cl\\\/#breadcrumb\",\"itemListElement\":[{\"@type\":\"ListItem\",\"position\":1,\"name\":\"Home\",\"item\":\"http:\\\/\\\/reliquo.com\\\/it\\\/\"},{\"@type\":\"ListItem\",\"position\":2,\"name\":\"Shop\",\"item\":\"http:\\\/\\\/reliquo.com\\\/it\\\/shop\\\/\"},{\"@type\":\"ListItem\",\"position\":3,\"name\":\"Grappa Bonollo OF Centennial Reserve &#8211; 70cl\"}]},{\"@type\":\"WebSite\",\"@id\":\"https:\\\/\\\/reliquo.com\\\/es\\\/#website\",\"url\":\"https:\\\/\\\/reliquo.com\\\/es\\\/\",\"name\":\"Reliquo\",\"description\":\"La tua enoteca online: scopri vini, liquori e distillati d\u2019eccellenza.\",\"publisher\":{\"@id\":\"https:\\\/\\\/reliquo.com\\\/es\\\/#organization\"},\"potentialAction\":[{\"@type\":\"SearchAction\",\"target\":{\"@type\":\"EntryPoint\",\"urlTemplate\":\"https:\\\/\\\/reliquo.com\\\/es\\\/?s={search_term_string}\"},\"query-input\":{\"@type\":\"PropertyValueSpecification\",\"valueRequired\":true,\"valueName\":\"search_term_string\"}}],\"inLanguage\":\"de\"},{\"@type\":\"Organization\",\"@id\":\"https:\\\/\\\/reliquo.com\\\/es\\\/#organization\",\"name\":\"Reliquo\",\"url\":\"https:\\\/\\\/reliquo.com\\\/es\\\/\",\"logo\":{\"@type\":\"ImageObject\",\"inLanguage\":\"de\",\"@id\":\"https:\\\/\\\/reliquo.com\\\/es\\\/#\\\/schema\\\/logo\\\/image\\\/\",\"url\":\"https:\\\/\\\/reliquo.com\\\/wp-content\\\/uploads\\\/2024\\\/12\\\/cropped-favicon-1.png\",\"contentUrl\":\"https:\\\/\\\/reliquo.com\\\/wp-content\\\/uploads\\\/2024\\\/12\\\/cropped-favicon-1.png\",\"width\":512,\"height\":512,\"caption\":\"Reliquo\"},\"image\":{\"@id\":\"https:\\\/\\\/reliquo.com\\\/es\\\/#\\\/schema\\\/logo\\\/image\\\/\"}}]}<\/script>\n<!-- \/ Yoast SEO plugin. -->","yoast_head_json":{"title":"Grappa Bonollo OF Centennial Reserve - 70cl | Online kaufen bei Reliquo","description":"Entdecken Sie Grappa Bonollo OF Centennial Reserve - 70cl bei Reliquo: garantierte Qualit\u00e4t, schneller Versand und g\u00fcnstige Preise. Bestellen Sie jetzt und profitieren Sie von unseren exklusiven Angeboten.","robots":{"index":"index","follow":"follow","max-snippet":"max-snippet:-1","max-image-preview":"max-image-preview:large","max-video-preview":"max-video-preview:-1"},"canonical":"http:\/\/reliquo.com\/de\/grappa-bonollo-der-hundertjahrigen-reserve-70cl\/","og_locale":"de_DE","og_type":"article","og_title":"Grappa Bonollo OF Centennial Reserve - 70cl | Acquista Online su Reliquo","og_description":"Scopri Grappa Bonollo OF Centennial Reserve - 70cl su Reliquo: qualit\u00e0 garantita, spedizioni rapide e prezzi competitivi. Ordina ora e approfitta delle nostre offerte esclusive.","og_url":"http:\/\/reliquo.com\/de\/grappa-bonollo-der-hundertjahrigen-reserve-70cl\/","og_site_name":"Reliquo","article_modified_time":"2025-12-18T14:43:24+00:00","og_image":[{"width":2500,"height":2500,"url":"https:\/\/reliquo.com\/wp-content\/uploads\/2024\/12\/Grappa-OF-Centennial-Reserve-Bonollo.png","type":"image\/png"}],"twitter_card":"summary_large_image","twitter_misc":{"Gesch\u00e4tzte Lesezeit":"1\u00a0Minute"},"schema":{"@context":"https:\/\/schema.org","@graph":[{"@type":"WebPage","@id":"http:\/\/reliquo.com\/it\/grappa-bonollo-of-centennial-reserve-70cl\/","url":"http:\/\/reliquo.com\/it\/grappa-bonollo-of-centennial-reserve-70cl\/","name":"Grappa Bonollo OF Centennial Reserve - 70cl | Online kaufen bei Reliquo","isPartOf":{"@id":"https:\/\/reliquo.com\/es\/#website"},"primaryImageOfPage":{"@id":"http:\/\/reliquo.com\/it\/grappa-bonollo-of-centennial-reserve-70cl\/#primaryimage"},"image":{"@id":"http:\/\/reliquo.com\/it\/grappa-bonollo-of-centennial-reserve-70cl\/#primaryimage"},"thumbnailUrl":"https:\/\/reliquo.com\/wp-content\/uploads\/2024\/12\/Grappa-OF-Centennial-Reserve-Bonollo.png","datePublished":"2024-12-17T14:18:53+00:00","dateModified":"2025-12-18T14:43:24+00:00","description":"Entdecken Sie Grappa Bonollo OF Centennial Reserve - 70cl bei Reliquo: garantierte Qualit\u00e4t, schneller Versand und g\u00fcnstige Preise. Bestellen Sie jetzt und profitieren Sie von unseren exklusiven Angeboten.","breadcrumb":{"@id":"http:\/\/reliquo.com\/it\/grappa-bonollo-of-centennial-reserve-70cl\/#breadcrumb"},"inLanguage":"de","potentialAction":[{"@type":"ReadAction","target":["http:\/\/reliquo.com\/it\/grappa-bonollo-of-centennial-reserve-70cl\/"]}]},{"@type":"ImageObject","inLanguage":"de","@id":"http:\/\/reliquo.com\/it\/grappa-bonollo-of-centennial-reserve-70cl\/#primaryimage","url":"https:\/\/reliquo.com\/wp-content\/uploads\/2024\/12\/Grappa-OF-Centennial-Reserve-Bonollo.png","contentUrl":"https:\/\/reliquo.com\/wp-content\/uploads\/2024\/12\/Grappa-OF-Centennial-Reserve-Bonollo.png","width":2500,"height":2500,"caption":"Grappa Bonollo OF Centennial Reserve \u2013 70cl"},{"@type":"BreadcrumbList","@id":"http:\/\/reliquo.com\/it\/grappa-bonollo-of-centennial-reserve-70cl\/#breadcrumb","itemListElement":[{"@type":"ListItem","position":1,"name":"Home","item":"http:\/\/reliquo.com\/it\/"},{"@type":"ListItem","position":2,"name":"Shop","item":"http:\/\/reliquo.com\/it\/shop\/"},{"@type":"ListItem","position":3,"name":"Grappa Bonollo OF Centennial Reserve &#8211; 70cl"}]},{"@type":"WebSite","@id":"https:\/\/reliquo.com\/es\/#website","url":"https:\/\/reliquo.com\/es\/","name":"Reliquie","description":"Ihre Online-Weinhandlung: Entdecken Sie ausgezeichnete Weine, Spirituosen und Lik\u00f6re.","publisher":{"@id":"https:\/\/reliquo.com\/es\/#organization"},"potentialAction":[{"@type":"SearchAction","target":{"@type":"EntryPoint","urlTemplate":"https:\/\/reliquo.com\/es\/?s={search_term_string}"},"query-input":{"@type":"PropertyValueSpecification","valueRequired":true,"valueName":"search_term_string"}}],"inLanguage":"de"},{"@type":"Organization","@id":"https:\/\/reliquo.com\/es\/#organization","name":"Reliquie","url":"https:\/\/reliquo.com\/es\/","logo":{"@type":"ImageObject","inLanguage":"de","@id":"https:\/\/reliquo.com\/es\/#\/schema\/logo\/image\/","url":"https:\/\/reliquo.com\/wp-content\/uploads\/2024\/12\/cropped-favicon-1.png","contentUrl":"https:\/\/reliquo.com\/wp-content\/uploads\/2024\/12\/cropped-favicon-1.png","width":512,"height":512,"caption":"Reliquo"},"image":{"@id":"https:\/\/reliquo.com\/es\/#\/schema\/logo\/image\/"}}]}},"jetpack_sharing_enabled":true,"brands":[{"id":684,"name":"Bonollo","slug":"bonollo"}],"_links":{"self":[{"href":"https:\/\/reliquo.com\/de\/wp-json\/wp\/v2\/product\/656","targetHints":{"allow":["GET"]}}],"collection":[{"href":"https:\/\/reliquo.com\/de\/wp-json\/wp\/v2\/product"}],"about":[{"href":"https:\/\/reliquo.com\/de\/wp-json\/wp\/v2\/types\/product"}],"wp:featuredmedia":[{"embeddable":true,"href":"https:\/\/reliquo.com\/de\/wp-json\/wp\/v2\/media\/116"}],"wp:attachment":[{"href":"https:\/\/reliquo.com\/de\/wp-json\/wp\/v2\/media?parent=656"}],"wp:term":[{"taxonomy":"pwb-brand","embeddable":true,"href":"https:\/\/reliquo.com\/de\/wp-json\/wp\/v2\/pwb-brand?post=656"},{"taxonomy":"product_brand","embeddable":true,"href":"https:\/\/reliquo.com\/de\/wp-json\/wp\/v2\/product_brand?post=656"},{"taxonomy":"product_cat","embeddable":true,"href":"https:\/\/reliquo.com\/de\/wp-json\/wp\/v2\/product_cat?post=656"},{"taxonomy":"product_tag","embeddable":true,"href":"https:\/\/reliquo.com\/de\/wp-json\/wp\/v2\/product_tag?post=656"}],"curies":[{"name":"wp","href":"https:\/\/api.w.org\/{rel}","templated":true}]}}