{"id":634,"date":"2024-12-17T15:18:50","date_gmt":"2024-12-17T14:18:50","guid":{"rendered":"https:\/\/reliquo.com\/?post_type=product&#038;p=634"},"modified":"2026-03-19T09:34:06","modified_gmt":"2026-03-19T08:34:06","slug":"gin-etna-70cl","status":"publish","type":"product","link":"https:\/\/reliquo.com\/de\/gin-etna-70cl\/","title":{"rendered":"Gin \u00c4tna - 70cl"},"content":{"rendered":"<p>Gin 'Etna' Amacardo ist ein Destillat mit einer einzigartigen Pers\u00f6nlichkeit. Er wird an den H\u00e4ngen des Vulkans hergestellt und verdichtet seinen ganzen Geist und starken, gro\u00dfz\u00fcgigen Charakter. Es handelt sich um einen sonnigen, mediterranen Gin, der aus Pflanzen hergestellt wird, die an den H\u00e4ngen des \u00c4tna geerntet und ausgew\u00e4hlt wurden, was ihm eine starke territoriale Pr\u00e4gung verleiht. Neben dem klassischen balsamischen Aroma des Wacholders wird der Gin durch die Noten von Heil- und Wildkr\u00e4utern der Flora des \u00c4tna bereichert, unter denen die wilde Distel, besser bekannt als \u00c4tna-Artischocke, besonders hervorsticht und dem Gin eine intensive Nuance mit angenehmen Artischockennoten verleiht.<\/p>","protected":false},"excerpt":{"rendered":"<p>Gin \u201cEtna\u201d Amacardo \u00e8 un distillato dalla personalit\u00e0 unica. Viene prodotto alle pendici del vulcano e ne condensa tutto lo [&hellip;]<\/p>\n","protected":false},"featured_media":68,"template":"","meta":{"site-sidebar-layout":"default","site-content-layout":"","ast-site-content-layout":"default","site-content-style":"default","site-sidebar-style":"default","ast-global-header-display":"","ast-banner-title-visibility":"","ast-main-header-display":"","ast-hfb-above-header-display":"","ast-hfb-below-header-display":"","ast-hfb-mobile-header-display":"","site-post-title":"","ast-breadcrumbs-content":"","ast-featured-img":"","footer-sml-layout":"","ast-disable-related-posts":"","theme-transparent-header-meta":"default","adv-header-id-meta":"","stick-header-meta":"default","header-above-stick-meta":"","header-main-stick-meta":"","header-below-stick-meta":"","astra-migrate-meta-layouts":"set","ast-page-background-enabled":"default","ast-page-background-meta":{"desktop":{"background-color":"var(--ast-global-color-4)","background-image":"","background-repeat":"repeat","background-position":"center center","background-size":"auto","background-attachment":"scroll","background-type":"","background-media":"","overlay-type":"","overlay-color":"","overlay-opacity":"","overlay-gradient":""},"tablet":{"background-color":"","background-image":"","background-repeat":"repeat","background-position":"center center","background-size":"auto","background-attachment":"scroll","background-type":"","background-media":"","overlay-type":"","overlay-color":"","overlay-opacity":"","overlay-gradient":""},"mobile":{"background-color":"","background-image":"","background-repeat":"repeat","background-position":"center center","background-size":"auto","background-attachment":"scroll","background-type":"","background-media":"","overlay-type":"","overlay-color":"","overlay-opacity":"","overlay-gradient":""}},"ast-content-background-meta":{"desktop":{"background-color":"var(--ast-global-color-5)","background-image":"","background-repeat":"repeat","background-position":"center center","background-size":"auto","background-attachment":"scroll","background-type":"","background-media":"","overlay-type":"","overlay-color":"","overlay-opacity":"","overlay-gradient":""},"tablet":{"background-color":"var(--ast-global-color-5)","background-image":"","background-repeat":"repeat","background-position":"center center","background-size":"auto","background-attachment":"scroll","background-type":"","background-media":"","overlay-type":"","overlay-color":"","overlay-opacity":"","overlay-gradient":""},"mobile":{"background-color":"var(--ast-global-color-5)","background-image":"","background-repeat":"repeat","background-position":"center center","background-size":"auto","background-attachment":"scroll","background-type":"","background-media":"","overlay-type":"","overlay-color":"","overlay-opacity":"","overlay-gradient":""}}},"pwb-brand":[695],"product_brand":[],"product_cat":[291],"product_tag":[329,318],"class_list":{"0":"post-634","1":"product","2":"type-product","3":"status-publish","4":"has-post-thumbnail","6":"pwb-brand-distilleria-belfiore-srl","7":"product_cat-gin","8":"product_tag-etna","9":"product_tag-gin","10":"desktop-align-center","11":"tablet-align-center","12":"mobile-align-center","13":"ast-product-gallery-layout-horizontal-slider","14":"ast-product-gallery-with-no-image","15":"ast-magnify-disabled","16":"ast-product-tabs-layout-horizontal","17":"ast-qv-on-image","19":"first","20":"instock","21":"shipping-taxable","22":"purchasable","23":"product-type-simple"},"yoast_head":"<!-- This site is optimized with the Yoast SEO plugin v27.2 - https:\/\/yoast.com\/product\/yoast-seo-wordpress\/ -->\n<title>Gin Etna - 70cl | Acquista Online su Reliquo<\/title>\n<meta name=\"description\" content=\"Scopri Gin Etna - 70cl su Reliquo: qualit\u00e0 garantita, spedizioni rapide e prezzi competitivi. Ordina ora e approfitta delle nostre offerte esclusive.\" \/>\n<meta name=\"robots\" content=\"index, follow, max-snippet:-1, max-image-preview:large, max-video-preview:-1\" \/>\n<link rel=\"canonical\" href=\"https:\/\/reliquo.com\/de\/gin-etna-70cl\/\" \/>\n<meta property=\"og:locale\" content=\"de_DE\" \/>\n<meta property=\"og:type\" content=\"article\" \/>\n<meta property=\"og:title\" content=\"Gin Etna - 70cl | Acquista Online su Reliquo\" \/>\n<meta property=\"og:description\" content=\"Scopri Gin Etna - 70cl su Reliquo: qualit\u00e0 garantita, spedizioni rapide e prezzi competitivi. Ordina ora e approfitta delle nostre offerte esclusive.\" \/>\n<meta property=\"og:url\" content=\"https:\/\/reliquo.com\/de\/gin-etna-70cl\/\" \/>\n<meta property=\"og:site_name\" content=\"Reliquo\" \/>\n<meta property=\"article:modified_time\" content=\"2026-03-19T08:34:06+00:00\" \/>\n<meta property=\"og:image\" content=\"https:\/\/reliquo.com\/wp-content\/uploads\/2024\/12\/Gin-Etna.png\" \/>\n\t<meta property=\"og:image:width\" content=\"2500\" \/>\n\t<meta property=\"og:image:height\" content=\"2500\" \/>\n\t<meta property=\"og:image:type\" content=\"image\/png\" \/>\n<meta name=\"twitter:card\" content=\"summary_large_image\" \/>\n<meta name=\"twitter:label1\" content=\"Gesch\u00e4tzte Lesezeit\" \/>\n\t<meta name=\"twitter:data1\" content=\"1\u00a0Minute\" \/>\n<script type=\"application\/ld+json\" class=\"yoast-schema-graph\">{\"@context\":\"https:\/\/schema.org\",\"@graph\":[{\"@type\":\"WebPage\",\"@id\":\"https:\/\/reliquo.com\/gin-etna-70cl\/\",\"url\":\"https:\/\/reliquo.com\/gin-etna-70cl\/\",\"name\":\"Gin Etna - 70cl | Acquista Online su Reliquo\",\"isPartOf\":{\"@id\":\"https:\/\/reliquo.com\/es\/#website\"},\"primaryImageOfPage\":{\"@id\":\"https:\/\/reliquo.com\/gin-etna-70cl\/#primaryimage\"},\"image\":{\"@id\":\"https:\/\/reliquo.com\/gin-etna-70cl\/#primaryimage\"},\"thumbnailUrl\":\"https:\/\/reliquo.com\/wp-content\/uploads\/2024\/12\/Gin-Etna.png\",\"datePublished\":\"2024-12-17T14:18:50+00:00\",\"dateModified\":\"2026-03-19T08:34:06+00:00\",\"description\":\"Scopri Gin Etna - 70cl su Reliquo: qualit\u00e0 garantita, spedizioni rapide e prezzi competitivi. Ordina ora e approfitta delle nostre offerte esclusive.\",\"breadcrumb\":{\"@id\":\"https:\/\/reliquo.com\/gin-etna-70cl\/#breadcrumb\"},\"inLanguage\":\"de\",\"potentialAction\":[{\"@type\":\"ReadAction\",\"target\":[\"https:\/\/reliquo.com\/gin-etna-70cl\/\"]}]},{\"@type\":\"ImageObject\",\"inLanguage\":\"de\",\"@id\":\"https:\/\/reliquo.com\/gin-etna-70cl\/#primaryimage\",\"url\":\"https:\/\/reliquo.com\/wp-content\/uploads\/2024\/12\/Gin-Etna.png\",\"contentUrl\":\"https:\/\/reliquo.com\/wp-content\/uploads\/2024\/12\/Gin-Etna.png\",\"width\":2500,\"height\":2500,\"caption\":\"Gin Etna \u2013 70cl\"},{\"@type\":\"BreadcrumbList\",\"@id\":\"https:\/\/reliquo.com\/gin-etna-70cl\/#breadcrumb\",\"itemListElement\":[{\"@type\":\"ListItem\",\"position\":1,\"name\":\"Home\",\"item\":\"http:\/\/reliquo.com\/it\/\"},{\"@type\":\"ListItem\",\"position\":2,\"name\":\"Shop\",\"item\":\"http:\/\/reliquo.com\/it\/shop\/\"},{\"@type\":\"ListItem\",\"position\":3,\"name\":\"Gin Etna &#8211; 70cl\"}]},{\"@type\":\"WebSite\",\"@id\":\"https:\/\/reliquo.com\/es\/#website\",\"url\":\"https:\/\/reliquo.com\/es\/\",\"name\":\"Reliquo\",\"description\":\"La tua enoteca online: scopri vini, liquori e distillati d\u2019eccellenza.\",\"publisher\":{\"@id\":\"https:\/\/reliquo.com\/es\/#organization\"},\"potentialAction\":[{\"@type\":\"SearchAction\",\"target\":{\"@type\":\"EntryPoint\",\"urlTemplate\":\"https:\/\/reliquo.com\/es\/?s={search_term_string}\"},\"query-input\":{\"@type\":\"PropertyValueSpecification\",\"valueRequired\":true,\"valueName\":\"search_term_string\"}}],\"inLanguage\":\"de\"},{\"@type\":\"Organization\",\"@id\":\"https:\/\/reliquo.com\/es\/#organization\",\"name\":\"Reliquo\",\"url\":\"https:\/\/reliquo.com\/es\/\",\"logo\":{\"@type\":\"ImageObject\",\"inLanguage\":\"de\",\"@id\":\"https:\/\/reliquo.com\/es\/#\/schema\/logo\/image\/\",\"url\":\"https:\/\/reliquo.com\/wp-content\/uploads\/2024\/12\/cropped-favicon-1.png\",\"contentUrl\":\"https:\/\/reliquo.com\/wp-content\/uploads\/2024\/12\/cropped-favicon-1.png\",\"width\":512,\"height\":512,\"caption\":\"Reliquo\"},\"image\":{\"@id\":\"https:\/\/reliquo.com\/es\/#\/schema\/logo\/image\/\"}}]}<\/script>\n<!-- \/ Yoast SEO plugin. -->","yoast_head_json":{"title":"Gin Etna - 70cl | Online kaufen bei Reliquo","description":"Entdecken Sie Gin Etna - 70cl bei Reliquo: garantierte Qualit\u00e4t, schnelle Lieferung und g\u00fcnstige Preise. Bestellen Sie jetzt und profitieren Sie von unseren exklusiven Angeboten.","robots":{"index":"index","follow":"follow","max-snippet":"max-snippet:-1","max-image-preview":"max-image-preview:large","max-video-preview":"max-video-preview:-1"},"canonical":"https:\/\/reliquo.com\/de\/gin-etna-70cl\/","og_locale":"de_DE","og_type":"article","og_title":"Gin Etna - 70cl | Acquista Online su Reliquo","og_description":"Scopri Gin Etna - 70cl su Reliquo: qualit\u00e0 garantita, spedizioni rapide e prezzi competitivi. Ordina ora e approfitta delle nostre offerte esclusive.","og_url":"https:\/\/reliquo.com\/de\/gin-etna-70cl\/","og_site_name":"Reliquo","article_modified_time":"2026-03-19T08:34:06+00:00","og_image":[{"width":2500,"height":2500,"url":"https:\/\/reliquo.com\/wp-content\/uploads\/2024\/12\/Gin-Etna.png","type":"image\/png"}],"twitter_card":"summary_large_image","twitter_misc":{"Gesch\u00e4tzte Lesezeit":"1\u00a0Minute"},"schema":{"@context":"https:\/\/schema.org","@graph":[{"@type":"WebPage","@id":"https:\/\/reliquo.com\/gin-etna-70cl\/","url":"https:\/\/reliquo.com\/gin-etna-70cl\/","name":"Gin Etna - 70cl | Online kaufen bei Reliquo","isPartOf":{"@id":"https:\/\/reliquo.com\/es\/#website"},"primaryImageOfPage":{"@id":"https:\/\/reliquo.com\/gin-etna-70cl\/#primaryimage"},"image":{"@id":"https:\/\/reliquo.com\/gin-etna-70cl\/#primaryimage"},"thumbnailUrl":"https:\/\/reliquo.com\/wp-content\/uploads\/2024\/12\/Gin-Etna.png","datePublished":"2024-12-17T14:18:50+00:00","dateModified":"2026-03-19T08:34:06+00:00","description":"Entdecken Sie Gin Etna - 70cl bei Reliquo: garantierte Qualit\u00e4t, schnelle Lieferung und g\u00fcnstige Preise. Bestellen Sie jetzt und profitieren Sie von unseren exklusiven Angeboten.","breadcrumb":{"@id":"https:\/\/reliquo.com\/gin-etna-70cl\/#breadcrumb"},"inLanguage":"de","potentialAction":[{"@type":"ReadAction","target":["https:\/\/reliquo.com\/gin-etna-70cl\/"]}]},{"@type":"ImageObject","inLanguage":"de","@id":"https:\/\/reliquo.com\/gin-etna-70cl\/#primaryimage","url":"https:\/\/reliquo.com\/wp-content\/uploads\/2024\/12\/Gin-Etna.png","contentUrl":"https:\/\/reliquo.com\/wp-content\/uploads\/2024\/12\/Gin-Etna.png","width":2500,"height":2500,"caption":"Gin Etna \u2013 70cl"},{"@type":"BreadcrumbList","@id":"https:\/\/reliquo.com\/gin-etna-70cl\/#breadcrumb","itemListElement":[{"@type":"ListItem","position":1,"name":"Home","item":"http:\/\/reliquo.com\/it\/"},{"@type":"ListItem","position":2,"name":"Shop","item":"http:\/\/reliquo.com\/it\/shop\/"},{"@type":"ListItem","position":3,"name":"Gin Etna &#8211; 70cl"}]},{"@type":"WebSite","@id":"https:\/\/reliquo.com\/es\/#website","url":"https:\/\/reliquo.com\/es\/","name":"Reliquie","description":"Ihre Online-Weinhandlung: Entdecken Sie ausgezeichnete Weine, Spirituosen und Lik\u00f6re.","publisher":{"@id":"https:\/\/reliquo.com\/es\/#organization"},"potentialAction":[{"@type":"SearchAction","target":{"@type":"EntryPoint","urlTemplate":"https:\/\/reliquo.com\/es\/?s={search_term_string}"},"query-input":{"@type":"PropertyValueSpecification","valueRequired":true,"valueName":"search_term_string"}}],"inLanguage":"de"},{"@type":"Organization","@id":"https:\/\/reliquo.com\/es\/#organization","name":"Reliquie","url":"https:\/\/reliquo.com\/es\/","logo":{"@type":"ImageObject","inLanguage":"de","@id":"https:\/\/reliquo.com\/es\/#\/schema\/logo\/image\/","url":"https:\/\/reliquo.com\/wp-content\/uploads\/2024\/12\/cropped-favicon-1.png","contentUrl":"https:\/\/reliquo.com\/wp-content\/uploads\/2024\/12\/cropped-favicon-1.png","width":512,"height":512,"caption":"Reliquo"},"image":{"@id":"https:\/\/reliquo.com\/es\/#\/schema\/logo\/image\/"}}]}},"jetpack_sharing_enabled":true,"brands":[{"id":695,"name":"Destillerie Belfiore srl","slug":"brennerei-belfiore-srl"}],"_links":{"self":[{"href":"https:\/\/reliquo.com\/de\/wp-json\/wp\/v2\/product\/634","targetHints":{"allow":["GET"]}}],"collection":[{"href":"https:\/\/reliquo.com\/de\/wp-json\/wp\/v2\/product"}],"about":[{"href":"https:\/\/reliquo.com\/de\/wp-json\/wp\/v2\/types\/product"}],"wp:featuredmedia":[{"embeddable":true,"href":"https:\/\/reliquo.com\/de\/wp-json\/wp\/v2\/media\/68"}],"wp:attachment":[{"href":"https:\/\/reliquo.com\/de\/wp-json\/wp\/v2\/media?parent=634"}],"wp:term":[{"taxonomy":"pwb-brand","embeddable":true,"href":"https:\/\/reliquo.com\/de\/wp-json\/wp\/v2\/pwb-brand?post=634"},{"taxonomy":"product_brand","embeddable":true,"href":"https:\/\/reliquo.com\/de\/wp-json\/wp\/v2\/product_brand?post=634"},{"taxonomy":"product_cat","embeddable":true,"href":"https:\/\/reliquo.com\/de\/wp-json\/wp\/v2\/product_cat?post=634"},{"taxonomy":"product_tag","embeddable":true,"href":"https:\/\/reliquo.com\/de\/wp-json\/wp\/v2\/product_tag?post=634"}],"curies":[{"name":"wp","href":"https:\/\/api.w.org\/{rel}","templated":true}]}}