{"id":5007,"date":"2025-11-20T11:23:13","date_gmt":"2025-11-20T10:23:13","guid":{"rendered":"https:\/\/reliquo.com\/?post_type=product&#038;p=5007"},"modified":"2025-12-22T11:55:53","modified_gmt":"2025-12-22T10:55:53","slug":"fiasconaro-birne-und-schokolade-panettone-1kg","status":"publish","type":"product","link":"https:\/\/reliquo.com\/de\/panettone-pera-e-cioccolato-fiasconaro-1kg\/","title":{"rendered":"Fiasconaro Birne und Schokolade Panettone - 1kg"},"content":{"rendered":"<p>Handwerklich hergestellter Panettone\u00a0<strong>Fiasconaro<\/strong>, Sauerteig, angereichert mit\u00a0<strong>Schokoladensplitter und kandierte Birnen<\/strong>. \u00dcberzogen mit einer knusprigen wei\u00dfen Schokoladenglasur und Schokoladenkrokant. Die nat\u00fcrliche S\u00fc\u00dfe der Birnen macht diesen Panettone zum perfekten Dessert f\u00fcr den Abschluss einer Mahlzeit.<\/p>\n<p>Elegant von Hand verpackt.<\/p>\n<p>Im Jahr 1953, in\u00a0<strong>Castelbuono<\/strong>,\u00a0<strong>Mario Fiasconaro<\/strong>, er\u00f6ffnete er eine Eisdiele auf dem Platz im Stadtzentrum, nicht ahnend, dass dieses Caf\u00e9 kurz darauf, dank seiner Br\u00fcder und sp\u00e4ter, in den 1990er Jahren, auch dank seiner S\u00f6hne, zu dem weltbekannten Unternehmen werden w\u00fcrde, das Sizilien f\u00fcr seine hervorragenden Leistungen im Bereich der S\u00fc\u00dfwaren bekannt gemacht hat. Der Wendepunkt kam durch die Intuition von Nicola, einem begabten Konditormeister, der beschloss, die traditionellste S\u00fc\u00dfspeise Norditaliens, den\u00a0<strong>Panettone<\/strong>ein gro\u00dfer Erfolg, der das Schicksal des Unternehmens ver\u00e4nderte, das seither unaufh\u00f6rlich w\u00e4chst. Aber das es verstanden hat, sich selbst zu bleiben.<\/p>","protected":false},"excerpt":{"rendered":"<p>Panettone artigianale\u00a0Fiasconaro, a lievitazione naturale, arricchito con\u00a0gocce di cioccolato e pere candite. Ricoperto da una croccante glassa di cioccolato bianco [&hellip;]<\/p>\n","protected":false},"featured_media":5011,"template":"","meta":{"site-sidebar-layout":"default","site-content-layout":"","ast-site-content-layout":"default","site-content-style":"default","site-sidebar-style":"default","ast-global-header-display":"","ast-banner-title-visibility":"","ast-main-header-display":"","ast-hfb-above-header-display":"","ast-hfb-below-header-display":"","ast-hfb-mobile-header-display":"","site-post-title":"","ast-breadcrumbs-content":"","ast-featured-img":"","footer-sml-layout":"","ast-disable-related-posts":"","theme-transparent-header-meta":"default","adv-header-id-meta":"","stick-header-meta":"default","header-above-stick-meta":"","header-main-stick-meta":"","header-below-stick-meta":"","astra-migrate-meta-layouts":"set","ast-page-background-enabled":"default","ast-page-background-meta":{"desktop":{"background-color":"var(--ast-global-color-4)","background-image":"","background-repeat":"repeat","background-position":"center center","background-size":"auto","background-attachment":"scroll","background-type":"","background-media":"","overlay-type":"","overlay-color":"","overlay-opacity":"","overlay-gradient":""},"tablet":{"background-color":"","background-image":"","background-repeat":"repeat","background-position":"center center","background-size":"auto","background-attachment":"scroll","background-type":"","background-media":"","overlay-type":"","overlay-color":"","overlay-opacity":"","overlay-gradient":""},"mobile":{"background-color":"","background-image":"","background-repeat":"repeat","background-position":"center center","background-size":"auto","background-attachment":"scroll","background-type":"","background-media":"","overlay-type":"","overlay-color":"","overlay-opacity":"","overlay-gradient":""}},"ast-content-background-meta":{"desktop":{"background-color":"var(--ast-global-color-5)","background-image":"","background-repeat":"repeat","background-position":"center center","background-size":"auto","background-attachment":"scroll","background-type":"","background-media":"","overlay-type":"","overlay-color":"","overlay-opacity":"","overlay-gradient":""},"tablet":{"background-color":"var(--ast-global-color-5)","background-image":"","background-repeat":"repeat","background-position":"center center","background-size":"auto","background-attachment":"scroll","background-type":"","background-media":"","overlay-type":"","overlay-color":"","overlay-opacity":"","overlay-gradient":""},"mobile":{"background-color":"var(--ast-global-color-5)","background-image":"","background-repeat":"repeat","background-position":"center center","background-size":"auto","background-attachment":"scroll","background-type":"","background-media":"","overlay-type":"","overlay-color":"","overlay-opacity":"","overlay-gradient":""}}},"pwb-brand":[769],"product_brand":[],"product_cat":[770],"product_tag":[],"class_list":{"0":"post-5007","1":"product","2":"type-product","3":"status-publish","4":"has-post-thumbnail","6":"pwb-brand-fiasconaro","7":"product_cat-natale","8":"desktop-align-center","9":"tablet-align-center","10":"mobile-align-center","11":"ast-product-gallery-layout-horizontal-slider","12":"ast-product-gallery-with-no-image","13":"ast-magnify-disabled","14":"ast-product-tabs-layout-horizontal","15":"ast-qv-on-image","17":"first","18":"outofstock","19":"shipping-taxable","20":"purchasable","21":"product-type-simple"},"yoast_head":"<!-- This site is optimized with the Yoast SEO plugin v27.4 - https:\/\/yoast.com\/product\/yoast-seo-wordpress\/ -->\n<title>Panettone Pera e Cioccolato Fiasconaro - 1kg | Acquista Online su Reliquo<\/title>\n<meta name=\"description\" content=\"Scopri Panettone Pera e Cioccolato Fiasconaro - 1kg su Reliquo: qualit\u00e0 garantita, spedizioni rapide e prezzi competitivi. Ordina ora e approfitta delle nostre offerte esclusive.\" \/>\n<meta name=\"robots\" content=\"index, follow, max-snippet:-1, max-image-preview:large, max-video-preview:-1\" \/>\n<link rel=\"canonical\" href=\"http:\/\/reliquo.com\/de\/fiasconaro-birne-und-schokolade-panettone-1kg\/\" \/>\n<meta property=\"og:locale\" content=\"de_DE\" \/>\n<meta property=\"og:type\" content=\"article\" \/>\n<meta property=\"og:title\" content=\"Panettone Pera e Cioccolato Fiasconaro - 1kg | Acquista Online su Reliquo\" \/>\n<meta property=\"og:description\" content=\"Scopri Panettone Pera e Cioccolato Fiasconaro - 1kg su Reliquo: qualit\u00e0 garantita, spedizioni rapide e prezzi competitivi. Ordina ora e approfitta delle nostre offerte esclusive.\" \/>\n<meta property=\"og:url\" content=\"http:\/\/reliquo.com\/de\/fiasconaro-birne-und-schokolade-panettone-1kg\/\" \/>\n<meta property=\"og:site_name\" content=\"Reliquo\" \/>\n<meta property=\"article:modified_time\" content=\"2025-12-22T10:55:53+00:00\" \/>\n<meta property=\"og:image\" content=\"https:\/\/reliquo.com\/wp-content\/uploads\/2025\/11\/panettone_pera_e_cioccolato_fiasconaro_25.webp\" \/>\n\t<meta property=\"og:image:width\" content=\"1400\" \/>\n\t<meta property=\"og:image:height\" content=\"1400\" \/>\n\t<meta property=\"og:image:type\" content=\"image\/webp\" \/>\n<meta name=\"twitter:card\" content=\"summary_large_image\" \/>\n<meta name=\"twitter:label1\" content=\"Gesch\u00e4tzte Lesezeit\" \/>\n\t<meta name=\"twitter:data1\" content=\"2\u00a0Minuten\" \/>\n<script type=\"application\/ld+json\" class=\"yoast-schema-graph\">{\"@context\":\"https:\\\/\\\/schema.org\",\"@graph\":[{\"@type\":\"WebPage\",\"@id\":\"http:\\\/\\\/reliquo.com\\\/it\\\/panettone-pera-e-cioccolato-fiasconaro-1kg\\\/\",\"url\":\"http:\\\/\\\/reliquo.com\\\/it\\\/panettone-pera-e-cioccolato-fiasconaro-1kg\\\/\",\"name\":\"Panettone Pera e Cioccolato Fiasconaro - 1kg | Acquista Online su Reliquo\",\"isPartOf\":{\"@id\":\"https:\\\/\\\/reliquo.com\\\/es\\\/#website\"},\"primaryImageOfPage\":{\"@id\":\"http:\\\/\\\/reliquo.com\\\/it\\\/panettone-pera-e-cioccolato-fiasconaro-1kg\\\/#primaryimage\"},\"image\":{\"@id\":\"http:\\\/\\\/reliquo.com\\\/it\\\/panettone-pera-e-cioccolato-fiasconaro-1kg\\\/#primaryimage\"},\"thumbnailUrl\":\"https:\\\/\\\/reliquo.com\\\/wp-content\\\/uploads\\\/2025\\\/11\\\/panettone_pera_e_cioccolato_fiasconaro_25.webp\",\"datePublished\":\"2025-11-20T10:23:13+00:00\",\"dateModified\":\"2025-12-22T10:55:53+00:00\",\"description\":\"Scopri Panettone Pera e Cioccolato Fiasconaro - 1kg su Reliquo: qualit\u00e0 garantita, spedizioni rapide e prezzi competitivi. Ordina ora e approfitta delle nostre offerte esclusive.\",\"breadcrumb\":{\"@id\":\"http:\\\/\\\/reliquo.com\\\/it\\\/panettone-pera-e-cioccolato-fiasconaro-1kg\\\/#breadcrumb\"},\"inLanguage\":\"de\",\"potentialAction\":[{\"@type\":\"ReadAction\",\"target\":[\"http:\\\/\\\/reliquo.com\\\/it\\\/panettone-pera-e-cioccolato-fiasconaro-1kg\\\/\"]}]},{\"@type\":\"ImageObject\",\"inLanguage\":\"de\",\"@id\":\"http:\\\/\\\/reliquo.com\\\/it\\\/panettone-pera-e-cioccolato-fiasconaro-1kg\\\/#primaryimage\",\"url\":\"https:\\\/\\\/reliquo.com\\\/wp-content\\\/uploads\\\/2025\\\/11\\\/panettone_pera_e_cioccolato_fiasconaro_25.webp\",\"contentUrl\":\"https:\\\/\\\/reliquo.com\\\/wp-content\\\/uploads\\\/2025\\\/11\\\/panettone_pera_e_cioccolato_fiasconaro_25.webp\",\"width\":1400,\"height\":1400,\"caption\":\"Panettone Pera e Cioccolato Fiasconaro \u2013 1kg\"},{\"@type\":\"BreadcrumbList\",\"@id\":\"http:\\\/\\\/reliquo.com\\\/it\\\/panettone-pera-e-cioccolato-fiasconaro-1kg\\\/#breadcrumb\",\"itemListElement\":[{\"@type\":\"ListItem\",\"position\":1,\"name\":\"Home\",\"item\":\"http:\\\/\\\/reliquo.com\\\/it\\\/\"},{\"@type\":\"ListItem\",\"position\":2,\"name\":\"Shop\",\"item\":\"http:\\\/\\\/reliquo.com\\\/it\\\/shop\\\/\"},{\"@type\":\"ListItem\",\"position\":3,\"name\":\"Panettone Pera e Cioccolato Fiasconaro &#8211; 1kg\"}]},{\"@type\":\"WebSite\",\"@id\":\"https:\\\/\\\/reliquo.com\\\/es\\\/#website\",\"url\":\"https:\\\/\\\/reliquo.com\\\/es\\\/\",\"name\":\"Reliquo\",\"description\":\"La tua enoteca online: scopri vini, liquori e distillati d\u2019eccellenza.\",\"publisher\":{\"@id\":\"https:\\\/\\\/reliquo.com\\\/es\\\/#organization\"},\"potentialAction\":[{\"@type\":\"SearchAction\",\"target\":{\"@type\":\"EntryPoint\",\"urlTemplate\":\"https:\\\/\\\/reliquo.com\\\/es\\\/?s={search_term_string}\"},\"query-input\":{\"@type\":\"PropertyValueSpecification\",\"valueRequired\":true,\"valueName\":\"search_term_string\"}}],\"inLanguage\":\"de\"},{\"@type\":\"Organization\",\"@id\":\"https:\\\/\\\/reliquo.com\\\/es\\\/#organization\",\"name\":\"Reliquo\",\"url\":\"https:\\\/\\\/reliquo.com\\\/es\\\/\",\"logo\":{\"@type\":\"ImageObject\",\"inLanguage\":\"de\",\"@id\":\"https:\\\/\\\/reliquo.com\\\/es\\\/#\\\/schema\\\/logo\\\/image\\\/\",\"url\":\"https:\\\/\\\/reliquo.com\\\/wp-content\\\/uploads\\\/2024\\\/12\\\/cropped-favicon-1.png\",\"contentUrl\":\"https:\\\/\\\/reliquo.com\\\/wp-content\\\/uploads\\\/2024\\\/12\\\/cropped-favicon-1.png\",\"width\":512,\"height\":512,\"caption\":\"Reliquo\"},\"image\":{\"@id\":\"https:\\\/\\\/reliquo.com\\\/es\\\/#\\\/schema\\\/logo\\\/image\\\/\"}}]}<\/script>\n<!-- \/ Yoast SEO plugin. -->","yoast_head_json":{"title":"Fiasconaro Birne und Schokolade Panettone - 1kg | Online kaufen auf Reliquo","description":"Entdecken Sie Fiasconaro Birne und Schokolade Panettone - 1kg bei Reliquo: garantierte Qualit\u00e4t, schnelle Lieferung und g\u00fcnstige Preise. Bestellen Sie jetzt und profitieren Sie von unseren exklusiven Angeboten.","robots":{"index":"index","follow":"follow","max-snippet":"max-snippet:-1","max-image-preview":"max-image-preview:large","max-video-preview":"max-video-preview:-1"},"canonical":"http:\/\/reliquo.com\/de\/fiasconaro-birne-und-schokolade-panettone-1kg\/","og_locale":"de_DE","og_type":"article","og_title":"Panettone Pera e Cioccolato Fiasconaro - 1kg | Acquista Online su Reliquo","og_description":"Scopri Panettone Pera e Cioccolato Fiasconaro - 1kg su Reliquo: qualit\u00e0 garantita, spedizioni rapide e prezzi competitivi. Ordina ora e approfitta delle nostre offerte esclusive.","og_url":"http:\/\/reliquo.com\/de\/fiasconaro-birne-und-schokolade-panettone-1kg\/","og_site_name":"Reliquo","article_modified_time":"2025-12-22T10:55:53+00:00","og_image":[{"width":1400,"height":1400,"url":"https:\/\/reliquo.com\/wp-content\/uploads\/2025\/11\/panettone_pera_e_cioccolato_fiasconaro_25.webp","type":"image\/webp"}],"twitter_card":"summary_large_image","twitter_misc":{"Gesch\u00e4tzte Lesezeit":"2\u00a0Minuten"},"schema":{"@context":"https:\/\/schema.org","@graph":[{"@type":"WebPage","@id":"http:\/\/reliquo.com\/it\/panettone-pera-e-cioccolato-fiasconaro-1kg\/","url":"http:\/\/reliquo.com\/it\/panettone-pera-e-cioccolato-fiasconaro-1kg\/","name":"Fiasconaro Birne und Schokolade Panettone - 1kg | Online kaufen auf Reliquo","isPartOf":{"@id":"https:\/\/reliquo.com\/es\/#website"},"primaryImageOfPage":{"@id":"http:\/\/reliquo.com\/it\/panettone-pera-e-cioccolato-fiasconaro-1kg\/#primaryimage"},"image":{"@id":"http:\/\/reliquo.com\/it\/panettone-pera-e-cioccolato-fiasconaro-1kg\/#primaryimage"},"thumbnailUrl":"https:\/\/reliquo.com\/wp-content\/uploads\/2025\/11\/panettone_pera_e_cioccolato_fiasconaro_25.webp","datePublished":"2025-11-20T10:23:13+00:00","dateModified":"2025-12-22T10:55:53+00:00","description":"Entdecken Sie Fiasconaro Birne und Schokolade Panettone - 1kg bei Reliquo: garantierte Qualit\u00e4t, schnelle Lieferung und g\u00fcnstige Preise. Bestellen Sie jetzt und profitieren Sie von unseren exklusiven Angeboten.","breadcrumb":{"@id":"http:\/\/reliquo.com\/it\/panettone-pera-e-cioccolato-fiasconaro-1kg\/#breadcrumb"},"inLanguage":"de","potentialAction":[{"@type":"ReadAction","target":["http:\/\/reliquo.com\/it\/panettone-pera-e-cioccolato-fiasconaro-1kg\/"]}]},{"@type":"ImageObject","inLanguage":"de","@id":"http:\/\/reliquo.com\/it\/panettone-pera-e-cioccolato-fiasconaro-1kg\/#primaryimage","url":"https:\/\/reliquo.com\/wp-content\/uploads\/2025\/11\/panettone_pera_e_cioccolato_fiasconaro_25.webp","contentUrl":"https:\/\/reliquo.com\/wp-content\/uploads\/2025\/11\/panettone_pera_e_cioccolato_fiasconaro_25.webp","width":1400,"height":1400,"caption":"Panettone Pera e Cioccolato Fiasconaro \u2013 1kg"},{"@type":"BreadcrumbList","@id":"http:\/\/reliquo.com\/it\/panettone-pera-e-cioccolato-fiasconaro-1kg\/#breadcrumb","itemListElement":[{"@type":"ListItem","position":1,"name":"Home","item":"http:\/\/reliquo.com\/it\/"},{"@type":"ListItem","position":2,"name":"Shop","item":"http:\/\/reliquo.com\/it\/shop\/"},{"@type":"ListItem","position":3,"name":"Panettone Pera e Cioccolato Fiasconaro &#8211; 1kg"}]},{"@type":"WebSite","@id":"https:\/\/reliquo.com\/es\/#website","url":"https:\/\/reliquo.com\/es\/","name":"Reliquie","description":"Ihre Online-Weinhandlung: Entdecken Sie ausgezeichnete Weine, Spirituosen und Lik\u00f6re.","publisher":{"@id":"https:\/\/reliquo.com\/es\/#organization"},"potentialAction":[{"@type":"SearchAction","target":{"@type":"EntryPoint","urlTemplate":"https:\/\/reliquo.com\/es\/?s={search_term_string}"},"query-input":{"@type":"PropertyValueSpecification","valueRequired":true,"valueName":"search_term_string"}}],"inLanguage":"de"},{"@type":"Organization","@id":"https:\/\/reliquo.com\/es\/#organization","name":"Reliquie","url":"https:\/\/reliquo.com\/es\/","logo":{"@type":"ImageObject","inLanguage":"de","@id":"https:\/\/reliquo.com\/es\/#\/schema\/logo\/image\/","url":"https:\/\/reliquo.com\/wp-content\/uploads\/2024\/12\/cropped-favicon-1.png","contentUrl":"https:\/\/reliquo.com\/wp-content\/uploads\/2024\/12\/cropped-favicon-1.png","width":512,"height":512,"caption":"Reliquo"},"image":{"@id":"https:\/\/reliquo.com\/es\/#\/schema\/logo\/image\/"}}]}},"jetpack_sharing_enabled":true,"brands":[{"id":769,"name":"Fiasconaro","slug":"fiasconaro"}],"_links":{"self":[{"href":"https:\/\/reliquo.com\/de\/wp-json\/wp\/v2\/product\/5007","targetHints":{"allow":["GET"]}}],"collection":[{"href":"https:\/\/reliquo.com\/de\/wp-json\/wp\/v2\/product"}],"about":[{"href":"https:\/\/reliquo.com\/de\/wp-json\/wp\/v2\/types\/product"}],"wp:featuredmedia":[{"embeddable":true,"href":"https:\/\/reliquo.com\/de\/wp-json\/wp\/v2\/media\/5011"}],"wp:attachment":[{"href":"https:\/\/reliquo.com\/de\/wp-json\/wp\/v2\/media?parent=5007"}],"wp:term":[{"taxonomy":"pwb-brand","embeddable":true,"href":"https:\/\/reliquo.com\/de\/wp-json\/wp\/v2\/pwb-brand?post=5007"},{"taxonomy":"product_brand","embeddable":true,"href":"https:\/\/reliquo.com\/de\/wp-json\/wp\/v2\/product_brand?post=5007"},{"taxonomy":"product_cat","embeddable":true,"href":"https:\/\/reliquo.com\/de\/wp-json\/wp\/v2\/product_cat?post=5007"},{"taxonomy":"product_tag","embeddable":true,"href":"https:\/\/reliquo.com\/de\/wp-json\/wp\/v2\/product_tag?post=5007"}],"curies":[{"name":"wp","href":"https:\/\/api.w.org\/{rel}","templated":true}]}}