{"id":4137,"date":"2025-01-16T11:10:54","date_gmt":"2025-01-16T10:10:54","guid":{"rendered":"https:\/\/reliquo.com\/?post_type=product&#038;p=4137"},"modified":"2026-03-30T10:28:17","modified_gmt":"2026-03-30T08:28:17","slug":"schaumwein-ferrari-brut-kiste-ferrari-trento-75-cl","status":"publish","type":"product","link":"https:\/\/reliquo.com\/de\/vino-spumante-ferrari-brut-astuccio-ferrari-trento-75-cl\/","title":{"rendered":"Schaumwein Ferrari Brut Astuccio Ferrari Trento - 75cl"},"content":{"rendered":"<p>Sorgf\u00e4ltige Auswahl von Chardonnay-Trauben, die in der ersten Septemberh\u00e4lfte von Hand geerntet werden, Trentodoc mit gro\u00dfer Pers\u00f6nlichkeit, der sich durch Frische, Duft und Finesse auszeichnet und f\u00fcr die Gastronomie und die besten Szenelokale bestimmt ist.<\/p>","protected":false},"excerpt":{"rendered":"<p>Accurata selezione di sole uve Chardonnay, raccolte con vendemmia manuale prima met\u00e0 di settembre.Trentodoc di grande personalit\u00e0, si caratterizza per [&hellip;]<\/p>\n","protected":false},"featured_media":4261,"template":"","meta":{"site-sidebar-layout":"default","site-content-layout":"","ast-site-content-layout":"default","site-content-style":"default","site-sidebar-style":"default","ast-global-header-display":"","ast-banner-title-visibility":"","ast-main-header-display":"","ast-hfb-above-header-display":"","ast-hfb-below-header-display":"","ast-hfb-mobile-header-display":"","site-post-title":"","ast-breadcrumbs-content":"","ast-featured-img":"","footer-sml-layout":"","ast-disable-related-posts":"","theme-transparent-header-meta":"default","adv-header-id-meta":"","stick-header-meta":"default","header-above-stick-meta":"","header-main-stick-meta":"","header-below-stick-meta":"","astra-migrate-meta-layouts":"set","ast-page-background-enabled":"default","ast-page-background-meta":{"desktop":{"background-color":"var(--ast-global-color-4)","background-image":"","background-repeat":"repeat","background-position":"center center","background-size":"auto","background-attachment":"scroll","background-type":"","background-media":"","overlay-type":"","overlay-color":"","overlay-opacity":"","overlay-gradient":""},"tablet":{"background-color":"","background-image":"","background-repeat":"repeat","background-position":"center center","background-size":"auto","background-attachment":"scroll","background-type":"","background-media":"","overlay-type":"","overlay-color":"","overlay-opacity":"","overlay-gradient":""},"mobile":{"background-color":"","background-image":"","background-repeat":"repeat","background-position":"center center","background-size":"auto","background-attachment":"scroll","background-type":"","background-media":"","overlay-type":"","overlay-color":"","overlay-opacity":"","overlay-gradient":""}},"ast-content-background-meta":{"desktop":{"background-color":"var(--ast-global-color-5)","background-image":"","background-repeat":"repeat","background-position":"center center","background-size":"auto","background-attachment":"scroll","background-type":"","background-media":"","overlay-type":"","overlay-color":"","overlay-opacity":"","overlay-gradient":""},"tablet":{"background-color":"var(--ast-global-color-5)","background-image":"","background-repeat":"repeat","background-position":"center center","background-size":"auto","background-attachment":"scroll","background-type":"","background-media":"","overlay-type":"","overlay-color":"","overlay-opacity":"","overlay-gradient":""},"mobile":{"background-color":"var(--ast-global-color-5)","background-image":"","background-repeat":"repeat","background-position":"center center","background-size":"auto","background-attachment":"scroll","background-type":"","background-media":"","overlay-type":"","overlay-color":"","overlay-opacity":"","overlay-gradient":""}}},"pwb-brand":[705],"product_brand":[],"product_cat":[289],"product_tag":[438,418,440,431,441,413],"class_list":{"0":"post-4137","1":"product","2":"type-product","3":"status-publish","4":"has-post-thumbnail","6":"pwb-brand-ferrari-trento","7":"product_cat-spumanti","8":"product_tag-astuccio","9":"product_tag-brut","10":"product_tag-ferrari","11":"product_tag-magnum","12":"product_tag-maximum","13":"product_tag-spumante","14":"desktop-align-center","15":"tablet-align-center","16":"mobile-align-center","17":"ast-product-gallery-layout-horizontal-slider","18":"ast-product-gallery-with-no-image","19":"ast-magnify-disabled","20":"ast-product-tabs-layout-horizontal","21":"ast-qv-on-image","23":"first","24":"instock","25":"shipping-taxable","26":"purchasable","27":"product-type-simple"},"yoast_head":"<!-- This site is optimized with the Yoast SEO plugin v27.4 - https:\/\/yoast.com\/product\/yoast-seo-wordpress\/ -->\n<title>Vino Spumante Ferrari Brut Astuccio Ferrari Trento - 75cl | Acquista Online su Reliquo<\/title>\n<meta name=\"description\" content=\"Scopri Vino Spumante Ferrari Brut Astuccio Ferrari Trento - 75cl su Reliquo: qualit\u00e0 garantita, spedizioni rapide e prezzi competitivi. Ordina ora e approfitta delle nostre offerte esclusive.\" \/>\n<meta name=\"robots\" content=\"index, follow, max-snippet:-1, max-image-preview:large, max-video-preview:-1\" \/>\n<link rel=\"canonical\" href=\"https:\/\/reliquo.com\/de\/schaumwein-ferrari-brut-kiste-ferrari-trento-75-cl\/\" \/>\n<meta property=\"og:locale\" content=\"de_DE\" \/>\n<meta property=\"og:type\" content=\"article\" \/>\n<meta property=\"og:title\" content=\"Vino Spumante Ferrari Brut Astuccio Ferrari Trento - 75cl | Acquista Online su Reliquo\" \/>\n<meta property=\"og:description\" content=\"Scopri Vino Spumante Ferrari Brut Astuccio Ferrari Trento - 75cl su Reliquo: qualit\u00e0 garantita, spedizioni rapide e prezzi competitivi. Ordina ora e approfitta delle nostre offerte esclusive.\" \/>\n<meta property=\"og:url\" content=\"https:\/\/reliquo.com\/de\/schaumwein-ferrari-brut-kiste-ferrari-trento-75-cl\/\" \/>\n<meta property=\"og:site_name\" content=\"Reliquo\" \/>\n<meta property=\"article:modified_time\" content=\"2026-03-30T08:28:17+00:00\" \/>\n<meta property=\"og:image\" content=\"https:\/\/reliquo.com\/wp-content\/uploads\/2025\/01\/Vino-Spumante-Ferrari-Brut-Astuccio-\u2013-Ferrari-Trento-\u2013-75-cl-1024x1024.png\" \/>\n\t<meta property=\"og:image:width\" content=\"1024\" \/>\n\t<meta property=\"og:image:height\" content=\"1024\" \/>\n\t<meta property=\"og:image:type\" content=\"image\/png\" \/>\n<meta name=\"twitter:card\" content=\"summary_large_image\" \/>\n<meta name=\"twitter:label1\" content=\"Gesch\u00e4tzte Lesezeit\" \/>\n\t<meta name=\"twitter:data1\" content=\"1\u00a0Minute\" \/>\n<script type=\"application\/ld+json\" class=\"yoast-schema-graph\">{\"@context\":\"https:\\\/\\\/schema.org\",\"@graph\":[{\"@type\":\"WebPage\",\"@id\":\"https:\\\/\\\/reliquo.com\\\/vino-spumante-ferrari-brut-astuccio-ferrari-trento-75-cl\\\/\",\"url\":\"https:\\\/\\\/reliquo.com\\\/vino-spumante-ferrari-brut-astuccio-ferrari-trento-75-cl\\\/\",\"name\":\"Vino Spumante Ferrari Brut Astuccio Ferrari Trento - 75cl | Acquista Online su Reliquo\",\"isPartOf\":{\"@id\":\"https:\\\/\\\/reliquo.com\\\/es\\\/#website\"},\"primaryImageOfPage\":{\"@id\":\"https:\\\/\\\/reliquo.com\\\/vino-spumante-ferrari-brut-astuccio-ferrari-trento-75-cl\\\/#primaryimage\"},\"image\":{\"@id\":\"https:\\\/\\\/reliquo.com\\\/vino-spumante-ferrari-brut-astuccio-ferrari-trento-75-cl\\\/#primaryimage\"},\"thumbnailUrl\":\"https:\\\/\\\/reliquo.com\\\/wp-content\\\/uploads\\\/2025\\\/01\\\/Vino-Spumante-Ferrari-Brut-Astuccio-\u2013-Ferrari-Trento-\u2013-75-cl.png\",\"datePublished\":\"2025-01-16T10:10:54+00:00\",\"dateModified\":\"2026-03-30T08:28:17+00:00\",\"description\":\"Scopri Vino Spumante Ferrari Brut Astuccio Ferrari Trento - 75cl su Reliquo: qualit\u00e0 garantita, spedizioni rapide e prezzi competitivi. Ordina ora e approfitta delle nostre offerte esclusive.\",\"breadcrumb\":{\"@id\":\"https:\\\/\\\/reliquo.com\\\/vino-spumante-ferrari-brut-astuccio-ferrari-trento-75-cl\\\/#breadcrumb\"},\"inLanguage\":\"de\",\"potentialAction\":[{\"@type\":\"ReadAction\",\"target\":[\"https:\\\/\\\/reliquo.com\\\/vino-spumante-ferrari-brut-astuccio-ferrari-trento-75-cl\\\/\"]}]},{\"@type\":\"ImageObject\",\"inLanguage\":\"de\",\"@id\":\"https:\\\/\\\/reliquo.com\\\/vino-spumante-ferrari-brut-astuccio-ferrari-trento-75-cl\\\/#primaryimage\",\"url\":\"https:\\\/\\\/reliquo.com\\\/wp-content\\\/uploads\\\/2025\\\/01\\\/Vino-Spumante-Ferrari-Brut-Astuccio-\u2013-Ferrari-Trento-\u2013-75-cl.png\",\"contentUrl\":\"https:\\\/\\\/reliquo.com\\\/wp-content\\\/uploads\\\/2025\\\/01\\\/Vino-Spumante-Ferrari-Brut-Astuccio-\u2013-Ferrari-Trento-\u2013-75-cl.png\",\"width\":3024,\"height\":3024,\"caption\":\"Vino Spumante Ferrari Brut Astuccio Ferrari Trento \u2013 75cl\"},{\"@type\":\"BreadcrumbList\",\"@id\":\"https:\\\/\\\/reliquo.com\\\/vino-spumante-ferrari-brut-astuccio-ferrari-trento-75-cl\\\/#breadcrumb\",\"itemListElement\":[{\"@type\":\"ListItem\",\"position\":1,\"name\":\"Home\",\"item\":\"http:\\\/\\\/reliquo.com\\\/it\\\/\"},{\"@type\":\"ListItem\",\"position\":2,\"name\":\"Shop\",\"item\":\"http:\\\/\\\/reliquo.com\\\/it\\\/shop\\\/\"},{\"@type\":\"ListItem\",\"position\":3,\"name\":\"Vino Spumante Ferrari Brut Astuccio Ferrari Trento &#8211; 75cl\"}]},{\"@type\":\"WebSite\",\"@id\":\"https:\\\/\\\/reliquo.com\\\/es\\\/#website\",\"url\":\"https:\\\/\\\/reliquo.com\\\/es\\\/\",\"name\":\"Reliquo\",\"description\":\"La tua enoteca online: scopri vini, liquori e distillati d\u2019eccellenza.\",\"publisher\":{\"@id\":\"https:\\\/\\\/reliquo.com\\\/es\\\/#organization\"},\"potentialAction\":[{\"@type\":\"SearchAction\",\"target\":{\"@type\":\"EntryPoint\",\"urlTemplate\":\"https:\\\/\\\/reliquo.com\\\/es\\\/?s={search_term_string}\"},\"query-input\":{\"@type\":\"PropertyValueSpecification\",\"valueRequired\":true,\"valueName\":\"search_term_string\"}}],\"inLanguage\":\"de\"},{\"@type\":\"Organization\",\"@id\":\"https:\\\/\\\/reliquo.com\\\/es\\\/#organization\",\"name\":\"Reliquo\",\"url\":\"https:\\\/\\\/reliquo.com\\\/es\\\/\",\"logo\":{\"@type\":\"ImageObject\",\"inLanguage\":\"de\",\"@id\":\"https:\\\/\\\/reliquo.com\\\/es\\\/#\\\/schema\\\/logo\\\/image\\\/\",\"url\":\"https:\\\/\\\/reliquo.com\\\/wp-content\\\/uploads\\\/2024\\\/12\\\/cropped-favicon-1.png\",\"contentUrl\":\"https:\\\/\\\/reliquo.com\\\/wp-content\\\/uploads\\\/2024\\\/12\\\/cropped-favicon-1.png\",\"width\":512,\"height\":512,\"caption\":\"Reliquo\"},\"image\":{\"@id\":\"https:\\\/\\\/reliquo.com\\\/es\\\/#\\\/schema\\\/logo\\\/image\\\/\"}}]}<\/script>\n<!-- \/ Yoast SEO plugin. -->","yoast_head_json":{"title":"Vino Spumante Ferrari Brut Astuccio Ferrari Trento - 75cl | Acquista Online su Reliquo","description":"Scopri Vino Spumante Ferrari Brut Astuccio Ferrari Trento - 75cl su Reliquo: qualit\u00e0 garantita, spedizioni rapide e prezzi competitivi. Ordina ora e approfitta delle nostre offerte esclusive.","robots":{"index":"index","follow":"follow","max-snippet":"max-snippet:-1","max-image-preview":"max-image-preview:large","max-video-preview":"max-video-preview:-1"},"canonical":"https:\/\/reliquo.com\/de\/schaumwein-ferrari-brut-kiste-ferrari-trento-75-cl\/","og_locale":"de_DE","og_type":"article","og_title":"Vino Spumante Ferrari Brut Astuccio Ferrari Trento - 75cl | Acquista Online su Reliquo","og_description":"Scopri Vino Spumante Ferrari Brut Astuccio Ferrari Trento - 75cl su Reliquo: qualit\u00e0 garantita, spedizioni rapide e prezzi competitivi. Ordina ora e approfitta delle nostre offerte esclusive.","og_url":"https:\/\/reliquo.com\/de\/schaumwein-ferrari-brut-kiste-ferrari-trento-75-cl\/","og_site_name":"Reliquo","article_modified_time":"2026-03-30T08:28:17+00:00","og_image":[{"width":1024,"height":1024,"url":"https:\/\/reliquo.com\/wp-content\/uploads\/2025\/01\/Vino-Spumante-Ferrari-Brut-Astuccio-\u2013-Ferrari-Trento-\u2013-75-cl-1024x1024.png","type":"image\/png"}],"twitter_card":"summary_large_image","twitter_misc":{"Gesch\u00e4tzte Lesezeit":"1\u00a0Minute"},"schema":{"@context":"https:\/\/schema.org","@graph":[{"@type":"WebPage","@id":"https:\/\/reliquo.com\/vino-spumante-ferrari-brut-astuccio-ferrari-trento-75-cl\/","url":"https:\/\/reliquo.com\/vino-spumante-ferrari-brut-astuccio-ferrari-trento-75-cl\/","name":"Vino Spumante Ferrari Brut Astuccio Ferrari Trento - 75cl | Acquista Online su Reliquo","isPartOf":{"@id":"https:\/\/reliquo.com\/es\/#website"},"primaryImageOfPage":{"@id":"https:\/\/reliquo.com\/vino-spumante-ferrari-brut-astuccio-ferrari-trento-75-cl\/#primaryimage"},"image":{"@id":"https:\/\/reliquo.com\/vino-spumante-ferrari-brut-astuccio-ferrari-trento-75-cl\/#primaryimage"},"thumbnailUrl":"https:\/\/reliquo.com\/wp-content\/uploads\/2025\/01\/Vino-Spumante-Ferrari-Brut-Astuccio-\u2013-Ferrari-Trento-\u2013-75-cl.png","datePublished":"2025-01-16T10:10:54+00:00","dateModified":"2026-03-30T08:28:17+00:00","description":"Scopri Vino Spumante Ferrari Brut Astuccio Ferrari Trento - 75cl su Reliquo: qualit\u00e0 garantita, spedizioni rapide e prezzi competitivi. Ordina ora e approfitta delle nostre offerte esclusive.","breadcrumb":{"@id":"https:\/\/reliquo.com\/vino-spumante-ferrari-brut-astuccio-ferrari-trento-75-cl\/#breadcrumb"},"inLanguage":"de","potentialAction":[{"@type":"ReadAction","target":["https:\/\/reliquo.com\/vino-spumante-ferrari-brut-astuccio-ferrari-trento-75-cl\/"]}]},{"@type":"ImageObject","inLanguage":"de","@id":"https:\/\/reliquo.com\/vino-spumante-ferrari-brut-astuccio-ferrari-trento-75-cl\/#primaryimage","url":"https:\/\/reliquo.com\/wp-content\/uploads\/2025\/01\/Vino-Spumante-Ferrari-Brut-Astuccio-\u2013-Ferrari-Trento-\u2013-75-cl.png","contentUrl":"https:\/\/reliquo.com\/wp-content\/uploads\/2025\/01\/Vino-Spumante-Ferrari-Brut-Astuccio-\u2013-Ferrari-Trento-\u2013-75-cl.png","width":3024,"height":3024,"caption":"Vino Spumante Ferrari Brut Astuccio Ferrari Trento \u2013 75cl"},{"@type":"BreadcrumbList","@id":"https:\/\/reliquo.com\/vino-spumante-ferrari-brut-astuccio-ferrari-trento-75-cl\/#breadcrumb","itemListElement":[{"@type":"ListItem","position":1,"name":"Home","item":"http:\/\/reliquo.com\/it\/"},{"@type":"ListItem","position":2,"name":"Shop","item":"http:\/\/reliquo.com\/it\/shop\/"},{"@type":"ListItem","position":3,"name":"Vino Spumante Ferrari Brut Astuccio Ferrari Trento &#8211; 75cl"}]},{"@type":"WebSite","@id":"https:\/\/reliquo.com\/es\/#website","url":"https:\/\/reliquo.com\/es\/","name":"Reliquie","description":"Ihre Online-Weinhandlung: Entdecken Sie ausgezeichnete Weine, Spirituosen und Lik\u00f6re.","publisher":{"@id":"https:\/\/reliquo.com\/es\/#organization"},"potentialAction":[{"@type":"SearchAction","target":{"@type":"EntryPoint","urlTemplate":"https:\/\/reliquo.com\/es\/?s={search_term_string}"},"query-input":{"@type":"PropertyValueSpecification","valueRequired":true,"valueName":"search_term_string"}}],"inLanguage":"de"},{"@type":"Organization","@id":"https:\/\/reliquo.com\/es\/#organization","name":"Reliquie","url":"https:\/\/reliquo.com\/es\/","logo":{"@type":"ImageObject","inLanguage":"de","@id":"https:\/\/reliquo.com\/es\/#\/schema\/logo\/image\/","url":"https:\/\/reliquo.com\/wp-content\/uploads\/2024\/12\/cropped-favicon-1.png","contentUrl":"https:\/\/reliquo.com\/wp-content\/uploads\/2024\/12\/cropped-favicon-1.png","width":512,"height":512,"caption":"Reliquo"},"image":{"@id":"https:\/\/reliquo.com\/es\/#\/schema\/logo\/image\/"}}]}},"jetpack_sharing_enabled":true,"brands":[{"id":705,"name":"Ferrari Trient","slug":"ferrari-trento"}],"_links":{"self":[{"href":"https:\/\/reliquo.com\/de\/wp-json\/wp\/v2\/product\/4137","targetHints":{"allow":["GET"]}}],"collection":[{"href":"https:\/\/reliquo.com\/de\/wp-json\/wp\/v2\/product"}],"about":[{"href":"https:\/\/reliquo.com\/de\/wp-json\/wp\/v2\/types\/product"}],"wp:featuredmedia":[{"embeddable":true,"href":"https:\/\/reliquo.com\/de\/wp-json\/wp\/v2\/media\/4261"}],"wp:attachment":[{"href":"https:\/\/reliquo.com\/de\/wp-json\/wp\/v2\/media?parent=4137"}],"wp:term":[{"taxonomy":"pwb-brand","embeddable":true,"href":"https:\/\/reliquo.com\/de\/wp-json\/wp\/v2\/pwb-brand?post=4137"},{"taxonomy":"product_brand","embeddable":true,"href":"https:\/\/reliquo.com\/de\/wp-json\/wp\/v2\/product_brand?post=4137"},{"taxonomy":"product_cat","embeddable":true,"href":"https:\/\/reliquo.com\/de\/wp-json\/wp\/v2\/product_cat?post=4137"},{"taxonomy":"product_tag","embeddable":true,"href":"https:\/\/reliquo.com\/de\/wp-json\/wp\/v2\/product_tag?post=4137"}],"curies":[{"name":"wp","href":"https:\/\/api.w.org\/{rel}","templated":true}]}}